{"id":18434,"date":"2025-12-04T15:37:26","date_gmt":"2025-12-04T20:37:26","guid":{"rendered":"https:\/\/eiaschum.ca\/accueil\/contactez-nous-relations-medias\/"},"modified":"2025-12-11T15:02:10","modified_gmt":"2025-12-11T20:02:10","slug":"contact-us-media-relations","status":"publish","type":"page","link":"https:\/\/eiaschum.ca\/en\/accueil\/contact-us-media-relations\/","title":{"rendered":"Contact us (media relations)"},"content":{"rendered":"<h2 data-start=\"232\" data-end=\"266\"><strong data-start=\"232\" data-end=\"264\">Contact us (media relations)<\/strong><\/h2>\n<p data-start=\"268\" data-end=\"379\">Media representatives are invited to submit their interview requests directly to the <a href=\"https:\/\/www.chumontreal.qc.ca\/actualites\/relations-medias-organisation-devenements\">CHUM media relations team<\/a>.<\/p>\n","protected":false},"excerpt":{"rendered":"<p>Contact us (media relations) Media representatives are invited to submit their interview requests directly to the CHUM media relations team.<\/p>\n","protected":false},"author":19,"featured_media":0,"parent":3710,"menu_order":0,"comment_status":"closed","ping_status":"closed","template":"","meta":{"footnotes":""},"class_list":["post-18434","page","type-page","status-publish","hentry"],"yoast_head":"<!-- This site is optimized with the Yoast SEO plugin v26.4 - https:\/\/yoast.com\/wordpress\/plugins\/seo\/ -->\n<title>Contact us (media relations) - \u00c9cole de l&#039;intelligence artificielle en sant\u00e9<\/title>\n<meta name=\"description\" content=\"Les repr\u00e9sentants des m\u00e9dias sont invit\u00e9s \u00e0 formuler leurs demandes d&#039;entrevues aux repr\u00e9sentants m\u00e9dias du CHUM directement.\" \/>\n<meta name=\"robots\" content=\"index, follow, max-snippet:-1, max-image-preview:large, max-video-preview:-1\" \/>\n<link rel=\"canonical\" href=\"https:\/\/eiaschum.ca\/en\/accueil\/contact-us-media-relations\/\" \/>\n<meta property=\"og:locale\" content=\"en_US\" \/>\n<meta property=\"og:type\" content=\"article\" \/>\n<meta property=\"og:title\" content=\"Contact us (media relations) - \u00c9cole de l&#039;intelligence artificielle en sant\u00e9\" \/>\n<meta property=\"og:description\" content=\"Les repr\u00e9sentants des m\u00e9dias sont invit\u00e9s \u00e0 formuler leurs demandes d&#039;entrevues aux repr\u00e9sentants m\u00e9dias du CHUM directement.\" \/>\n<meta property=\"og:url\" content=\"https:\/\/eiaschum.ca\/en\/accueil\/contact-us-media-relations\/\" \/>\n<meta property=\"og:site_name\" content=\"\u00c9cole de l&#039;intelligence artificielle en sant\u00e9\" \/>\n<meta property=\"article:modified_time\" content=\"2025-12-11T20:02:10+00:00\" \/>\n<meta name=\"twitter:card\" content=\"summary_large_image\" \/>\n<meta name=\"twitter:label1\" content=\"Est. reading time\" \/>\n\t<meta name=\"twitter:data1\" content=\"1 minute\" \/>\n<script type=\"application\/ld+json\" class=\"yoast-schema-graph\">{\"@context\":\"https:\/\/schema.org\",\"@graph\":[{\"@type\":\"WebPage\",\"@id\":\"https:\/\/eiaschum.ca\/en\/accueil\/contact-us-media-relations\/\",\"url\":\"https:\/\/eiaschum.ca\/en\/accueil\/contact-us-media-relations\/\",\"name\":\"Contact us (media relations) - \u00c9cole de l&#039;intelligence artificielle en sant\u00e9\",\"isPartOf\":{\"@id\":\"https:\/\/eiaschum.ca\/#website\"},\"datePublished\":\"2025-12-04T20:37:26+00:00\",\"dateModified\":\"2025-12-11T20:02:10+00:00\",\"description\":\"Les repr\u00e9sentants des m\u00e9dias sont invit\u00e9s \u00e0 formuler leurs demandes d'entrevues aux repr\u00e9sentants m\u00e9dias du CHUM directement.\",\"breadcrumb\":{\"@id\":\"https:\/\/eiaschum.ca\/en\/accueil\/contact-us-media-relations\/#breadcrumb\"},\"inLanguage\":\"en-US\",\"potentialAction\":[{\"@type\":\"ReadAction\",\"target\":[\"https:\/\/eiaschum.ca\/en\/accueil\/contact-us-media-relations\/\"]}]},{\"@type\":\"BreadcrumbList\",\"@id\":\"https:\/\/eiaschum.ca\/en\/accueil\/contact-us-media-relations\/#breadcrumb\",\"itemListElement\":[{\"@type\":\"ListItem\",\"position\":1,\"name\":\"Accueil\",\"item\":\"https:\/\/eiaschum.ca\/en\/\"},{\"@type\":\"ListItem\",\"position\":2,\"name\":\"Home\",\"item\":\"https:\/\/eiaschum.ca\/en\/\"},{\"@type\":\"ListItem\",\"position\":3,\"name\":\"Contact us (media relations)\"}]},{\"@type\":\"WebSite\",\"@id\":\"https:\/\/eiaschum.ca\/#website\",\"url\":\"https:\/\/eiaschum.ca\/\",\"name\":\"\u00c9cole de l&#039;intelligence artificielle en sant\u00e9\",\"description\":\"\u00c9cole de l&#039;intelligence artificielle en sant\u00e9\",\"potentialAction\":[{\"@type\":\"SearchAction\",\"target\":{\"@type\":\"EntryPoint\",\"urlTemplate\":\"https:\/\/eiaschum.ca\/?s={search_term_string}\"},\"query-input\":{\"@type\":\"PropertyValueSpecification\",\"valueRequired\":true,\"valueName\":\"search_term_string\"}}],\"inLanguage\":\"en-US\"}]}<\/script>\n<!-- \/ Yoast SEO plugin. -->","yoast_head_json":{"title":"Contact us (media relations) - \u00c9cole de l&#039;intelligence artificielle en sant\u00e9","description":"Les repr\u00e9sentants des m\u00e9dias sont invit\u00e9s \u00e0 formuler leurs demandes d'entrevues aux repr\u00e9sentants m\u00e9dias du CHUM directement.","robots":{"index":"index","follow":"follow","max-snippet":"max-snippet:-1","max-image-preview":"max-image-preview:large","max-video-preview":"max-video-preview:-1"},"canonical":"https:\/\/eiaschum.ca\/en\/accueil\/contact-us-media-relations\/","og_locale":"en_US","og_type":"article","og_title":"Contact us (media relations) - \u00c9cole de l&#039;intelligence artificielle en sant\u00e9","og_description":"Les repr\u00e9sentants des m\u00e9dias sont invit\u00e9s \u00e0 formuler leurs demandes d'entrevues aux repr\u00e9sentants m\u00e9dias du CHUM directement.","og_url":"https:\/\/eiaschum.ca\/en\/accueil\/contact-us-media-relations\/","og_site_name":"\u00c9cole de l&#039;intelligence artificielle en sant\u00e9","article_modified_time":"2025-12-11T20:02:10+00:00","twitter_card":"summary_large_image","twitter_misc":{"Est. reading time":"1 minute"},"schema":{"@context":"https:\/\/schema.org","@graph":[{"@type":"WebPage","@id":"https:\/\/eiaschum.ca\/en\/accueil\/contact-us-media-relations\/","url":"https:\/\/eiaschum.ca\/en\/accueil\/contact-us-media-relations\/","name":"Contact us (media relations) - \u00c9cole de l&#039;intelligence artificielle en sant\u00e9","isPartOf":{"@id":"https:\/\/eiaschum.ca\/#website"},"datePublished":"2025-12-04T20:37:26+00:00","dateModified":"2025-12-11T20:02:10+00:00","description":"Les repr\u00e9sentants des m\u00e9dias sont invit\u00e9s \u00e0 formuler leurs demandes d'entrevues aux repr\u00e9sentants m\u00e9dias du CHUM directement.","breadcrumb":{"@id":"https:\/\/eiaschum.ca\/en\/accueil\/contact-us-media-relations\/#breadcrumb"},"inLanguage":"en-US","potentialAction":[{"@type":"ReadAction","target":["https:\/\/eiaschum.ca\/en\/accueil\/contact-us-media-relations\/"]}]},{"@type":"BreadcrumbList","@id":"https:\/\/eiaschum.ca\/en\/accueil\/contact-us-media-relations\/#breadcrumb","itemListElement":[{"@type":"ListItem","position":1,"name":"Accueil","item":"https:\/\/eiaschum.ca\/en\/"},{"@type":"ListItem","position":2,"name":"Home","item":"https:\/\/eiaschum.ca\/en\/"},{"@type":"ListItem","position":3,"name":"Contact us (media relations)"}]},{"@type":"WebSite","@id":"https:\/\/eiaschum.ca\/#website","url":"https:\/\/eiaschum.ca\/","name":"\u00c9cole de l&#039;intelligence artificielle en sant\u00e9","description":"\u00c9cole de l&#039;intelligence artificielle en sant\u00e9","potentialAction":[{"@type":"SearchAction","target":{"@type":"EntryPoint","urlTemplate":"https:\/\/eiaschum.ca\/?s={search_term_string}"},"query-input":{"@type":"PropertyValueSpecification","valueRequired":true,"valueName":"search_term_string"}}],"inLanguage":"en-US"}]}},"_links":{"self":[{"href":"https:\/\/eiaschum.ca\/en\/wp-json\/wp\/v2\/pages\/18434","targetHints":{"allow":["GET"]}}],"collection":[{"href":"https:\/\/eiaschum.ca\/en\/wp-json\/wp\/v2\/pages"}],"about":[{"href":"https:\/\/eiaschum.ca\/en\/wp-json\/wp\/v2\/types\/page"}],"author":[{"embeddable":true,"href":"https:\/\/eiaschum.ca\/en\/wp-json\/wp\/v2\/users\/19"}],"replies":[{"embeddable":true,"href":"https:\/\/eiaschum.ca\/en\/wp-json\/wp\/v2\/comments?post=18434"}],"version-history":[{"count":4,"href":"https:\/\/eiaschum.ca\/en\/wp-json\/wp\/v2\/pages\/18434\/revisions"}],"predecessor-version":[{"id":18440,"href":"https:\/\/eiaschum.ca\/en\/wp-json\/wp\/v2\/pages\/18434\/revisions\/18440"}],"up":[{"embeddable":true,"href":"https:\/\/eiaschum.ca\/en\/wp-json\/wp\/v2\/pages\/3710"}],"wp:attachment":[{"href":"https:\/\/eiaschum.ca\/en\/wp-json\/wp\/v2\/media?parent=18434"}],"curies":[{"name":"wp","href":"https:\/\/api.w.org\/{rel}","templated":true}]}}