{"id":3710,"date":"2019-05-03T19:02:54","date_gmt":"2019-05-03T19:02:54","guid":{"rendered":"http:\/\/devservicesenligne.ca\/accueil\/"},"modified":"2022-10-04T13:08:14","modified_gmt":"2022-10-04T17:08:14","slug":"accueil","status":"publish","type":"page","link":"https:\/\/eiaschum.ca\/en\/","title":{"rendered":"Home"},"content":{"rendered":"<section class=\"wpb-content-wrapper\">[mk_page_section bg_color=&#8221;#ffffff&#8221; bg_position=&#8221;center center&#8221; bg_repeat=&#8221;no-repeat&#8221; bg_stretch=&#8221;true&#8221; min_height=&#8221;0&#8243; full_width=&#8221;true&#8221; padding_top=&#8221;0&#8243; padding_bottom=&#8221;0&#8243; visibility=&#8221;hidden-sm&#8221; sidebar=&#8221;sidebar-1&#8243;][vc_column][mk_revslider id=&#8221;home-v3&#8243;][\/vc_column][\/mk_page_section][vc_row fullwidth=&#8221;true&#8221; visibility=&#8221;visible-sm&#8221;][vc_column][mk_revslider id=&#8221;home-mobile-v4&#8243;][\/vc_column][\/vc_row][mk_page_section bg_color=&#8221;#ffffff&#8221; bg_position=&#8221;center center&#8221; bg_repeat=&#8221;no-repeat&#8221; bg_stretch=&#8221;true&#8221; min_height=&#8221;0&#8243; padding_top=&#8221;0&#8243; padding_bottom=&#8221;0&#8243; sidebar=&#8221;sidebar-1&#8243;][vc_column][vc_empty_space height=&#8221;50px&#8221;][vc_raw_html css=&#8221;.vc_custom_1645825134793{margin-bottom: 0px !important;border-bottom-width: 0px !important;padding-bottom: 0px !important;}&#8221;]JTNDaDElMjBzdHlsZSUzRCUyMmNvbG9yJTNBJTIzMTExMTExJTNCJTIyJTNFVGhlJTIwQ0hVTSUyMFNjaG9vbCUyMG9mJTIwQXJ0aWZpY2lhbCUyMEludGVsbGlnZW5jZSUyMGluJTIwSGVhbHRoY2FyZSUyMCUyOFNBSUglMjklM0MlMkZoMSUzRSUwQSUwQSUzQ3AlMjBzdHlsZSUzRCUyMnRleHQtYWxpZ24lM0ElMjBsZWZ0JTNCJTIyJTNFVGhlJTIwU2Nob29sJTIwb2YlMjBBcnRpZmljaWFsJTIwSW50ZWxsaWdlbmNlJTIwaW4lMjBIZWFsdGhjYXJlJTIwc3VwcG9ydHMlMjBjdXJyZW50JTIwYW5kJTIwbmV4dC1nZW5lcmF0aW9uJTIwaGVhbHRoY2FyZSUyMHByb2Zlc3Npb25hbHMlMjBhbmQlMjBzdGFrZWhvbGRlcnMuJTIwTGF1bmNoZWQlMjBpbiUyMDIwMTglMkMlMjBpdCUyMGlzJTIwdGhlJTIwZmlyc3QlMjBvZiUyMGl0cyUyMGtpbmQlMjB0byUyMGZvY3VzJTIwb24lMjB0aGUlMjBkZXZlbG9wbWVudCUyMG9mJTIwaHVtYW4lMjBjYXBhY2l0aWVzJTIwYW5kJTIwdGhlJTIwaW1wbGVtZW50YXRpb24lMjBvZiUyMEFJJTIwaW4lMjBhJTIwcmVhbCUyMGhlYWx0aCUyMGVudmlyb25tZW50JTJDJTIwZXRoaWNhbGx5JTIwYW5kJTIwcmVzcG9uc2libHklMkMlMjB0byUyMGltcHJvdmUlMjB0aGUlMjBoZWFsdGglMjBvZiUyMHRoZSUyMHBvcHVsYXRpb24uJTNDJTJGcCUzRSUwQSUwQSUzQ3AlMjBzdHlsZSUzRCUyMnRleHQtYWxpZ24lM0ElMjBsZWZ0JTNCJTIyJTNFV2UlMjBhcmUlMjBtdWNoJTIwbW9yZSUyMHRoYW4lMjBqdXN0JTIwYSUyMHNjaG9vbCUyQyUyMHRoZSUyMFNBSUglMjBicmlkZ2VzJTIwdGhlJTIwZ2FwJTIwYmV0d2VlbiUyMGhlYWx0aGNhcmUlMjBwcm9mZXNzaW9uYWxzJTIwYW5kJTIwdGhlJTIwQUklMjBzZWN0b3IuJTNDJTJGcCUzRQ==[\/vc_raw_html][vc_empty_space height=&#8221;25px&#8221;][\/vc_column][\/mk_page_section][mk_page_section bg_color=&#8221;#ffffff&#8221; bg_position=&#8221;center center&#8221; bg_repeat=&#8221;no-repeat&#8221; bg_stretch=&#8221;true&#8221; min_height=&#8221;0&#8243; padding_top=&#8221;0&#8243; padding_bottom=&#8221;0&#8243; sidebar=&#8221;sidebar-1&#8243;][vc_column width=&#8221;1\/3&#8243;][vc_empty_space height=&#8221;15px&#8221;][mk_image src=&#8221;https:\/\/eiaschum.ca\/wp-content\/uploads\/2021\/08\/en-saih-learn-1200&#215;800-2.jpg&#8221; image_size=&#8221;full&#8221; link=&#8221;https:\/\/eiaschum.ca\/en\/learn\/&#8221; caption_location=&#8221;outside-image&#8221; align=&#8221;center&#8221; margin_bottom=&#8221;0&#8243; animation=&#8221;fade-in&#8221; el_class=&#8221;options&#8221;][vc_empty_space height=&#8221;15px&#8221;][\/vc_column][vc_column width=&#8221;1\/3&#8243;][vc_empty_space height=&#8221;15px&#8221;][mk_image src=&#8221;https:\/\/eiaschum.ca\/wp-content\/uploads\/2021\/08\/eias-chum-our-partners-1200&#215;800-001.jpg&#8221; image_size=&#8221;full&#8221; link=&#8221;https:\/\/eiaschum.ca\/en\/about-us\/#saih-partners&#8221; caption_location=&#8221;outside-image&#8221; align=&#8221;center&#8221; margin_bottom=&#8221;0&#8243; animation=&#8221;fade-in&#8221; el_class=&#8221;options&#8221;][vc_empty_space height=&#8221;15px&#8221;][\/vc_column][vc_column width=&#8221;1\/3&#8243;][vc_empty_space height=&#8221;15px&#8221;][mk_image src=&#8221;https:\/\/eiaschum.ca\/wp-content\/uploads\/2021\/08\/en-team-1200&#215;800-1.jpg&#8221; image_size=&#8221;full&#8221; caption_location=&#8221;outside-image&#8221; align=&#8221;center&#8221; margin_bottom=&#8221;0&#8243; animation=&#8221;fade-in&#8221; el_class=&#8221;options&#8221;][vc_empty_space height=&#8221;15px&#8221;][\/vc_column][\/mk_page_section][mk_page_section bg_color=&#8221;#ffffff&#8221; bg_position=&#8221;center center&#8221; bg_repeat=&#8221;no-repeat&#8221; bg_stretch=&#8221;true&#8221; min_height=&#8221;0&#8243; full_width=&#8221;true&#8221; padding_top=&#8221;0&#8243; padding_bottom=&#8221;0&#8243; visibility=&#8221;hidden-sm&#8221; sidebar=&#8221;sidebar-1&#8243;][vc_column][vc_empty_space height=&#8221;50px&#8221;][vc_raw_html]JTNDZGl2JTIwc3R5bGUlM0QlMjJ0ZXh0LWFsaWduJTNBJTIwY2VudGVyJTNCJTIyJTNFJTNDaDIlMjBzdHlsZSUzRCUyMmNvbG9yJTNBJTIzMTExMTExJTNCJTIyJTNFVEhFJTIwU0FJSCUyMElTJTIwUkVDUlVJVElORyUzQyUyRmgyJTNFJTNDJTJGZGl2JTNF[\/vc_raw_html][vc_empty_space height=&#8221;20px&#8221;][mk_animated_columns column_height=&#8221;425&#8243; column_number=&#8221;2&#8243; order=&#8221;ASC&#8221; border_color=&#8221;#004071&#8243; bg_color=&#8221;#004071&#8243; bg_hover_color=&#8221;#111111&#8243; icon_size=&#8221;64&#8243; icon_color=&#8221;#ffffff&#8221; icon_hover_color=&#8221;#f8f8f8&#8243; txt_color=&#8221;#ffffff&#8221; txt_hover_color=&#8221;#ffffff&#8221; btn_color=&#8221;#ffffff&#8221; btn_hover_color=&#8221;#f8f8f8&#8243; btn_hover_txt_color=&#8221;#111111&#8243; columns=&#8221;3720, 3724&#8243;][\/vc_column][\/mk_page_section][vc_row fullwidth=&#8221;true&#8221; visibility=&#8221;visible-sm&#8221;][vc_column][vc_empty_space height=&#8221;50px&#8221;][vc_raw_html]JTNDZGl2JTIwc3R5bGUlM0QlMjJ0ZXh0LWFsaWduJTNBJTIwY2VudGVyJTNCJTIyJTNFJTNDaDIlMjBzdHlsZSUzRCUyMmNvbG9yJTNBJTIzMTExMTExJTNCJTIyJTNFVEhFJTIwU0FJSCUyMElTJTIwUkVDUlVJVElORyUzQyUyRmgyJTNFJTNDJTJGZGl2JTNF[\/vc_raw_html][vc_empty_space height=&#8221;20px&#8221;][mk_animated_columns column_number=&#8221;2&#8243; order=&#8221;ASC&#8221; border_color=&#8221;#004071&#8243; bg_color=&#8221;#004071&#8243; bg_hover_color=&#8221;#111111&#8243; icon_size=&#8221;64&#8243; icon_color=&#8221;#ffffff&#8221; icon_hover_color=&#8221;#f8f8f8&#8243; txt_color=&#8221;#ffffff&#8221; txt_hover_color=&#8221;#ffffff&#8221; btn_color=&#8221;#ffffff&#8221; btn_hover_color=&#8221;#f8f8f8&#8243; btn_hover_txt_color=&#8221;#111111&#8243; columns=&#8221;3720, 3724&#8243;][\/vc_column][\/vc_row][mk_page_section bg_color=&#8221;#ffffff&#8221; bg_position=&#8221;center bottom&#8221; bg_repeat=&#8221;no-repeat&#8221; bg_stretch=&#8221;true&#8221; enable_3d=&#8221;true&#8221; min_height=&#8221;0&#8243; padding_top=&#8221;0&#8243; padding_bottom=&#8221;0&#8243; visibility=&#8221;hidden-sm&#8221; sidebar=&#8221;sidebar-1&#8243;][vc_column][vc_empty_space height=&#8221;150px&#8221;][vc_row_inner][vc_column_inner width=&#8221;1\/3&#8243;][mk_image src=&#8221;https:\/\/eiaschum.ca\/wp-content\/uploads\/2021\/08\/en-eias-stats-500&#215;500-01.jpg&#8221; image_size=&#8221;full&#8221; align=&#8221;center&#8221; margin_bottom=&#8221;0&#8243; animation=&#8221;fade-in&#8221;][vc_empty_space height=&#8221;15px&#8221;][\/vc_column_inner][vc_column_inner width=&#8221;1\/3&#8243;][mk_image src=&#8221;https:\/\/eiaschum.ca\/wp-content\/uploads\/2021\/08\/en-eias-stats-500&#215;500-02.jpg&#8221; image_size=&#8221;full&#8221; align=&#8221;center&#8221; margin_bottom=&#8221;0&#8243; animation=&#8221;fade-in&#8221;][vc_empty_space height=&#8221;15px&#8221;][\/vc_column_inner][vc_column_inner width=&#8221;1\/3&#8243;][mk_image src=&#8221;https:\/\/eiaschum.ca\/wp-content\/uploads\/2021\/08\/en-eias-stats-500&#215;500-03.jpg&#8221; image_size=&#8221;full&#8221; align=&#8221;center&#8221; margin_bottom=&#8221;0&#8243; animation=&#8221;fade-in&#8221;][vc_empty_space height=&#8221;15px&#8221;][\/vc_column_inner][\/vc_row_inner][vc_empty_space height=&#8221;150px&#8221;][\/vc_column][\/mk_page_section][vc_row visibility=&#8221;visible-sm&#8221;][vc_column][vc_empty_space height=&#8221;50px&#8221;][mk_image src=&#8221;https:\/\/eiaschum.ca\/wp-content\/uploads\/2021\/08\/en-eias-stats-500&#215;500-01.jpg&#8221; image_size=&#8221;full&#8221; align=&#8221;center&#8221; margin_bottom=&#8221;0&#8243; visibility=&#8221;visible-sm&#8221; animation=&#8221;fade-in&#8221;][vc_empty_space height=&#8221;50px&#8221;][mk_image src=&#8221;https:\/\/eiaschum.ca\/wp-content\/uploads\/2021\/08\/en-eias-stats-500&#215;500-02.jpg&#8221; image_size=&#8221;full&#8221; align=&#8221;center&#8221; margin_bottom=&#8221;0&#8243; visibility=&#8221;visible-sm&#8221; animation=&#8221;fade-in&#8221;][vc_empty_space height=&#8221;50px&#8221;][mk_image src=&#8221;https:\/\/eiaschum.ca\/wp-content\/uploads\/2021\/08\/en-eias-stats-500&#215;500-03.jpg&#8221; image_size=&#8221;full&#8221; align=&#8221;center&#8221; margin_bottom=&#8221;0&#8243; visibility=&#8221;visible-sm&#8221; animation=&#8221;fade-in&#8221;][vc_empty_space height=&#8221;50px&#8221;][\/vc_column][\/vc_row]\n<\/section>","protected":false},"excerpt":{"rendered":"<p>[mk_page_section bg_color=&#8221;#ffffff&#8221; bg_position=&#8221;center center&#8221; bg_repeat=&#8221;no-repeat&#8221; bg_stretch=&#8221;true&#8221; min_height=&#8221;0&#8243; full_width=&#8221;true&#8221; padding_top=&#8221;0&#8243; padding_bottom=&#8221;0&#8243; visibility=&#8221;hidden-sm&#8221; sidebar=&#8221;sidebar-1&#8243;][vc_column][mk_revslider id=&#8221;home-v3&#8243;][\/vc_column][\/mk_page_section][vc_row fullwidth=&#8221;true&#8221; visibility=&#8221;visible-sm&#8221;][vc_column][mk_revslider id=&#8221;home-mobile-v4&#8243;][\/vc_column][\/vc_row][mk_page_section bg_color=&#8221;#ffffff&#8221; bg_position=&#8221;center center&#8221; bg_repeat=&#8221;no-repeat&#8221; bg_stretch=&#8221;true&#8221; min_height=&#8221;0&#8243; padding_top=&#8221;0&#8243; padding_bottom=&#8221;0&#8243; sidebar=&#8221;sidebar-1&#8243;][vc_column][vc_empty_space height=&#8221;50px&#8221;][vc_raw_html css=&#8221;.vc_custom_1645825134793{margin-bottom: 0px !important;border-bottom-width: 0px !important;padding-bottom: 0px !important;}&#8221;]JTNDaDElMjBzdHlsZSUzRCUyMmNvbG9yJTNBJTIzMTExMTExJTNCJTIyJTNFVGhlJTIwQ0hVTSUyMFNjaG9vbCUyMG9mJTIwQXJ0aWZpY2lhbCUyMEludGVsbGlnZW5jZSUyMGluJTIwSGVhbHRoY2FyZSUyMCUyOFNBSUglMjklM0MlMkZoMSUzRSUwQSUwQSUzQ3AlMjBzdHlsZSUzRCUyMnRleHQtYWxpZ24lM0ElMjBsZWZ0JTNCJTIyJTNFVGhlJTIwU2Nob29sJTIwb2YlMjBBcnRpZmljaWFsJTIwSW50ZWxsaWdlbmNlJTIwaW4lMjBIZWFsdGhjYXJlJTIwc3VwcG9ydHMlMjBjdXJyZW50JTIwYW5kJTIwbmV4dC1nZW5lcmF0aW9uJTIwaGVhbHRoY2FyZSUyMHByb2Zlc3Npb25hbHMlMjBhbmQlMjBzdGFrZWhvbGRlcnMuJTIwTGF1bmNoZWQlMjBpbiUyMDIwMTglMkMlMjBpdCUyMGlzJTIwdGhlJTIwZmlyc3QlMjBvZiUyMGl0cyUyMGtpbmQlMjB0byUyMGZvY3VzJTIwb24lMjB0aGUlMjBkZXZlbG9wbWVudCUyMG9mJTIwaHVtYW4lMjBjYXBhY2l0aWVzJTIwYW5kJTIwdGhlJTIwaW1wbGVtZW50YXRpb24lMjBvZiUyMEFJJTIwaW4lMjBhJTIwcmVhbCUyMGhlYWx0aCUyMGVudmlyb25tZW50JTJDJTIwZXRoaWNhbGx5JTIwYW5kJTIwcmVzcG9uc2libHklMkMlMjB0byUyMGltcHJvdmUlMjB0aGUlMjBoZWFsdGglMjBvZiUyMHRoZSUyMHBvcHVsYXRpb24uJTNDJTJGcCUzRSUwQSUwQSUzQ3AlMjBzdHlsZSUzRCUyMnRleHQtYWxpZ24lM0ElMjBsZWZ0JTNCJTIyJTNFV2UlMjBhcmUlMjBtdWNoJTIwbW9yZSUyMHRoYW4lMjBqdXN0JTIwYSUyMHNjaG9vbCUyQyUyMHRoZSUyMFNBSUglMjBicmlkZ2VzJTIwdGhlJTIwZ2FwJTIwYmV0d2VlbiUyMGhlYWx0aGNhcmUlMjBwcm9mZXNzaW9uYWxzJTIwYW5kJTIwdGhlJTIwQUklMjBzZWN0b3IuJTNDJTJGcCUzRQ==[\/vc_raw_html][vc_empty_space height=&#8221;25px&#8221;][\/vc_column][\/mk_page_section][mk_page_section bg_color=&#8221;#ffffff&#8221; bg_position=&#8221;center center&#8221; bg_repeat=&#8221;no-repeat&#8221; bg_stretch=&#8221;true&#8221; min_height=&#8221;0&#8243; padding_top=&#8221;0&#8243; padding_bottom=&#8221;0&#8243; sidebar=&#8221;sidebar-1&#8243;][vc_column width=&#8221;1\/3&#8243;][vc_empty_space height=&#8221;15px&#8221;][mk_image src=&#8221;https:\/\/eiaschum.ca\/wp-content\/uploads\/2021\/08\/en-saih-learn-1200&#215;800-2.jpg&#8221; image_size=&#8221;full&#8221; link=&#8221;https:\/\/eiaschum.ca\/en\/learn\/&#8221; caption_location=&#8221;outside-image&#8221; align=&#8221;center&#8221; margin_bottom=&#8221;0&#8243; animation=&#8221;fade-in&#8221; el_class=&#8221;options&#8221;][vc_empty_space height=&#8221;15px&#8221;][\/vc_column][vc_column width=&#8221;1\/3&#8243;][vc_empty_space [&hellip;]<\/p>\n","protected":false},"author":16,"featured_media":0,"parent":0,"menu_order":0,"comment_status":"closed","ping_status":"closed","template":"","meta":{"footnotes":""},"class_list":["post-3710","page","type-page","status-publish","hentry"],"yoast_head":"<!-- This site is optimized with the Yoast SEO plugin v26.4 - https:\/\/yoast.com\/wordpress\/plugins\/seo\/ -->\n<title>School of Artificial Intelligence in Health (SAIH) | Home<\/title>\n<meta name=\"robots\" content=\"index, follow, max-snippet:-1, max-image-preview:large, max-video-preview:-1\" \/>\n<link rel=\"canonical\" href=\"https:\/\/eiaschum.ca\/en\/\" \/>\n<meta property=\"og:locale\" content=\"en_US\" \/>\n<meta property=\"og:type\" content=\"article\" \/>\n<meta property=\"og:title\" content=\"School of Artificial Intelligence in Health (SAIH) | Home\" \/>\n<meta property=\"og:description\" content=\"[mk_page_section bg_color=&#8221;#ffffff&#8221; bg_position=&#8221;center center&#8221; bg_repeat=&#8221;no-repeat&#8221; bg_stretch=&#8221;true&#8221; min_height=&#8221;0&#8243; full_width=&#8221;true&#8221; padding_top=&#8221;0&#8243; padding_bottom=&#8221;0&#8243; visibility=&#8221;hidden-sm&#8221; sidebar=&#8221;sidebar-1&#8243;][vc_column][mk_revslider id=&#8221;home-v3&#8243;][\/vc_column][\/mk_page_section][vc_row fullwidth=&#8221;true&#8221; visibility=&#8221;visible-sm&#8221;][vc_column][mk_revslider id=&#8221;home-mobile-v4&#8243;][\/vc_column][\/vc_row][mk_page_section bg_color=&#8221;#ffffff&#8221; bg_position=&#8221;center center&#8221; bg_repeat=&#8221;no-repeat&#8221; bg_stretch=&#8221;true&#8221; min_height=&#8221;0&#8243; padding_top=&#8221;0&#8243; padding_bottom=&#8221;0&#8243; sidebar=&#8221;sidebar-1&#8243;][vc_column][vc_empty_space height=&#8221;50px&#8221;][vc_raw_html css=&#8221;.vc_custom_1645825134793{margin-bottom: 0px !important;border-bottom-width: 0px !important;padding-bottom: 0px !important;}&#8221;]JTNDaDElMjBzdHlsZSUzRCUyMmNvbG9yJTNBJTIzMTExMTExJTNCJTIyJTNFVGhlJTIwQ0hVTSUyMFNjaG9vbCUyMG9mJTIwQXJ0aWZpY2lhbCUyMEludGVsbGlnZW5jZSUyMGluJTIwSGVhbHRoY2FyZSUyMCUyOFNBSUglMjklM0MlMkZoMSUzRSUwQSUwQSUzQ3AlMjBzdHlsZSUzRCUyMnRleHQtYWxpZ24lM0ElMjBsZWZ0JTNCJTIyJTNFVGhlJTIwU2Nob29sJTIwb2YlMjBBcnRpZmljaWFsJTIwSW50ZWxsaWdlbmNlJTIwaW4lMjBIZWFsdGhjYXJlJTIwc3VwcG9ydHMlMjBjdXJyZW50JTIwYW5kJTIwbmV4dC1nZW5lcmF0aW9uJTIwaGVhbHRoY2FyZSUyMHByb2Zlc3Npb25hbHMlMjBhbmQlMjBzdGFrZWhvbGRlcnMuJTIwTGF1bmNoZWQlMjBpbiUyMDIwMTglMkMlMjBpdCUyMGlzJTIwdGhlJTIwZmlyc3QlMjBvZiUyMGl0cyUyMGtpbmQlMjB0byUyMGZvY3VzJTIwb24lMjB0aGUlMjBkZXZlbG9wbWVudCUyMG9mJTIwaHVtYW4lMjBjYXBhY2l0aWVzJTIwYW5kJTIwdGhlJTIwaW1wbGVtZW50YXRpb24lMjBvZiUyMEFJJTIwaW4lMjBhJTIwcmVhbCUyMGhlYWx0aCUyMGVudmlyb25tZW50JTJDJTIwZXRoaWNhbGx5JTIwYW5kJTIwcmVzcG9uc2libHklMkMlMjB0byUyMGltcHJvdmUlMjB0aGUlMjBoZWFsdGglMjBvZiUyMHRoZSUyMHBvcHVsYXRpb24uJTNDJTJGcCUzRSUwQSUwQSUzQ3AlMjBzdHlsZSUzRCUyMnRleHQtYWxpZ24lM0ElMjBsZWZ0JTNCJTIyJTNFV2UlMjBhcmUlMjBtdWNoJTIwbW9yZSUyMHRoYW4lMjBqdXN0JTIwYSUyMHNjaG9vbCUyQyUyMHRoZSUyMFNBSUglMjBicmlkZ2VzJTIwdGhlJTIwZ2FwJTIwYmV0d2VlbiUyMGhlYWx0aGNhcmUlMjBwcm9mZXNzaW9uYWxzJTIwYW5kJTIwdGhlJTIwQUklMjBzZWN0b3IuJTNDJTJGcCUzRQ==[\/vc_raw_html][vc_empty_space height=&#8221;25px&#8221;][\/vc_column][\/mk_page_section][mk_page_section bg_color=&#8221;#ffffff&#8221; bg_position=&#8221;center center&#8221; bg_repeat=&#8221;no-repeat&#8221; bg_stretch=&#8221;true&#8221; min_height=&#8221;0&#8243; padding_top=&#8221;0&#8243; padding_bottom=&#8221;0&#8243; sidebar=&#8221;sidebar-1&#8243;][vc_column width=&#8221;1\/3&#8243;][vc_empty_space height=&#8221;15px&#8221;][mk_image src=&#8221;https:\/\/eiaschum.ca\/wp-content\/uploads\/2021\/08\/en-saih-learn-1200&#215;800-2.jpg&#8221; image_size=&#8221;full&#8221; link=&#8221;https:\/\/eiaschum.ca\/en\/learn\/&#8221; caption_location=&#8221;outside-image&#8221; align=&#8221;center&#8221; margin_bottom=&#8221;0&#8243; animation=&#8221;fade-in&#8221; el_class=&#8221;options&#8221;][vc_empty_space height=&#8221;15px&#8221;][\/vc_column][vc_column width=&#8221;1\/3&#8243;][vc_empty_space [&hellip;]\" \/>\n<meta property=\"og:url\" content=\"https:\/\/eiaschum.ca\/en\/\" \/>\n<meta property=\"og:site_name\" content=\"\u00c9cole de l&#039;intelligence artificielle en sant\u00e9\" \/>\n<meta property=\"article:modified_time\" content=\"2022-10-04T17:08:14+00:00\" \/>\n<meta property=\"og:image\" content=\"https:\/\/eiaschum.ca\/wp-content\/uploads\/2020\/02\/school-artificial-intelligence-health-chum-670x351-01.jpg\" \/>\n\t<meta property=\"og:image:width\" content=\"670\" \/>\n\t<meta property=\"og:image:height\" content=\"351\" \/>\n\t<meta property=\"og:image:type\" content=\"image\/jpeg\" \/>\n<meta name=\"twitter:card\" content=\"summary_large_image\" \/>\n<meta name=\"twitter:label1\" content=\"Est. reading time\" \/>\n\t<meta name=\"twitter:data1\" content=\"1 minute\" \/>\n<script type=\"application\/ld+json\" class=\"yoast-schema-graph\">{\"@context\":\"https:\/\/schema.org\",\"@graph\":[{\"@type\":\"WebPage\",\"@id\":\"https:\/\/eiaschum.ca\/en\/\",\"url\":\"https:\/\/eiaschum.ca\/en\/\",\"name\":\"School of Artificial Intelligence in Health (SAIH) | Home\",\"isPartOf\":{\"@id\":\"https:\/\/eiaschum.ca\/#website\"},\"datePublished\":\"2019-05-03T19:02:54+00:00\",\"dateModified\":\"2022-10-04T17:08:14+00:00\",\"breadcrumb\":{\"@id\":\"https:\/\/eiaschum.ca\/en\/#breadcrumb\"},\"inLanguage\":\"en-US\",\"potentialAction\":[{\"@type\":\"ReadAction\",\"target\":[\"https:\/\/eiaschum.ca\/en\/\"]}]},{\"@type\":\"BreadcrumbList\",\"@id\":\"https:\/\/eiaschum.ca\/en\/#breadcrumb\",\"itemListElement\":[{\"@type\":\"ListItem\",\"position\":1,\"name\":\"Accueil\",\"item\":\"https:\/\/eiaschum.ca\/en\/\"},{\"@type\":\"ListItem\",\"position\":2,\"name\":\"Home\"}]},{\"@type\":\"WebSite\",\"@id\":\"https:\/\/eiaschum.ca\/#website\",\"url\":\"https:\/\/eiaschum.ca\/\",\"name\":\"\u00c9cole de l&#039;intelligence artificielle en sant\u00e9\",\"description\":\"\u00c9cole de l&#039;intelligence artificielle en sant\u00e9\",\"potentialAction\":[{\"@type\":\"SearchAction\",\"target\":{\"@type\":\"EntryPoint\",\"urlTemplate\":\"https:\/\/eiaschum.ca\/?s={search_term_string}\"},\"query-input\":{\"@type\":\"PropertyValueSpecification\",\"valueRequired\":true,\"valueName\":\"search_term_string\"}}],\"inLanguage\":\"en-US\"}]}<\/script>\n<!-- \/ Yoast SEO plugin. -->","yoast_head_json":{"title":"School of Artificial Intelligence in Health (SAIH) | Home","robots":{"index":"index","follow":"follow","max-snippet":"max-snippet:-1","max-image-preview":"max-image-preview:large","max-video-preview":"max-video-preview:-1"},"canonical":"https:\/\/eiaschum.ca\/en\/","og_locale":"en_US","og_type":"article","og_title":"School of Artificial Intelligence in Health (SAIH) | Home","og_description":"[mk_page_section bg_color=&#8221;#ffffff&#8221; bg_position=&#8221;center center&#8221; bg_repeat=&#8221;no-repeat&#8221; bg_stretch=&#8221;true&#8221; min_height=&#8221;0&#8243; full_width=&#8221;true&#8221; padding_top=&#8221;0&#8243; padding_bottom=&#8221;0&#8243; visibility=&#8221;hidden-sm&#8221; sidebar=&#8221;sidebar-1&#8243;][vc_column][mk_revslider id=&#8221;home-v3&#8243;][\/vc_column][\/mk_page_section][vc_row fullwidth=&#8221;true&#8221; visibility=&#8221;visible-sm&#8221;][vc_column][mk_revslider id=&#8221;home-mobile-v4&#8243;][\/vc_column][\/vc_row][mk_page_section bg_color=&#8221;#ffffff&#8221; bg_position=&#8221;center center&#8221; bg_repeat=&#8221;no-repeat&#8221; bg_stretch=&#8221;true&#8221; min_height=&#8221;0&#8243; padding_top=&#8221;0&#8243; padding_bottom=&#8221;0&#8243; sidebar=&#8221;sidebar-1&#8243;][vc_column][vc_empty_space height=&#8221;50px&#8221;][vc_raw_html css=&#8221;.vc_custom_1645825134793{margin-bottom: 0px !important;border-bottom-width: 0px !important;padding-bottom: 0px !important;}&#8221;]JTNDaDElMjBzdHlsZSUzRCUyMmNvbG9yJTNBJTIzMTExMTExJTNCJTIyJTNFVGhlJTIwQ0hVTSUyMFNjaG9vbCUyMG9mJTIwQXJ0aWZpY2lhbCUyMEludGVsbGlnZW5jZSUyMGluJTIwSGVhbHRoY2FyZSUyMCUyOFNBSUglMjklM0MlMkZoMSUzRSUwQSUwQSUzQ3AlMjBzdHlsZSUzRCUyMnRleHQtYWxpZ24lM0ElMjBsZWZ0JTNCJTIyJTNFVGhlJTIwU2Nob29sJTIwb2YlMjBBcnRpZmljaWFsJTIwSW50ZWxsaWdlbmNlJTIwaW4lMjBIZWFsdGhjYXJlJTIwc3VwcG9ydHMlMjBjdXJyZW50JTIwYW5kJTIwbmV4dC1nZW5lcmF0aW9uJTIwaGVhbHRoY2FyZSUyMHByb2Zlc3Npb25hbHMlMjBhbmQlMjBzdGFrZWhvbGRlcnMuJTIwTGF1bmNoZWQlMjBpbiUyMDIwMTglMkMlMjBpdCUyMGlzJTIwdGhlJTIwZmlyc3QlMjBvZiUyMGl0cyUyMGtpbmQlMjB0byUyMGZvY3VzJTIwb24lMjB0aGUlMjBkZXZlbG9wbWVudCUyMG9mJTIwaHVtYW4lMjBjYXBhY2l0aWVzJTIwYW5kJTIwdGhlJTIwaW1wbGVtZW50YXRpb24lMjBvZiUyMEFJJTIwaW4lMjBhJTIwcmVhbCUyMGhlYWx0aCUyMGVudmlyb25tZW50JTJDJTIwZXRoaWNhbGx5JTIwYW5kJTIwcmVzcG9uc2libHklMkMlMjB0byUyMGltcHJvdmUlMjB0aGUlMjBoZWFsdGglMjBvZiUyMHRoZSUyMHBvcHVsYXRpb24uJTNDJTJGcCUzRSUwQSUwQSUzQ3AlMjBzdHlsZSUzRCUyMnRleHQtYWxpZ24lM0ElMjBsZWZ0JTNCJTIyJTNFV2UlMjBhcmUlMjBtdWNoJTIwbW9yZSUyMHRoYW4lMjBqdXN0JTIwYSUyMHNjaG9vbCUyQyUyMHRoZSUyMFNBSUglMjBicmlkZ2VzJTIwdGhlJTIwZ2FwJTIwYmV0d2VlbiUyMGhlYWx0aGNhcmUlMjBwcm9mZXNzaW9uYWxzJTIwYW5kJTIwdGhlJTIwQUklMjBzZWN0b3IuJTNDJTJGcCUzRQ==[\/vc_raw_html][vc_empty_space height=&#8221;25px&#8221;][\/vc_column][\/mk_page_section][mk_page_section bg_color=&#8221;#ffffff&#8221; bg_position=&#8221;center center&#8221; bg_repeat=&#8221;no-repeat&#8221; bg_stretch=&#8221;true&#8221; min_height=&#8221;0&#8243; padding_top=&#8221;0&#8243; padding_bottom=&#8221;0&#8243; sidebar=&#8221;sidebar-1&#8243;][vc_column width=&#8221;1\/3&#8243;][vc_empty_space height=&#8221;15px&#8221;][mk_image src=&#8221;https:\/\/eiaschum.ca\/wp-content\/uploads\/2021\/08\/en-saih-learn-1200&#215;800-2.jpg&#8221; image_size=&#8221;full&#8221; link=&#8221;https:\/\/eiaschum.ca\/en\/learn\/&#8221; caption_location=&#8221;outside-image&#8221; align=&#8221;center&#8221; margin_bottom=&#8221;0&#8243; animation=&#8221;fade-in&#8221; el_class=&#8221;options&#8221;][vc_empty_space height=&#8221;15px&#8221;][\/vc_column][vc_column width=&#8221;1\/3&#8243;][vc_empty_space [&hellip;]","og_url":"https:\/\/eiaschum.ca\/en\/","og_site_name":"\u00c9cole de l&#039;intelligence artificielle en sant\u00e9","article_modified_time":"2022-10-04T17:08:14+00:00","og_image":[{"width":670,"height":351,"url":"https:\/\/eiaschum.ca\/wp-content\/uploads\/2020\/02\/school-artificial-intelligence-health-chum-670x351-01.jpg","type":"image\/jpeg"}],"twitter_card":"summary_large_image","twitter_misc":{"Est. reading time":"1 minute"},"schema":{"@context":"https:\/\/schema.org","@graph":[{"@type":"WebPage","@id":"https:\/\/eiaschum.ca\/en\/","url":"https:\/\/eiaschum.ca\/en\/","name":"School of Artificial Intelligence in Health (SAIH) | Home","isPartOf":{"@id":"https:\/\/eiaschum.ca\/#website"},"datePublished":"2019-05-03T19:02:54+00:00","dateModified":"2022-10-04T17:08:14+00:00","breadcrumb":{"@id":"https:\/\/eiaschum.ca\/en\/#breadcrumb"},"inLanguage":"en-US","potentialAction":[{"@type":"ReadAction","target":["https:\/\/eiaschum.ca\/en\/"]}]},{"@type":"BreadcrumbList","@id":"https:\/\/eiaschum.ca\/en\/#breadcrumb","itemListElement":[{"@type":"ListItem","position":1,"name":"Accueil","item":"https:\/\/eiaschum.ca\/en\/"},{"@type":"ListItem","position":2,"name":"Home"}]},{"@type":"WebSite","@id":"https:\/\/eiaschum.ca\/#website","url":"https:\/\/eiaschum.ca\/","name":"\u00c9cole de l&#039;intelligence artificielle en sant\u00e9","description":"\u00c9cole de l&#039;intelligence artificielle en sant\u00e9","potentialAction":[{"@type":"SearchAction","target":{"@type":"EntryPoint","urlTemplate":"https:\/\/eiaschum.ca\/?s={search_term_string}"},"query-input":{"@type":"PropertyValueSpecification","valueRequired":true,"valueName":"search_term_string"}}],"inLanguage":"en-US"}]}},"_links":{"self":[{"href":"https:\/\/eiaschum.ca\/en\/wp-json\/wp\/v2\/pages\/3710","targetHints":{"allow":["GET"]}}],"collection":[{"href":"https:\/\/eiaschum.ca\/en\/wp-json\/wp\/v2\/pages"}],"about":[{"href":"https:\/\/eiaschum.ca\/en\/wp-json\/wp\/v2\/types\/page"}],"author":[{"embeddable":true,"href":"https:\/\/eiaschum.ca\/en\/wp-json\/wp\/v2\/users\/16"}],"replies":[{"embeddable":true,"href":"https:\/\/eiaschum.ca\/en\/wp-json\/wp\/v2\/comments?post=3710"}],"version-history":[{"count":24,"href":"https:\/\/eiaschum.ca\/en\/wp-json\/wp\/v2\/pages\/3710\/revisions"}],"predecessor-version":[{"id":10669,"href":"https:\/\/eiaschum.ca\/en\/wp-json\/wp\/v2\/pages\/3710\/revisions\/10669"}],"wp:attachment":[{"href":"https:\/\/eiaschum.ca\/en\/wp-json\/wp\/v2\/media?parent=3710"}],"curies":[{"name":"wp","href":"https:\/\/api.w.org\/{rel}","templated":true}]}}