{"id":4955,"date":"2019-05-06T15:54:52","date_gmt":"2019-05-06T15:54:52","guid":{"rendered":"http:\/\/devservicesenligne.ca\/infolettre\/"},"modified":"2021-03-23T19:06:26","modified_gmt":"2021-03-23T19:06:26","slug":"newsletter","status":"publish","type":"page","link":"https:\/\/eiaschum.ca\/en\/newsletter\/","title":{"rendered":"Newsletter"},"content":{"rendered":"[mk_page_section bg_image=&#8221;https:\/\/devservicesenligne.ca\/wp-content\/uploads\/2019\/05\/ecole-intelligence-artificielle-sante-chum-bg-1920&#215;605-01.jpg&#8221; bg_position=&#8221;center center&#8221; bg_repeat=&#8221;no-repeat&#8221; bg_stretch=&#8221;true&#8221; min_height=&#8221;0&#8243; full_width=&#8221;true&#8221; padding_top=&#8221;0&#8243; padding_bottom=&#8221;0&#8243; sidebar=&#8221;sidebar-1&#8243;][vc_column width=&#8221;1\/4&#8243;][\/vc_column][vc_column width=&#8221;1\/2&#8243;][vc_empty_space height=&#8221;100px&#8221;][vc_raw_html]JTNDZGl2JTIwc3R5bGUlM0QlMjJ0ZXh0LWFsaWduJTNBJTIwY2VudGVyJTNCJTIyJTNFJTBBJTNDaDUlMjBzdHlsZSUzRCUyMmNvbG9yJTNBJTIwJTIzZmZmZmZmJTNCJTIyJTNFR2V0JTIwdGhlJTIwbGF0ZXN0JTIwbmV3cyUyMGZyb20lMjB0aGUlMjBTY2hvb2wlMjBvZiUyMEFydGlmaWNpYWwlMjBJbnRlbGxpZ2VuY2UlMjBpbiUyMEhlYWx0aCUyMGRpcmVjdGx5JTIwaW4lMjB5b3VyJTIwaW5ib3glM0MlMkZoNSUzRSUwQSUzQyUyRmRpdiUzRQ==[\/vc_raw_html][vc_empty_space height=&#8221;25px&#8221;][vc_raw_html]JTNDZGl2JTIwc3R5bGUlM0QlMjJ0ZXh0LWFsaWduJTNBJTIwY2VudGVyJTNCJTIyJTNFJTBBJTNDJTIxLS0lNUJjb250YWN0LWZvcm0tNyUyMGlkJTNEJTIyNDk1MSUyMiUyMHRpdGxlJTNEJTIyTmV3c2xldHRlciUyMFN1YnNjcmlwdGlvbiUyMiU1RC0tLSUzRSUwQSUwQSUzQ2Zvcm0lMjBhY2NlcHQtY2hhcnNldCUzRCUyMnV0Zi04JTIyJTIwYWN0aW9uJTNEJTIyaHR0cHMlM0ElMkYlMkZhcHAuY3liZXJpbXBhY3QuY29tJTJGb3B0aW4lMjIlMjBtZXRob2QlM0QlMjJwb3N0JTIyJTNFJTBBJTNDZmllbGRzZXQlMjBzdHlsZSUzRCUyMnBhZGRpbmclM0ElMjAxZW0lM0IlMjBib3JkZXIlM0ElMjBub25lJTNCJTIyJTNFJTNDJTIxLS0lMEElMEElM0NsZWdlbmQlM0UlM0MlMkZsZWdlbmQlM0UtLSUzRSUwQSUzQ2RpdiUzRSUzQ2xhYmVsJTIwZm9yJTNEJTIyY2lfZmlyc3RuYW1lJTIyJTIwc3R5bGUlM0QlMjJjb2xvciUzQSUyM2ZmZiUyMiUzRUZpcnN0JTIwTmFtZSUzQSUzQyUyRmxhYmVsJTNFJTBBJTNDaW5wdXQlMjBpZCUzRCUyMmNpX2ZpcnN0bmFtZSUyMiUyMHN0eWxlJTNEJTIyd2lkdGglM0ElMjAxMDAlMjUlM0IlMjIlMjBtYXhsZW5ndGglM0QlMjIyNTUlMjIlMjBuYW1lJTNEJTIyY2lfZmlyc3RuYW1lJTIyJTIwdHlwZSUzRCUyMnRleHQlMjIlMjAlMkYlM0UlM0MlMkZkaXYlM0UlMEElM0NkaXYlM0UlM0NsYWJlbCUyMGZvciUzRCUyMmNpX2xhc3RuYW1lJTIyJTIwc3R5bGUlM0QlMjJjb2xvciUzQSUyM2ZmZiUyMiUzRUxhc3QlMjBOYW1lJTNBJTNDJTJGbGFiZWwlM0UlMEElM0NpbnB1dCUyMGlkJTNEJTIyY2lfbGFzdG5hbWUlMjIlMjBzdHlsZSUzRCUyMndpZHRoJTNBJTIwMTAwJTI1JTNCJTIyJTIwbWF4bGVuZ3RoJTNEJTIyMjU1JTIyJTIwbmFtZSUzRCUyMmNpX2xhc3RuYW1lJTIyJTIwdHlwZSUzRCUyMnRleHQlMjIlMjAlMkYlM0UlM0MlMkZkaXYlM0UlMEElM0NkaXYlM0UlM0NsYWJlbCUyMGZvciUzRCUyMmNpX2VtYWlsJTIyJTIwc3R5bGUlM0QlMjJjb2xvciUzQSUyM2ZmZiUyMiUzRUVtYWlsJTIwJTNBJTNDJTJGbGFiZWwlM0UlMEElM0NpbnB1dCUyMGlkJTNEJTIyY2lfZW1haWwlMjIlMjBzdHlsZSUzRCUyMndpZHRoJTNBJTIwMTAwJTI1JTNCJTIyJTIwbWF4bGVuZ3RoJTNEJTIyMjU1JTIyJTIwbmFtZSUzRCUyMmNpX2VtYWlsJTIyJTIwdHlwZSUzRCUyMnRleHQlMjIlMjAlMkYlM0UlM0MlMkZkaXYlM0UlMEElM0NkaXYlMjBzdHlsZSUzRCUyMmRpc3BsYXklM0ElMjBibG9jayUzQiUyMHZpc2liaWxpdHklM0ElMjBoaWRkZW4lM0IlMjBoZWlnaHQlM0ElMjAxcHglM0IlMjIlM0UlM0NpbnB1dCUyMGlkJTNEJTIyY2lfZ3JvdXBzJTIyJTIwbmFtZSUzRCUyMmNpX2dyb3VwcyUyMiUyMHR5cGUlM0QlMjJoaWRkZW4lMjIlMjB2YWx1ZSUzRCUyMjM4JTIyJTIwJTJGJTNFJTBBJTNDaW5wdXQlMjBpZCUzRCUyMmNpX2FjY291bnQlMjIlMjBuYW1lJTNEJTIyY2lfYWNjb3VudCUyMiUyMHR5cGUlM0QlMjJoaWRkZW4lMjIlMjB2YWx1ZSUzRCUyMjkyMDMyYzM0LTEzMDktNDViNC02ZDhjLTA4NjU2NWE4MmRmYiUyMiUyMCUyRiUzRSUwQSUzQ2lucHV0JTIwaWQlM0QlMjJjaV9sYW5ndWFnZSUyMiUyMG5hbWUlM0QlMjJjaV9sYW5ndWFnZSUyMiUyMHR5cGUlM0QlMjJoaWRkZW4lMjIlMjB2YWx1ZSUzRCUyMmVuX2NhJTIyJTIwJTJGJTNFJTBBJTNDaW5wdXQlMjBpZCUzRCUyMmNpX3NlbnRfdXJsJTIyJTIwbmFtZSUzRCUyMmNpX3NlbnRfdXJsJTIyJTIwdHlwZSUzRCUyMmhpZGRlbiUyMiUyMHZhbHVlJTNEJTIyaHR0cHMlM0ElMkYlMkZlaWFzY2h1bS5jYSUyRmVuJTJGb3B0LWluLXJlcXVlc3Qtc2VudC1zdWNjZXNzZnVsbHklMkYlMjIlMjAlMkYlM0UlMEElM0NpbnB1dCUyMGlkJTNEJTIyY2lfZXJyb3JfdXJsJTIyJTIwbmFtZSUzRCUyMmNpX2Vycm9yX3VybCUyMiUyMHR5cGUlM0QlMjJoaWRkZW4lMjIlMjB2YWx1ZSUzRCUyMmh0dHBzJTNBJTJGJTJGZWlhc2NodW0uY2ElMkZlbiUyRmVycm9yLWluLXRoZS1mb3JtJTJGJTIyJTIwJTJGJTNFJTBBJTNDaW5wdXQlMjBpZCUzRCUyMmNpX2NvbmZpcm1fdXJsJTIyJTIwbmFtZSUzRCUyMmNpX2NvbmZpcm1fdXJsJTIyJTIwdHlwZSUzRCUyMmhpZGRlbiUyMiUyMHZhbHVlJTNEJTIyaHR0cHMlM0ElMkYlMkZlaWFzY2h1bS5jYSUyRmVuJTJGb3B0LWluLWNvbmZpcm1lZC1zdWNjZXNzZnVsbHklMkYlMjIlMjAlMkYlM0UlM0MlMkZkaXYlM0UlMEElM0NpbnB1dCUyMGNsYXNzJTNEJTIyd3BjZjctZm9ybS1jb250cm9sJTIwd3BjZjctc3VibWl0JTIyJTIwdHlwZSUzRCUyMnN1Ym1pdCUyMiUyMHZhbHVlJTNEJTIyU3Vic2NyaWJlJTIyJTIwJTJGJTNFJTBBJTNDZGl2JTIwc3R5bGUlM0QlMjJjb2xvciUzQSUyMCUyM2ZmZiUzQiUyMGZvbnQtc2l6ZSUzQSUyMDEwcHglM0IlMjIlM0UlM0NhJTIwc3R5bGUlM0QlMjJjb2xvciUzQSUyMCUyM2ZmZiUzQiUyMGZvbnQtc2l6ZSUzQSUyMDEwcHglM0IlMjB0ZXh0LWRlY29yYXRpb24lM0ElMjBub25lJTNCJTIyJTIwaHJlZiUzRCUyMmh0dHBzJTNBJTJGJTJGd3d3LmN5YmVyaW1wYWN0LmNvbSUyMiUzRUVtYWlsJTIwbWFya2V0aW5nJTNDJTJGYSUzRSUyMCUzQ2ElMjBzdHlsZSUzRCUyMmNvbG9yJTNBJTIwJTIzZmZmJTNCJTIwZm9udC1zaXplJTNBJTIwMTBweCUzQiUyMHRleHQtZGVjb3JhdGlvbiUzQSUyMG5vbmUlM0IlMjIlMjBocmVmJTNEJTIyaHR0cHMlM0ElMkYlMkZ3d3cuY3liZXJpbXBhY3QuY29tJTIyJTNFQ3liZXJpbXBhY3QlM0MlMkZhJTNFJTNDJTJGZGl2JTNFJTNDJTJGZmllbGRzZXQlM0UlMEElM0MlMkZmb3JtJTNFJTNDJTJGZGl2JTNFJTBBJTNDJTJGZGl2JTNF[\/vc_raw_html][vc_empty_space height=&#8221;100px&#8221;][\/vc_column][vc_column width=&#8221;1\/4&#8243;][\/vc_column][\/mk_page_section]\n","protected":false},"excerpt":{"rendered":"<p>[mk_page_section bg_image=&#8221;https:\/\/devservicesenligne.ca\/wp-content\/uploads\/2019\/05\/ecole-intelligence-artificielle-sante-chum-bg-1920&#215;605-01.jpg&#8221; bg_position=&#8221;center center&#8221; bg_repeat=&#8221;no-repeat&#8221; bg_stretch=&#8221;true&#8221; min_height=&#8221;0&#8243; full_width=&#8221;true&#8221; padding_top=&#8221;0&#8243; padding_bottom=&#8221;0&#8243; sidebar=&#8221;sidebar-1&#8243;][vc_column width=&#8221;1\/4&#8243;][\/vc_column][vc_column width=&#8221;1\/2&#8243;][vc_empty_space height=&#8221;100px&#8221;][vc_raw_html]JTNDZGl2JTIwc3R5bGUlM0QlMjJ0ZXh0LWFsaWduJTNBJTIwY2VudGVyJTNCJTIyJTNFJTBBJTNDaDUlMjBzdHlsZSUzRCUyMmNvbG9yJTNBJTIwJTIzZmZmZmZmJTNCJTIyJTNFR2V0JTIwdGhlJTIwbGF0ZXN0JTIwbmV3cyUyMGZyb20lMjB0aGUlMjBTY2hvb2wlMjBvZiUyMEFydGlmaWNpYWwlMjBJbnRlbGxpZ2VuY2UlMjBpbiUyMEhlYWx0aCUyMGRpcmVjdGx5JTIwaW4lMjB5b3VyJTIwaW5ib3glM0MlMkZoNSUzRSUwQSUzQyUyRmRpdiUzRQ==[\/vc_raw_html][vc_empty_space height=&#8221;25px&#8221;][vc_raw_html]JTNDZGl2JTIwc3R5bGUlM0QlMjJ0ZXh0LWFsaWduJTNBJTIwY2VudGVyJTNCJTIyJTNFJTBBJTNDJTIxLS0lNUJjb250YWN0LWZvcm0tNyUyMGlkJTNEJTIyNDk1MSUyMiUyMHRpdGxlJTNEJTIyTmV3c2xldHRlciUyMFN1YnNjcmlwdGlvbiUyMiU1RC0tLSUzRSUwQSUwQSUzQ2Zvcm0lMjBhY2NlcHQtY2hhcnNldCUzRCUyMnV0Zi04JTIyJTIwYWN0aW9uJTNEJTIyaHR0cHMlM0ElMkYlMkZhcHAuY3liZXJpbXBhY3QuY29tJTJGb3B0aW4lMjIlMjBtZXRob2QlM0QlMjJwb3N0JTIyJTNFJTBBJTNDZmllbGRzZXQlMjBzdHlsZSUzRCUyMnBhZGRpbmclM0ElMjAxZW0lM0IlMjBib3JkZXIlM0ElMjBub25lJTNCJTIyJTNFJTNDJTIxLS0lMEElMEElM0NsZWdlbmQlM0UlM0MlMkZsZWdlbmQlM0UtLSUzRSUwQSUzQ2RpdiUzRSUzQ2xhYmVsJTIwZm9yJTNEJTIyY2lfZmlyc3RuYW1lJTIyJTIwc3R5bGUlM0QlMjJjb2xvciUzQSUyM2ZmZiUyMiUzRUZpcnN0JTIwTmFtZSUzQSUzQyUyRmxhYmVsJTNFJTBBJTNDaW5wdXQlMjBpZCUzRCUyMmNpX2ZpcnN0bmFtZSUyMiUyMHN0eWxlJTNEJTIyd2lkdGglM0ElMjAxMDAlMjUlM0IlMjIlMjBtYXhsZW5ndGglM0QlMjIyNTUlMjIlMjBuYW1lJTNEJTIyY2lfZmlyc3RuYW1lJTIyJTIwdHlwZSUzRCUyMnRleHQlMjIlMjAlMkYlM0UlM0MlMkZkaXYlM0UlMEElM0NkaXYlM0UlM0NsYWJlbCUyMGZvciUzRCUyMmNpX2xhc3RuYW1lJTIyJTIwc3R5bGUlM0QlMjJjb2xvciUzQSUyM2ZmZiUyMiUzRUxhc3QlMjBOYW1lJTNBJTNDJTJGbGFiZWwlM0UlMEElM0NpbnB1dCUyMGlkJTNEJTIyY2lfbGFzdG5hbWUlMjIlMjBzdHlsZSUzRCUyMndpZHRoJTNBJTIwMTAwJTI1JTNCJTIyJTIwbWF4bGVuZ3RoJTNEJTIyMjU1JTIyJTIwbmFtZSUzRCUyMmNpX2xhc3RuYW1lJTIyJTIwdHlwZSUzRCUyMnRleHQlMjIlMjAlMkYlM0UlM0MlMkZkaXYlM0UlMEElM0NkaXYlM0UlM0NsYWJlbCUyMGZvciUzRCUyMmNpX2VtYWlsJTIyJTIwc3R5bGUlM0QlMjJjb2xvciUzQSUyM2ZmZiUyMiUzRUVtYWlsJTIwJTNBJTNDJTJGbGFiZWwlM0UlMEElM0NpbnB1dCUyMGlkJTNEJTIyY2lfZW1haWwlMjIlMjBzdHlsZSUzRCUyMndpZHRoJTNBJTIwMTAwJTI1JTNCJTIyJTIwbWF4bGVuZ3RoJTNEJTIyMjU1JTIyJTIwbmFtZSUzRCUyMmNpX2VtYWlsJTIyJTIwdHlwZSUzRCUyMnRleHQlMjIlMjAlMkYlM0UlM0MlMkZkaXYlM0UlMEElM0NkaXYlMjBzdHlsZSUzRCUyMmRpc3BsYXklM0ElMjBibG9jayUzQiUyMHZpc2liaWxpdHklM0ElMjBoaWRkZW4lM0IlMjBoZWlnaHQlM0ElMjAxcHglM0IlMjIlM0UlM0NpbnB1dCUyMGlkJTNEJTIyY2lfZ3JvdXBzJTIyJTIwbmFtZSUzRCUyMmNpX2dyb3VwcyUyMiUyMHR5cGUlM0QlMjJoaWRkZW4lMjIlMjB2YWx1ZSUzRCUyMjM4JTIyJTIwJTJGJTNFJTBBJTNDaW5wdXQlMjBpZCUzRCUyMmNpX2FjY291bnQlMjIlMjBuYW1lJTNEJTIyY2lfYWNjb3VudCUyMiUyMHR5cGUlM0QlMjJoaWRkZW4lMjIlMjB2YWx1ZSUzRCUyMjkyMDMyYzM0LTEzMDktNDViNC02ZDhjLTA4NjU2NWE4MmRmYiUyMiUyMCUyRiUzRSUwQSUzQ2lucHV0JTIwaWQlM0QlMjJjaV9sYW5ndWFnZSUyMiUyMG5hbWUlM0QlMjJjaV9sYW5ndWFnZSUyMiUyMHR5cGUlM0QlMjJoaWRkZW4lMjIlMjB2YWx1ZSUzRCUyMmVuX2NhJTIyJTIwJTJGJTNFJTBBJTNDaW5wdXQlMjBpZCUzRCUyMmNpX3NlbnRfdXJsJTIyJTIwbmFtZSUzRCUyMmNpX3NlbnRfdXJsJTIyJTIwdHlwZSUzRCUyMmhpZGRlbiUyMiUyMHZhbHVlJTNEJTIyaHR0cHMlM0ElMkYlMkZlaWFzY2h1bS5jYSUyRmVuJTJGb3B0LWluLXJlcXVlc3Qtc2VudC1zdWNjZXNzZnVsbHklMkYlMjIlMjAlMkYlM0UlMEElM0NpbnB1dCUyMGlkJTNEJTIyY2lfZXJyb3JfdXJsJTIyJTIwbmFtZSUzRCUyMmNpX2Vycm9yX3VybCUyMiUyMHR5cGUlM0QlMjJoaWRkZW4lMjIlMjB2YWx1ZSUzRCUyMmh0dHBzJTNBJTJGJTJGZWlhc2NodW0uY2ElMkZlbiUyRmVycm9yLWluLXRoZS1mb3JtJTJGJTIyJTIwJTJGJTNFJTBBJTNDaW5wdXQlMjBpZCUzRCUyMmNpX2NvbmZpcm1fdXJsJTIyJTIwbmFtZSUzRCUyMmNpX2NvbmZpcm1fdXJsJTIyJTIwdHlwZSUzRCUyMmhpZGRlbiUyMiUyMHZhbHVlJTNEJTIyaHR0cHMlM0ElMkYlMkZlaWFzY2h1bS5jYSUyRmVuJTJGb3B0LWluLWNvbmZpcm1lZC1zdWNjZXNzZnVsbHklMkYlMjIlMjAlMkYlM0UlM0MlMkZkaXYlM0UlMEElM0NpbnB1dCUyMGNsYXNzJTNEJTIyd3BjZjctZm9ybS1jb250cm9sJTIwd3BjZjctc3VibWl0JTIyJTIwdHlwZSUzRCUyMnN1Ym1pdCUyMiUyMHZhbHVlJTNEJTIyU3Vic2NyaWJlJTIyJTIwJTJGJTNFJTBBJTNDZGl2JTIwc3R5bGUlM0QlMjJjb2xvciUzQSUyMCUyM2ZmZiUzQiUyMGZvbnQtc2l6ZSUzQSUyMDEwcHglM0IlMjIlM0UlM0NhJTIwc3R5bGUlM0QlMjJjb2xvciUzQSUyMCUyM2ZmZiUzQiUyMGZvbnQtc2l6ZSUzQSUyMDEwcHglM0IlMjB0ZXh0LWRlY29yYXRpb24lM0ElMjBub25lJTNCJTIyJTIwaHJlZiUzRCUyMmh0dHBzJTNBJTJGJTJGd3d3LmN5YmVyaW1wYWN0LmNvbSUyMiUzRUVtYWlsJTIwbWFya2V0aW5nJTNDJTJGYSUzRSUyMCUzQ2ElMjBzdHlsZSUzRCUyMmNvbG9yJTNBJTIwJTIzZmZmJTNCJTIwZm9udC1zaXplJTNBJTIwMTBweCUzQiUyMHRleHQtZGVjb3JhdGlvbiUzQSUyMG5vbmUlM0IlMjIlMjBocmVmJTNEJTIyaHR0cHMlM0ElMkYlMkZ3d3cuY3liZXJpbXBhY3QuY29tJTIyJTNFQ3liZXJpbXBhY3QlM0MlMkZhJTNFJTNDJTJGZGl2JTNFJTNDJTJGZmllbGRzZXQlM0UlMEElM0MlMkZmb3JtJTNFJTNDJTJGZGl2JTNFJTBBJTNDJTJGZGl2JTNF[\/vc_raw_html][vc_empty_space height=&#8221;100px&#8221;][\/vc_column][vc_column width=&#8221;1\/4&#8243;][\/vc_column][\/mk_page_section]<\/p>\n","protected":false},"author":16,"featured_media":0,"parent":0,"menu_order":0,"comment_status":"closed","ping_status":"closed","template":"","meta":{"footnotes":""},"class_list":["post-4955","page","type-page","status-publish","hentry"],"yoast_head":"<!-- This site is optimized with the Yoast SEO plugin v26.4 - https:\/\/yoast.com\/wordpress\/plugins\/seo\/ -->\n<title>School of Artificial Intelligence in Health CHUM (SAIH) | Newsletter Subscription<\/title>\n<meta name=\"robots\" content=\"index, follow, max-snippet:-1, max-image-preview:large, max-video-preview:-1\" \/>\n<link rel=\"canonical\" href=\"https:\/\/eiaschum.ca\/en\/newsletter\/\" \/>\n<meta property=\"og:locale\" content=\"en_US\" \/>\n<meta property=\"og:type\" content=\"article\" \/>\n<meta property=\"og:title\" content=\"School of Artificial Intelligence in Health CHUM (SAIH) | Newsletter Subscription\" \/>\n<meta property=\"og:description\" content=\"[mk_page_section bg_image=&#8221;https:\/\/devservicesenligne.ca\/wp-content\/uploads\/2019\/05\/ecole-intelligence-artificielle-sante-chum-bg-1920&#215;605-01.jpg&#8221; bg_position=&#8221;center center&#8221; bg_repeat=&#8221;no-repeat&#8221; bg_stretch=&#8221;true&#8221; min_height=&#8221;0&#8243; full_width=&#8221;true&#8221; padding_top=&#8221;0&#8243; padding_bottom=&#8221;0&#8243; sidebar=&#8221;sidebar-1&#8243;][vc_column width=&#8221;1\/4&#8243;][\/vc_column][vc_column width=&#8221;1\/2&#8243;][vc_empty_space height=&#8221;100px&#8221;][vc_raw_html]JTNDZGl2JTIwc3R5bGUlM0QlMjJ0ZXh0LWFsaWduJTNBJTIwY2VudGVyJTNCJTIyJTNFJTBBJTNDaDUlMjBzdHlsZSUzRCUyMmNvbG9yJTNBJTIwJTIzZmZmZmZmJTNCJTIyJTNFR2V0JTIwdGhlJTIwbGF0ZXN0JTIwbmV3cyUyMGZyb20lMjB0aGUlMjBTY2hvb2wlMjBvZiUyMEFydGlmaWNpYWwlMjBJbnRlbGxpZ2VuY2UlMjBpbiUyMEhlYWx0aCUyMGRpcmVjdGx5JTIwaW4lMjB5b3VyJTIwaW5ib3glM0MlMkZoNSUzRSUwQSUzQyUyRmRpdiUzRQ==[\/vc_raw_html][vc_empty_space height=&#8221;25px&#8221;][vc_raw_html]JTNDZGl2JTIwc3R5bGUlM0QlMjJ0ZXh0LWFsaWduJTNBJTIwY2VudGVyJTNCJTIyJTNFJTBBJTNDJTIxLS0lNUJjb250YWN0LWZvcm0tNyUyMGlkJTNEJTIyNDk1MSUyMiUyMHRpdGxlJTNEJTIyTmV3c2xldHRlciUyMFN1YnNjcmlwdGlvbiUyMiU1RC0tLSUzRSUwQSUwQSUzQ2Zvcm0lMjBhY2NlcHQtY2hhcnNldCUzRCUyMnV0Zi04JTIyJTIwYWN0aW9uJTNEJTIyaHR0cHMlM0ElMkYlMkZhcHAuY3liZXJpbXBhY3QuY29tJTJGb3B0aW4lMjIlMjBtZXRob2QlM0QlMjJwb3N0JTIyJTNFJTBBJTNDZmllbGRzZXQlMjBzdHlsZSUzRCUyMnBhZGRpbmclM0ElMjAxZW0lM0IlMjBib3JkZXIlM0ElMjBub25lJTNCJTIyJTNFJTNDJTIxLS0lMEElMEElM0NsZWdlbmQlM0UlM0MlMkZsZWdlbmQlM0UtLSUzRSUwQSUzQ2RpdiUzRSUzQ2xhYmVsJTIwZm9yJTNEJTIyY2lfZmlyc3RuYW1lJTIyJTIwc3R5bGUlM0QlMjJjb2xvciUzQSUyM2ZmZiUyMiUzRUZpcnN0JTIwTmFtZSUzQSUzQyUyRmxhYmVsJTNFJTBBJTNDaW5wdXQlMjBpZCUzRCUyMmNpX2ZpcnN0bmFtZSUyMiUyMHN0eWxlJTNEJTIyd2lkdGglM0ElMjAxMDAlMjUlM0IlMjIlMjBtYXhsZW5ndGglM0QlMjIyNTUlMjIlMjBuYW1lJTNEJTIyY2lfZmlyc3RuYW1lJTIyJTIwdHlwZSUzRCUyMnRleHQlMjIlMjAlMkYlM0UlM0MlMkZkaXYlM0UlMEElM0NkaXYlM0UlM0NsYWJlbCUyMGZvciUzRCUyMmNpX2xhc3RuYW1lJTIyJTIwc3R5bGUlM0QlMjJjb2xvciUzQSUyM2ZmZiUyMiUzRUxhc3QlMjBOYW1lJTNBJTNDJTJGbGFiZWwlM0UlMEElM0NpbnB1dCUyMGlkJTNEJTIyY2lfbGFzdG5hbWUlMjIlMjBzdHlsZSUzRCUyMndpZHRoJTNBJTIwMTAwJTI1JTNCJTIyJTIwbWF4bGVuZ3RoJTNEJTIyMjU1JTIyJTIwbmFtZSUzRCUyMmNpX2xhc3RuYW1lJTIyJTIwdHlwZSUzRCUyMnRleHQlMjIlMjAlMkYlM0UlM0MlMkZkaXYlM0UlMEElM0NkaXYlM0UlM0NsYWJlbCUyMGZvciUzRCUyMmNpX2VtYWlsJTIyJTIwc3R5bGUlM0QlMjJjb2xvciUzQSUyM2ZmZiUyMiUzRUVtYWlsJTIwJTNBJTNDJTJGbGFiZWwlM0UlMEElM0NpbnB1dCUyMGlkJTNEJTIyY2lfZW1haWwlMjIlMjBzdHlsZSUzRCUyMndpZHRoJTNBJTIwMTAwJTI1JTNCJTIyJTIwbWF4bGVuZ3RoJTNEJTIyMjU1JTIyJTIwbmFtZSUzRCUyMmNpX2VtYWlsJTIyJTIwdHlwZSUzRCUyMnRleHQlMjIlMjAlMkYlM0UlM0MlMkZkaXYlM0UlMEElM0NkaXYlMjBzdHlsZSUzRCUyMmRpc3BsYXklM0ElMjBibG9jayUzQiUyMHZpc2liaWxpdHklM0ElMjBoaWRkZW4lM0IlMjBoZWlnaHQlM0ElMjAxcHglM0IlMjIlM0UlM0NpbnB1dCUyMGlkJTNEJTIyY2lfZ3JvdXBzJTIyJTIwbmFtZSUzRCUyMmNpX2dyb3VwcyUyMiUyMHR5cGUlM0QlMjJoaWRkZW4lMjIlMjB2YWx1ZSUzRCUyMjM4JTIyJTIwJTJGJTNFJTBBJTNDaW5wdXQlMjBpZCUzRCUyMmNpX2FjY291bnQlMjIlMjBuYW1lJTNEJTIyY2lfYWNjb3VudCUyMiUyMHR5cGUlM0QlMjJoaWRkZW4lMjIlMjB2YWx1ZSUzRCUyMjkyMDMyYzM0LTEzMDktNDViNC02ZDhjLTA4NjU2NWE4MmRmYiUyMiUyMCUyRiUzRSUwQSUzQ2lucHV0JTIwaWQlM0QlMjJjaV9sYW5ndWFnZSUyMiUyMG5hbWUlM0QlMjJjaV9sYW5ndWFnZSUyMiUyMHR5cGUlM0QlMjJoaWRkZW4lMjIlMjB2YWx1ZSUzRCUyMmVuX2NhJTIyJTIwJTJGJTNFJTBBJTNDaW5wdXQlMjBpZCUzRCUyMmNpX3NlbnRfdXJsJTIyJTIwbmFtZSUzRCUyMmNpX3NlbnRfdXJsJTIyJTIwdHlwZSUzRCUyMmhpZGRlbiUyMiUyMHZhbHVlJTNEJTIyaHR0cHMlM0ElMkYlMkZlaWFzY2h1bS5jYSUyRmVuJTJGb3B0LWluLXJlcXVlc3Qtc2VudC1zdWNjZXNzZnVsbHklMkYlMjIlMjAlMkYlM0UlMEElM0NpbnB1dCUyMGlkJTNEJTIyY2lfZXJyb3JfdXJsJTIyJTIwbmFtZSUzRCUyMmNpX2Vycm9yX3VybCUyMiUyMHR5cGUlM0QlMjJoaWRkZW4lMjIlMjB2YWx1ZSUzRCUyMmh0dHBzJTNBJTJGJTJGZWlhc2NodW0uY2ElMkZlbiUyRmVycm9yLWluLXRoZS1mb3JtJTJGJTIyJTIwJTJGJTNFJTBBJTNDaW5wdXQlMjBpZCUzRCUyMmNpX2NvbmZpcm1fdXJsJTIyJTIwbmFtZSUzRCUyMmNpX2NvbmZpcm1fdXJsJTIyJTIwdHlwZSUzRCUyMmhpZGRlbiUyMiUyMHZhbHVlJTNEJTIyaHR0cHMlM0ElMkYlMkZlaWFzY2h1bS5jYSUyRmVuJTJGb3B0LWluLWNvbmZpcm1lZC1zdWNjZXNzZnVsbHklMkYlMjIlMjAlMkYlM0UlM0MlMkZkaXYlM0UlMEElM0NpbnB1dCUyMGNsYXNzJTNEJTIyd3BjZjctZm9ybS1jb250cm9sJTIwd3BjZjctc3VibWl0JTIyJTIwdHlwZSUzRCUyMnN1Ym1pdCUyMiUyMHZhbHVlJTNEJTIyU3Vic2NyaWJlJTIyJTIwJTJGJTNFJTBBJTNDZGl2JTIwc3R5bGUlM0QlMjJjb2xvciUzQSUyMCUyM2ZmZiUzQiUyMGZvbnQtc2l6ZSUzQSUyMDEwcHglM0IlMjIlM0UlM0NhJTIwc3R5bGUlM0QlMjJjb2xvciUzQSUyMCUyM2ZmZiUzQiUyMGZvbnQtc2l6ZSUzQSUyMDEwcHglM0IlMjB0ZXh0LWRlY29yYXRpb24lM0ElMjBub25lJTNCJTIyJTIwaHJlZiUzRCUyMmh0dHBzJTNBJTJGJTJGd3d3LmN5YmVyaW1wYWN0LmNvbSUyMiUzRUVtYWlsJTIwbWFya2V0aW5nJTNDJTJGYSUzRSUyMCUzQ2ElMjBzdHlsZSUzRCUyMmNvbG9yJTNBJTIwJTIzZmZmJTNCJTIwZm9udC1zaXplJTNBJTIwMTBweCUzQiUyMHRleHQtZGVjb3JhdGlvbiUzQSUyMG5vbmUlM0IlMjIlMjBocmVmJTNEJTIyaHR0cHMlM0ElMkYlMkZ3d3cuY3liZXJpbXBhY3QuY29tJTIyJTNFQ3liZXJpbXBhY3QlM0MlMkZhJTNFJTNDJTJGZGl2JTNFJTNDJTJGZmllbGRzZXQlM0UlMEElM0MlMkZmb3JtJTNFJTNDJTJGZGl2JTNFJTBBJTNDJTJGZGl2JTNF[\/vc_raw_html][vc_empty_space height=&#8221;100px&#8221;][\/vc_column][vc_column width=&#8221;1\/4&#8243;][\/vc_column][\/mk_page_section]\" \/>\n<meta property=\"og:url\" content=\"https:\/\/eiaschum.ca\/en\/newsletter\/\" \/>\n<meta property=\"og:site_name\" content=\"\u00c9cole de l&#039;intelligence artificielle en sant\u00e9\" \/>\n<meta property=\"article:modified_time\" content=\"2021-03-23T19:06:26+00:00\" \/>\n<meta property=\"og:image\" content=\"https:\/\/eiaschum.ca\/wp-content\/uploads\/2020\/02\/school-artificial-intelligence-health-chum-670x351-01.jpg\" \/>\n\t<meta property=\"og:image:width\" content=\"670\" \/>\n\t<meta property=\"og:image:height\" content=\"351\" \/>\n\t<meta property=\"og:image:type\" content=\"image\/jpeg\" \/>\n<meta name=\"twitter:card\" content=\"summary_large_image\" \/>\n<meta name=\"twitter:label1\" content=\"Est. reading time\" \/>\n\t<meta name=\"twitter:data1\" content=\"2 minutes\" \/>\n<script type=\"application\/ld+json\" class=\"yoast-schema-graph\">{\"@context\":\"https:\/\/schema.org\",\"@graph\":[{\"@type\":\"WebPage\",\"@id\":\"https:\/\/eiaschum.ca\/en\/newsletter\/\",\"url\":\"https:\/\/eiaschum.ca\/en\/newsletter\/\",\"name\":\"School of Artificial Intelligence in Health CHUM (SAIH) | Newsletter Subscription\",\"isPartOf\":{\"@id\":\"https:\/\/eiaschum.ca\/#website\"},\"datePublished\":\"2019-05-06T15:54:52+00:00\",\"dateModified\":\"2021-03-23T19:06:26+00:00\",\"breadcrumb\":{\"@id\":\"https:\/\/eiaschum.ca\/en\/newsletter\/#breadcrumb\"},\"inLanguage\":\"en-US\",\"potentialAction\":[{\"@type\":\"ReadAction\",\"target\":[\"https:\/\/eiaschum.ca\/en\/newsletter\/\"]}]},{\"@type\":\"BreadcrumbList\",\"@id\":\"https:\/\/eiaschum.ca\/en\/newsletter\/#breadcrumb\",\"itemListElement\":[{\"@type\":\"ListItem\",\"position\":1,\"name\":\"Accueil\",\"item\":\"https:\/\/eiaschum.ca\/en\/\"},{\"@type\":\"ListItem\",\"position\":2,\"name\":\"Newsletter\"}]},{\"@type\":\"WebSite\",\"@id\":\"https:\/\/eiaschum.ca\/#website\",\"url\":\"https:\/\/eiaschum.ca\/\",\"name\":\"\u00c9cole de l&#039;intelligence artificielle en sant\u00e9\",\"description\":\"\u00c9cole de l&#039;intelligence artificielle en sant\u00e9\",\"potentialAction\":[{\"@type\":\"SearchAction\",\"target\":{\"@type\":\"EntryPoint\",\"urlTemplate\":\"https:\/\/eiaschum.ca\/?s={search_term_string}\"},\"query-input\":{\"@type\":\"PropertyValueSpecification\",\"valueRequired\":true,\"valueName\":\"search_term_string\"}}],\"inLanguage\":\"en-US\"}]}<\/script>\n<!-- \/ Yoast SEO plugin. -->","yoast_head_json":{"title":"School of Artificial Intelligence in Health CHUM (SAIH) | Newsletter Subscription","robots":{"index":"index","follow":"follow","max-snippet":"max-snippet:-1","max-image-preview":"max-image-preview:large","max-video-preview":"max-video-preview:-1"},"canonical":"https:\/\/eiaschum.ca\/en\/newsletter\/","og_locale":"en_US","og_type":"article","og_title":"School of Artificial Intelligence in Health CHUM (SAIH) | Newsletter Subscription","og_description":"[mk_page_section bg_image=&#8221;https:\/\/devservicesenligne.ca\/wp-content\/uploads\/2019\/05\/ecole-intelligence-artificielle-sante-chum-bg-1920&#215;605-01.jpg&#8221; bg_position=&#8221;center center&#8221; bg_repeat=&#8221;no-repeat&#8221; bg_stretch=&#8221;true&#8221; min_height=&#8221;0&#8243; full_width=&#8221;true&#8221; padding_top=&#8221;0&#8243; padding_bottom=&#8221;0&#8243; sidebar=&#8221;sidebar-1&#8243;][vc_column width=&#8221;1\/4&#8243;][\/vc_column][vc_column width=&#8221;1\/2&#8243;][vc_empty_space height=&#8221;100px&#8221;][vc_raw_html]JTNDZGl2JTIwc3R5bGUlM0QlMjJ0ZXh0LWFsaWduJTNBJTIwY2VudGVyJTNCJTIyJTNFJTBBJTNDaDUlMjBzdHlsZSUzRCUyMmNvbG9yJTNBJTIwJTIzZmZmZmZmJTNCJTIyJTNFR2V0JTIwdGhlJTIwbGF0ZXN0JTIwbmV3cyUyMGZyb20lMjB0aGUlMjBTY2hvb2wlMjBvZiUyMEFydGlmaWNpYWwlMjBJbnRlbGxpZ2VuY2UlMjBpbiUyMEhlYWx0aCUyMGRpcmVjdGx5JTIwaW4lMjB5b3VyJTIwaW5ib3glM0MlMkZoNSUzRSUwQSUzQyUyRmRpdiUzRQ==[\/vc_raw_html][vc_empty_space height=&#8221;25px&#8221;][vc_raw_html]JTNDZGl2JTIwc3R5bGUlM0QlMjJ0ZXh0LWFsaWduJTNBJTIwY2VudGVyJTNCJTIyJTNFJTBBJTNDJTIxLS0lNUJjb250YWN0LWZvcm0tNyUyMGlkJTNEJTIyNDk1MSUyMiUyMHRpdGxlJTNEJTIyTmV3c2xldHRlciUyMFN1YnNjcmlwdGlvbiUyMiU1RC0tLSUzRSUwQSUwQSUzQ2Zvcm0lMjBhY2NlcHQtY2hhcnNldCUzRCUyMnV0Zi04JTIyJTIwYWN0aW9uJTNEJTIyaHR0cHMlM0ElMkYlMkZhcHAuY3liZXJpbXBhY3QuY29tJTJGb3B0aW4lMjIlMjBtZXRob2QlM0QlMjJwb3N0JTIyJTNFJTBBJTNDZmllbGRzZXQlMjBzdHlsZSUzRCUyMnBhZGRpbmclM0ElMjAxZW0lM0IlMjBib3JkZXIlM0ElMjBub25lJTNCJTIyJTNFJTNDJTIxLS0lMEElMEElM0NsZWdlbmQlM0UlM0MlMkZsZWdlbmQlM0UtLSUzRSUwQSUzQ2RpdiUzRSUzQ2xhYmVsJTIwZm9yJTNEJTIyY2lfZmlyc3RuYW1lJTIyJTIwc3R5bGUlM0QlMjJjb2xvciUzQSUyM2ZmZiUyMiUzRUZpcnN0JTIwTmFtZSUzQSUzQyUyRmxhYmVsJTNFJTBBJTNDaW5wdXQlMjBpZCUzRCUyMmNpX2ZpcnN0bmFtZSUyMiUyMHN0eWxlJTNEJTIyd2lkdGglM0ElMjAxMDAlMjUlM0IlMjIlMjBtYXhsZW5ndGglM0QlMjIyNTUlMjIlMjBuYW1lJTNEJTIyY2lfZmlyc3RuYW1lJTIyJTIwdHlwZSUzRCUyMnRleHQlMjIlMjAlMkYlM0UlM0MlMkZkaXYlM0UlMEElM0NkaXYlM0UlM0NsYWJlbCUyMGZvciUzRCUyMmNpX2xhc3RuYW1lJTIyJTIwc3R5bGUlM0QlMjJjb2xvciUzQSUyM2ZmZiUyMiUzRUxhc3QlMjBOYW1lJTNBJTNDJTJGbGFiZWwlM0UlMEElM0NpbnB1dCUyMGlkJTNEJTIyY2lfbGFzdG5hbWUlMjIlMjBzdHlsZSUzRCUyMndpZHRoJTNBJTIwMTAwJTI1JTNCJTIyJTIwbWF4bGVuZ3RoJTNEJTIyMjU1JTIyJTIwbmFtZSUzRCUyMmNpX2xhc3RuYW1lJTIyJTIwdHlwZSUzRCUyMnRleHQlMjIlMjAlMkYlM0UlM0MlMkZkaXYlM0UlMEElM0NkaXYlM0UlM0NsYWJlbCUyMGZvciUzRCUyMmNpX2VtYWlsJTIyJTIwc3R5bGUlM0QlMjJjb2xvciUzQSUyM2ZmZiUyMiUzRUVtYWlsJTIwJTNBJTNDJTJGbGFiZWwlM0UlMEElM0NpbnB1dCUyMGlkJTNEJTIyY2lfZW1haWwlMjIlMjBzdHlsZSUzRCUyMndpZHRoJTNBJTIwMTAwJTI1JTNCJTIyJTIwbWF4bGVuZ3RoJTNEJTIyMjU1JTIyJTIwbmFtZSUzRCUyMmNpX2VtYWlsJTIyJTIwdHlwZSUzRCUyMnRleHQlMjIlMjAlMkYlM0UlM0MlMkZkaXYlM0UlMEElM0NkaXYlMjBzdHlsZSUzRCUyMmRpc3BsYXklM0ElMjBibG9jayUzQiUyMHZpc2liaWxpdHklM0ElMjBoaWRkZW4lM0IlMjBoZWlnaHQlM0ElMjAxcHglM0IlMjIlM0UlM0NpbnB1dCUyMGlkJTNEJTIyY2lfZ3JvdXBzJTIyJTIwbmFtZSUzRCUyMmNpX2dyb3VwcyUyMiUyMHR5cGUlM0QlMjJoaWRkZW4lMjIlMjB2YWx1ZSUzRCUyMjM4JTIyJTIwJTJGJTNFJTBBJTNDaW5wdXQlMjBpZCUzRCUyMmNpX2FjY291bnQlMjIlMjBuYW1lJTNEJTIyY2lfYWNjb3VudCUyMiUyMHR5cGUlM0QlMjJoaWRkZW4lMjIlMjB2YWx1ZSUzRCUyMjkyMDMyYzM0LTEzMDktNDViNC02ZDhjLTA4NjU2NWE4MmRmYiUyMiUyMCUyRiUzRSUwQSUzQ2lucHV0JTIwaWQlM0QlMjJjaV9sYW5ndWFnZSUyMiUyMG5hbWUlM0QlMjJjaV9sYW5ndWFnZSUyMiUyMHR5cGUlM0QlMjJoaWRkZW4lMjIlMjB2YWx1ZSUzRCUyMmVuX2NhJTIyJTIwJTJGJTNFJTBBJTNDaW5wdXQlMjBpZCUzRCUyMmNpX3NlbnRfdXJsJTIyJTIwbmFtZSUzRCUyMmNpX3NlbnRfdXJsJTIyJTIwdHlwZSUzRCUyMmhpZGRlbiUyMiUyMHZhbHVlJTNEJTIyaHR0cHMlM0ElMkYlMkZlaWFzY2h1bS5jYSUyRmVuJTJGb3B0LWluLXJlcXVlc3Qtc2VudC1zdWNjZXNzZnVsbHklMkYlMjIlMjAlMkYlM0UlMEElM0NpbnB1dCUyMGlkJTNEJTIyY2lfZXJyb3JfdXJsJTIyJTIwbmFtZSUzRCUyMmNpX2Vycm9yX3VybCUyMiUyMHR5cGUlM0QlMjJoaWRkZW4lMjIlMjB2YWx1ZSUzRCUyMmh0dHBzJTNBJTJGJTJGZWlhc2NodW0uY2ElMkZlbiUyRmVycm9yLWluLXRoZS1mb3JtJTJGJTIyJTIwJTJGJTNFJTBBJTNDaW5wdXQlMjBpZCUzRCUyMmNpX2NvbmZpcm1fdXJsJTIyJTIwbmFtZSUzRCUyMmNpX2NvbmZpcm1fdXJsJTIyJTIwdHlwZSUzRCUyMmhpZGRlbiUyMiUyMHZhbHVlJTNEJTIyaHR0cHMlM0ElMkYlMkZlaWFzY2h1bS5jYSUyRmVuJTJGb3B0LWluLWNvbmZpcm1lZC1zdWNjZXNzZnVsbHklMkYlMjIlMjAlMkYlM0UlM0MlMkZkaXYlM0UlMEElM0NpbnB1dCUyMGNsYXNzJTNEJTIyd3BjZjctZm9ybS1jb250cm9sJTIwd3BjZjctc3VibWl0JTIyJTIwdHlwZSUzRCUyMnN1Ym1pdCUyMiUyMHZhbHVlJTNEJTIyU3Vic2NyaWJlJTIyJTIwJTJGJTNFJTBBJTNDZGl2JTIwc3R5bGUlM0QlMjJjb2xvciUzQSUyMCUyM2ZmZiUzQiUyMGZvbnQtc2l6ZSUzQSUyMDEwcHglM0IlMjIlM0UlM0NhJTIwc3R5bGUlM0QlMjJjb2xvciUzQSUyMCUyM2ZmZiUzQiUyMGZvbnQtc2l6ZSUzQSUyMDEwcHglM0IlMjB0ZXh0LWRlY29yYXRpb24lM0ElMjBub25lJTNCJTIyJTIwaHJlZiUzRCUyMmh0dHBzJTNBJTJGJTJGd3d3LmN5YmVyaW1wYWN0LmNvbSUyMiUzRUVtYWlsJTIwbWFya2V0aW5nJTNDJTJGYSUzRSUyMCUzQ2ElMjBzdHlsZSUzRCUyMmNvbG9yJTNBJTIwJTIzZmZmJTNCJTIwZm9udC1zaXplJTNBJTIwMTBweCUzQiUyMHRleHQtZGVjb3JhdGlvbiUzQSUyMG5vbmUlM0IlMjIlMjBocmVmJTNEJTIyaHR0cHMlM0ElMkYlMkZ3d3cuY3liZXJpbXBhY3QuY29tJTIyJTNFQ3liZXJpbXBhY3QlM0MlMkZhJTNFJTNDJTJGZGl2JTNFJTNDJTJGZmllbGRzZXQlM0UlMEElM0MlMkZmb3JtJTNFJTNDJTJGZGl2JTNFJTBBJTNDJTJGZGl2JTNF[\/vc_raw_html][vc_empty_space height=&#8221;100px&#8221;][\/vc_column][vc_column width=&#8221;1\/4&#8243;][\/vc_column][\/mk_page_section]","og_url":"https:\/\/eiaschum.ca\/en\/newsletter\/","og_site_name":"\u00c9cole de l&#039;intelligence artificielle en sant\u00e9","article_modified_time":"2021-03-23T19:06:26+00:00","og_image":[{"width":670,"height":351,"url":"https:\/\/eiaschum.ca\/wp-content\/uploads\/2020\/02\/school-artificial-intelligence-health-chum-670x351-01.jpg","type":"image\/jpeg"}],"twitter_card":"summary_large_image","twitter_misc":{"Est. reading time":"2 minutes"},"schema":{"@context":"https:\/\/schema.org","@graph":[{"@type":"WebPage","@id":"https:\/\/eiaschum.ca\/en\/newsletter\/","url":"https:\/\/eiaschum.ca\/en\/newsletter\/","name":"School of Artificial Intelligence in Health CHUM (SAIH) | Newsletter Subscription","isPartOf":{"@id":"https:\/\/eiaschum.ca\/#website"},"datePublished":"2019-05-06T15:54:52+00:00","dateModified":"2021-03-23T19:06:26+00:00","breadcrumb":{"@id":"https:\/\/eiaschum.ca\/en\/newsletter\/#breadcrumb"},"inLanguage":"en-US","potentialAction":[{"@type":"ReadAction","target":["https:\/\/eiaschum.ca\/en\/newsletter\/"]}]},{"@type":"BreadcrumbList","@id":"https:\/\/eiaschum.ca\/en\/newsletter\/#breadcrumb","itemListElement":[{"@type":"ListItem","position":1,"name":"Accueil","item":"https:\/\/eiaschum.ca\/en\/"},{"@type":"ListItem","position":2,"name":"Newsletter"}]},{"@type":"WebSite","@id":"https:\/\/eiaschum.ca\/#website","url":"https:\/\/eiaschum.ca\/","name":"\u00c9cole de l&#039;intelligence artificielle en sant\u00e9","description":"\u00c9cole de l&#039;intelligence artificielle en sant\u00e9","potentialAction":[{"@type":"SearchAction","target":{"@type":"EntryPoint","urlTemplate":"https:\/\/eiaschum.ca\/?s={search_term_string}"},"query-input":{"@type":"PropertyValueSpecification","valueRequired":true,"valueName":"search_term_string"}}],"inLanguage":"en-US"}]}},"_links":{"self":[{"href":"https:\/\/eiaschum.ca\/en\/wp-json\/wp\/v2\/pages\/4955","targetHints":{"allow":["GET"]}}],"collection":[{"href":"https:\/\/eiaschum.ca\/en\/wp-json\/wp\/v2\/pages"}],"about":[{"href":"https:\/\/eiaschum.ca\/en\/wp-json\/wp\/v2\/types\/page"}],"author":[{"embeddable":true,"href":"https:\/\/eiaschum.ca\/en\/wp-json\/wp\/v2\/users\/16"}],"replies":[{"embeddable":true,"href":"https:\/\/eiaschum.ca\/en\/wp-json\/wp\/v2\/comments?post=4955"}],"version-history":[{"count":5,"href":"https:\/\/eiaschum.ca\/en\/wp-json\/wp\/v2\/pages\/4955\/revisions"}],"predecessor-version":[{"id":8655,"href":"https:\/\/eiaschum.ca\/en\/wp-json\/wp\/v2\/pages\/4955\/revisions\/8655"}],"wp:attachment":[{"href":"https:\/\/eiaschum.ca\/en\/wp-json\/wp\/v2\/media?parent=4955"}],"curies":[{"name":"wp","href":"https:\/\/api.w.org\/{rel}","templated":true}]}}