{"id":5288,"date":"2019-12-19T16:23:13","date_gmt":"2019-12-19T16:23:13","guid":{"rendered":"https:\/\/eiaschum.ca\/devenez-collaborateur\/"},"modified":"2023-06-21T16:47:45","modified_gmt":"2023-06-21T20:47:45","slug":"become-a-collaborator","status":"publish","type":"page","link":"https:\/\/eiaschum.ca\/en\/become-a-collaborator\/","title":{"rendered":"Become A Collaborator"},"content":{"rendered":"[mk_page_section bg_color=&#8221;#ffffff&#8221; bg_position=&#8221;center center&#8221; bg_repeat=&#8221;no-repeat&#8221; bg_stretch=&#8221;true&#8221; min_height=&#8221;0&#8243; padding_top=&#8221;0&#8243; padding_bottom=&#8221;0&#8243; sidebar=&#8221;sidebar-1&#8243;][vc_column width=&#8221;1\/4&#8243;][\/vc_column][vc_column width=&#8221;1\/2&#8243;][vc_empty_space height=&#8221;50px&#8221;][vc_raw_html]JTNDcCUzRURvJTIweW91JTIwd2lzaCUyMHRvJTIwaGVscCUyMGdyb3clMjBTQUlIJUUyJTgwJTk5cyUyMHNlcnZpY2VzJTIwYW5kJTIwc3VwcG9ydCUyMGl0cyUyMG1pc3Npb24lM0YlMjAlM0MlMkZwJTNFJTBBJTBBJTNDcCUzRVdlJTIwYXJlJTIwY29udGludWFsbHklMjBsb29raW5nJTIwZm9yJTIwaW5ub3ZhdGl2ZSUyMHBhcnRuZXJzJTIwdG8lMjBiZXR0ZXIlMjB0cmFuc2Zvcm0lMjBoZWFsdGhjYXJlJTIwdGhyb3VnaCUyMEFJLiUyMFRoYW5rJTIweW91JTIwZm9yJTIweW91ciUyMGludGVyZXN0JTIwaW4lMjBjb2xsYWJvcmF0aW5nJTIwd2l0aCUyMHRoZSUyMFNBSUglMjBhdCUyMHRoZSUyMENIVU0uJTIwUGxlYXNlJTIwZmlsbCUyMG91dCUyMHRoZSUyMGluZm9ybWF0aW9uJTIwc2hlZXQlMjBiZWxvdy4lMjBXZSUyMHdpbGwlMjBmb2xsb3clMjB1cCUyMHByb21wdGx5JTIwb24lMjB5b3VyJTIwcmVxdWVzdCUzQyUyRnAlM0UlMEElMEElM0NwJTNFV2UlMjBsb29rJTIwZm9yd2FyZCUyMHRvJTIwdGVhbWluZyUyMHVwJTIxJTNDJTJGcCUzRSUwQSUwQSUzQ2RpdiUyMHN0eWxlJTNEJTIydGV4dC1hbGlnbiUzQSUyMGNlbnRlciUzQiUyMiUzRSUwQSUzQ2gxJTNFQmVjb21lJTIwQSUyMENvbGxhYm9yYXRvciUzQyUyRmgxJTNFJTBBJTNDYnIlMjAlMkYlM0UlMEElM0NiciUyMCUyRiUzRSUwQSU1QmNvbnRhY3QtZm9ybS03JTIwaWQlM0QlMjI1MjgwJTIyJTIwdGl0bGUlM0QlMjJCZWNvbWUlMjBBJTIwQ29sbGFib3JhdG9yJTIyJTVEJTBBJTNDJTJGZGl2JTNF[\/vc_raw_html][vc_empty_space height=&#8221;50px&#8221;][\/vc_column][vc_column width=&#8221;1\/4&#8243;][\/vc_column][\/mk_page_section]\n","protected":false},"excerpt":{"rendered":"<p>[mk_page_section bg_color=&#8221;#ffffff&#8221; bg_position=&#8221;center center&#8221; bg_repeat=&#8221;no-repeat&#8221; bg_stretch=&#8221;true&#8221; min_height=&#8221;0&#8243; padding_top=&#8221;0&#8243; padding_bottom=&#8221;0&#8243; sidebar=&#8221;sidebar-1&#8243;][vc_column width=&#8221;1\/4&#8243;][\/vc_column][vc_column width=&#8221;1\/2&#8243;][vc_empty_space height=&#8221;50px&#8221;][vc_raw_html]JTNDcCUzRURvJTIweW91JTIwd2lzaCUyMHRvJTIwaGVscCUyMGdyb3clMjBTQUlIJUUyJTgwJTk5cyUyMHNlcnZpY2VzJTIwYW5kJTIwc3VwcG9ydCUyMGl0cyUyMG1pc3Npb24lM0YlMjAlM0MlMkZwJTNFJTBBJTBBJTNDcCUzRVdlJTIwYXJlJTIwY29udGludWFsbHklMjBsb29raW5nJTIwZm9yJTIwaW5ub3ZhdGl2ZSUyMHBhcnRuZXJzJTIwdG8lMjBiZXR0ZXIlMjB0cmFuc2Zvcm0lMjBoZWFsdGhjYXJlJTIwdGhyb3VnaCUyMEFJLiUyMFRoYW5rJTIweW91JTIwZm9yJTIweW91ciUyMGludGVyZXN0JTIwaW4lMjBjb2xsYWJvcmF0aW5nJTIwd2l0aCUyMHRoZSUyMFNBSUglMjBhdCUyMHRoZSUyMENIVU0uJTIwUGxlYXNlJTIwZmlsbCUyMG91dCUyMHRoZSUyMGluZm9ybWF0aW9uJTIwc2hlZXQlMjBiZWxvdy4lMjBXZSUyMHdpbGwlMjBmb2xsb3clMjB1cCUyMHByb21wdGx5JTIwb24lMjB5b3VyJTIwcmVxdWVzdCUzQyUyRnAlM0UlMEElMEElM0NwJTNFV2UlMjBsb29rJTIwZm9yd2FyZCUyMHRvJTIwdGVhbWluZyUyMHVwJTIxJTNDJTJGcCUzRSUwQSUwQSUzQ2RpdiUyMHN0eWxlJTNEJTIydGV4dC1hbGlnbiUzQSUyMGNlbnRlciUzQiUyMiUzRSUwQSUzQ2gxJTNFQmVjb21lJTIwQSUyMENvbGxhYm9yYXRvciUzQyUyRmgxJTNFJTBBJTNDYnIlMjAlMkYlM0UlMEElM0NiciUyMCUyRiUzRSUwQSU1QmNvbnRhY3QtZm9ybS03JTIwaWQlM0QlMjI1MjgwJTIyJTIwdGl0bGUlM0QlMjJCZWNvbWUlMjBBJTIwQ29sbGFib3JhdG9yJTIyJTVEJTBBJTNDJTJGZGl2JTNF[\/vc_raw_html][vc_empty_space height=&#8221;50px&#8221;][\/vc_column][vc_column width=&#8221;1\/4&#8243;][\/vc_column][\/mk_page_section]<\/p>\n","protected":false},"author":16,"featured_media":0,"parent":0,"menu_order":0,"comment_status":"closed","ping_status":"closed","template":"","meta":{"footnotes":""},"class_list":["post-5288","page","type-page","status-publish","hentry"],"yoast_head":"<!-- This site is optimized with the Yoast SEO plugin v26.4 - https:\/\/yoast.com\/wordpress\/plugins\/seo\/ -->\n<title>School of Artificial Intelligence in Health CHUM (SAIH) | Become A Collaborator<\/title>\n<meta name=\"robots\" content=\"index, follow, max-snippet:-1, max-image-preview:large, max-video-preview:-1\" \/>\n<link rel=\"canonical\" href=\"https:\/\/eiaschum.ca\/en\/become-a-collaborator\/\" \/>\n<meta property=\"og:locale\" content=\"en_US\" \/>\n<meta property=\"og:type\" content=\"article\" \/>\n<meta property=\"og:title\" content=\"School of Artificial Intelligence in Health CHUM | Become A Collaborator\" \/>\n<meta property=\"og:description\" content=\"[mk_page_section bg_color=&#8221;#ffffff&#8221; bg_position=&#8221;center center&#8221; bg_repeat=&#8221;no-repeat&#8221; bg_stretch=&#8221;true&#8221; min_height=&#8221;0&#8243; padding_top=&#8221;0&#8243; padding_bottom=&#8221;0&#8243; sidebar=&#8221;sidebar-1&#8243;][vc_column width=&#8221;1\/4&#8243;][\/vc_column][vc_column width=&#8221;1\/2&#8243;][vc_empty_space height=&#8221;50px&#8221;][vc_raw_html]JTNDcCUzRURvJTIweW91JTIwd2lzaCUyMHRvJTIwaGVscCUyMGdyb3clMjBTQUlIJUUyJTgwJTk5cyUyMHNlcnZpY2VzJTIwYW5kJTIwc3VwcG9ydCUyMGl0cyUyMG1pc3Npb24lM0YlMjAlM0MlMkZwJTNFJTBBJTBBJTNDcCUzRVdlJTIwYXJlJTIwY29udGludWFsbHklMjBsb29raW5nJTIwZm9yJTIwaW5ub3ZhdGl2ZSUyMHBhcnRuZXJzJTIwdG8lMjBiZXR0ZXIlMjB0cmFuc2Zvcm0lMjBoZWFsdGhjYXJlJTIwdGhyb3VnaCUyMEFJLiUyMFRoYW5rJTIweW91JTIwZm9yJTIweW91ciUyMGludGVyZXN0JTIwaW4lMjBjb2xsYWJvcmF0aW5nJTIwd2l0aCUyMHRoZSUyMFNBSUglMjBhdCUyMHRoZSUyMENIVU0uJTIwUGxlYXNlJTIwZmlsbCUyMG91dCUyMHRoZSUyMGluZm9ybWF0aW9uJTIwc2hlZXQlMjBiZWxvdy4lMjBXZSUyMHdpbGwlMjBmb2xsb3clMjB1cCUyMHByb21wdGx5JTIwb24lMjB5b3VyJTIwcmVxdWVzdCUzQyUyRnAlM0UlMEElMEElM0NwJTNFV2UlMjBsb29rJTIwZm9yd2FyZCUyMHRvJTIwdGVhbWluZyUyMHVwJTIxJTNDJTJGcCUzRSUwQSUwQSUzQ2RpdiUyMHN0eWxlJTNEJTIydGV4dC1hbGlnbiUzQSUyMGNlbnRlciUzQiUyMiUzRSUwQSUzQ2gxJTNFQmVjb21lJTIwQSUyMENvbGxhYm9yYXRvciUzQyUyRmgxJTNFJTBBJTNDYnIlMjAlMkYlM0UlMEElM0NiciUyMCUyRiUzRSUwQSU1QmNvbnRhY3QtZm9ybS03JTIwaWQlM0QlMjI1MjgwJTIyJTIwdGl0bGUlM0QlMjJCZWNvbWUlMjBBJTIwQ29sbGFib3JhdG9yJTIyJTVEJTBBJTNDJTJGZGl2JTNF[\/vc_raw_html][vc_empty_space height=&#8221;50px&#8221;][\/vc_column][vc_column width=&#8221;1\/4&#8243;][\/vc_column][\/mk_page_section]\" \/>\n<meta property=\"og:url\" content=\"https:\/\/eiaschum.ca\/en\/become-a-collaborator\/\" \/>\n<meta property=\"og:site_name\" content=\"\u00c9cole de l&#039;intelligence artificielle en sant\u00e9\" \/>\n<meta property=\"article:modified_time\" content=\"2023-06-21T20:47:45+00:00\" \/>\n<meta property=\"og:image\" content=\"https:\/\/eiaschum.ca\/wp-content\/uploads\/2020\/02\/school-artificial-intelligence-health-chum-670x351-01.jpg\" \/>\n\t<meta property=\"og:image:width\" content=\"670\" \/>\n\t<meta property=\"og:image:height\" content=\"351\" \/>\n\t<meta property=\"og:image:type\" content=\"image\/jpeg\" \/>\n<meta name=\"twitter:card\" content=\"summary_large_image\" \/>\n<meta name=\"twitter:label1\" content=\"Est. reading time\" \/>\n\t<meta name=\"twitter:data1\" content=\"1 minute\" \/>\n<script type=\"application\/ld+json\" class=\"yoast-schema-graph\">{\"@context\":\"https:\/\/schema.org\",\"@graph\":[{\"@type\":\"WebPage\",\"@id\":\"https:\/\/eiaschum.ca\/en\/become-a-collaborator\/\",\"url\":\"https:\/\/eiaschum.ca\/en\/become-a-collaborator\/\",\"name\":\"School of Artificial Intelligence in Health CHUM (SAIH) | Become A Collaborator\",\"isPartOf\":{\"@id\":\"https:\/\/eiaschum.ca\/#website\"},\"datePublished\":\"2019-12-19T16:23:13+00:00\",\"dateModified\":\"2023-06-21T20:47:45+00:00\",\"breadcrumb\":{\"@id\":\"https:\/\/eiaschum.ca\/en\/become-a-collaborator\/#breadcrumb\"},\"inLanguage\":\"en-US\",\"potentialAction\":[{\"@type\":\"ReadAction\",\"target\":[\"https:\/\/eiaschum.ca\/en\/become-a-collaborator\/\"]}]},{\"@type\":\"BreadcrumbList\",\"@id\":\"https:\/\/eiaschum.ca\/en\/become-a-collaborator\/#breadcrumb\",\"itemListElement\":[{\"@type\":\"ListItem\",\"position\":1,\"name\":\"Accueil\",\"item\":\"https:\/\/eiaschum.ca\/en\/\"},{\"@type\":\"ListItem\",\"position\":2,\"name\":\"Become A Collaborator\"}]},{\"@type\":\"WebSite\",\"@id\":\"https:\/\/eiaschum.ca\/#website\",\"url\":\"https:\/\/eiaschum.ca\/\",\"name\":\"\u00c9cole de l&#039;intelligence artificielle en sant\u00e9\",\"description\":\"\u00c9cole de l&#039;intelligence artificielle en sant\u00e9\",\"potentialAction\":[{\"@type\":\"SearchAction\",\"target\":{\"@type\":\"EntryPoint\",\"urlTemplate\":\"https:\/\/eiaschum.ca\/?s={search_term_string}\"},\"query-input\":{\"@type\":\"PropertyValueSpecification\",\"valueRequired\":true,\"valueName\":\"search_term_string\"}}],\"inLanguage\":\"en-US\"}]}<\/script>\n<!-- \/ Yoast SEO plugin. -->","yoast_head_json":{"title":"School of Artificial Intelligence in Health CHUM (SAIH) | Become A Collaborator","robots":{"index":"index","follow":"follow","max-snippet":"max-snippet:-1","max-image-preview":"max-image-preview:large","max-video-preview":"max-video-preview:-1"},"canonical":"https:\/\/eiaschum.ca\/en\/become-a-collaborator\/","og_locale":"en_US","og_type":"article","og_title":"School of Artificial Intelligence in Health CHUM | Become A Collaborator","og_description":"[mk_page_section bg_color=&#8221;#ffffff&#8221; bg_position=&#8221;center center&#8221; bg_repeat=&#8221;no-repeat&#8221; bg_stretch=&#8221;true&#8221; min_height=&#8221;0&#8243; padding_top=&#8221;0&#8243; padding_bottom=&#8221;0&#8243; sidebar=&#8221;sidebar-1&#8243;][vc_column width=&#8221;1\/4&#8243;][\/vc_column][vc_column width=&#8221;1\/2&#8243;][vc_empty_space height=&#8221;50px&#8221;][vc_raw_html]JTNDcCUzRURvJTIweW91JTIwd2lzaCUyMHRvJTIwaGVscCUyMGdyb3clMjBTQUlIJUUyJTgwJTk5cyUyMHNlcnZpY2VzJTIwYW5kJTIwc3VwcG9ydCUyMGl0cyUyMG1pc3Npb24lM0YlMjAlM0MlMkZwJTNFJTBBJTBBJTNDcCUzRVdlJTIwYXJlJTIwY29udGludWFsbHklMjBsb29raW5nJTIwZm9yJTIwaW5ub3ZhdGl2ZSUyMHBhcnRuZXJzJTIwdG8lMjBiZXR0ZXIlMjB0cmFuc2Zvcm0lMjBoZWFsdGhjYXJlJTIwdGhyb3VnaCUyMEFJLiUyMFRoYW5rJTIweW91JTIwZm9yJTIweW91ciUyMGludGVyZXN0JTIwaW4lMjBjb2xsYWJvcmF0aW5nJTIwd2l0aCUyMHRoZSUyMFNBSUglMjBhdCUyMHRoZSUyMENIVU0uJTIwUGxlYXNlJTIwZmlsbCUyMG91dCUyMHRoZSUyMGluZm9ybWF0aW9uJTIwc2hlZXQlMjBiZWxvdy4lMjBXZSUyMHdpbGwlMjBmb2xsb3clMjB1cCUyMHByb21wdGx5JTIwb24lMjB5b3VyJTIwcmVxdWVzdCUzQyUyRnAlM0UlMEElMEElM0NwJTNFV2UlMjBsb29rJTIwZm9yd2FyZCUyMHRvJTIwdGVhbWluZyUyMHVwJTIxJTNDJTJGcCUzRSUwQSUwQSUzQ2RpdiUyMHN0eWxlJTNEJTIydGV4dC1hbGlnbiUzQSUyMGNlbnRlciUzQiUyMiUzRSUwQSUzQ2gxJTNFQmVjb21lJTIwQSUyMENvbGxhYm9yYXRvciUzQyUyRmgxJTNFJTBBJTNDYnIlMjAlMkYlM0UlMEElM0NiciUyMCUyRiUzRSUwQSU1QmNvbnRhY3QtZm9ybS03JTIwaWQlM0QlMjI1MjgwJTIyJTIwdGl0bGUlM0QlMjJCZWNvbWUlMjBBJTIwQ29sbGFib3JhdG9yJTIyJTVEJTBBJTNDJTJGZGl2JTNF[\/vc_raw_html][vc_empty_space height=&#8221;50px&#8221;][\/vc_column][vc_column width=&#8221;1\/4&#8243;][\/vc_column][\/mk_page_section]","og_url":"https:\/\/eiaschum.ca\/en\/become-a-collaborator\/","og_site_name":"\u00c9cole de l&#039;intelligence artificielle en sant\u00e9","article_modified_time":"2023-06-21T20:47:45+00:00","og_image":[{"width":670,"height":351,"url":"https:\/\/eiaschum.ca\/wp-content\/uploads\/2020\/02\/school-artificial-intelligence-health-chum-670x351-01.jpg","type":"image\/jpeg"}],"twitter_card":"summary_large_image","twitter_misc":{"Est. reading time":"1 minute"},"schema":{"@context":"https:\/\/schema.org","@graph":[{"@type":"WebPage","@id":"https:\/\/eiaschum.ca\/en\/become-a-collaborator\/","url":"https:\/\/eiaschum.ca\/en\/become-a-collaborator\/","name":"School of Artificial Intelligence in Health CHUM (SAIH) | Become A Collaborator","isPartOf":{"@id":"https:\/\/eiaschum.ca\/#website"},"datePublished":"2019-12-19T16:23:13+00:00","dateModified":"2023-06-21T20:47:45+00:00","breadcrumb":{"@id":"https:\/\/eiaschum.ca\/en\/become-a-collaborator\/#breadcrumb"},"inLanguage":"en-US","potentialAction":[{"@type":"ReadAction","target":["https:\/\/eiaschum.ca\/en\/become-a-collaborator\/"]}]},{"@type":"BreadcrumbList","@id":"https:\/\/eiaschum.ca\/en\/become-a-collaborator\/#breadcrumb","itemListElement":[{"@type":"ListItem","position":1,"name":"Accueil","item":"https:\/\/eiaschum.ca\/en\/"},{"@type":"ListItem","position":2,"name":"Become A Collaborator"}]},{"@type":"WebSite","@id":"https:\/\/eiaschum.ca\/#website","url":"https:\/\/eiaschum.ca\/","name":"\u00c9cole de l&#039;intelligence artificielle en sant\u00e9","description":"\u00c9cole de l&#039;intelligence artificielle en sant\u00e9","potentialAction":[{"@type":"SearchAction","target":{"@type":"EntryPoint","urlTemplate":"https:\/\/eiaschum.ca\/?s={search_term_string}"},"query-input":{"@type":"PropertyValueSpecification","valueRequired":true,"valueName":"search_term_string"}}],"inLanguage":"en-US"}]}},"_links":{"self":[{"href":"https:\/\/eiaschum.ca\/en\/wp-json\/wp\/v2\/pages\/5288","targetHints":{"allow":["GET"]}}],"collection":[{"href":"https:\/\/eiaschum.ca\/en\/wp-json\/wp\/v2\/pages"}],"about":[{"href":"https:\/\/eiaschum.ca\/en\/wp-json\/wp\/v2\/types\/page"}],"author":[{"embeddable":true,"href":"https:\/\/eiaschum.ca\/en\/wp-json\/wp\/v2\/users\/16"}],"replies":[{"embeddable":true,"href":"https:\/\/eiaschum.ca\/en\/wp-json\/wp\/v2\/comments?post=5288"}],"version-history":[{"count":3,"href":"https:\/\/eiaschum.ca\/en\/wp-json\/wp\/v2\/pages\/5288\/revisions"}],"predecessor-version":[{"id":14492,"href":"https:\/\/eiaschum.ca\/en\/wp-json\/wp\/v2\/pages\/5288\/revisions\/14492"}],"wp:attachment":[{"href":"https:\/\/eiaschum.ca\/en\/wp-json\/wp\/v2\/media?parent=5288"}],"curies":[{"name":"wp","href":"https:\/\/api.w.org\/{rel}","templated":true}]}}