{"id":8468,"date":"2021-03-08T18:59:17","date_gmt":"2021-03-08T18:59:17","guid":{"rendered":"https:\/\/eiaschum.ca\/?page_id=8468"},"modified":"2021-03-08T18:59:17","modified_gmt":"2021-03-08T18:59:17","slug":"opt-in-request-sent-successfully","status":"publish","type":"page","link":"https:\/\/eiaschum.ca\/en\/opt-in-request-sent-successfully\/","title":{"rendered":"Opt-in request sent successfully"},"content":{"rendered":"<p>A confirmation has been sent to you by email.<\/p>\n<p>To complete your subscription, simply click the &#8220;Confirm my email&#8221; button that you will find in this email.<\/p>\n<p>If this email is not in your inbox, check your junk mail box. To receive future emails and benefit from your subscription, make sure to add our address to your safe senders\u2019 list.<\/p>\n","protected":false},"excerpt":{"rendered":"<p>A confirmation has been sent to you by email. To complete your subscription, simply click the &#8220;Confirm my email&#8221; button that you will find in this email. If this email is not in your inbox, check your junk mail box. To receive future emails and benefit from your subscription, make sure to add our address [&hellip;]<\/p>\n","protected":false},"author":6,"featured_media":0,"parent":0,"menu_order":0,"comment_status":"closed","ping_status":"closed","template":"","meta":{"footnotes":""},"class_list":["post-8468","page","type-page","status-publish","hentry"],"yoast_head":"<!-- This site is optimized with the Yoast SEO plugin v26.4 - https:\/\/yoast.com\/wordpress\/plugins\/seo\/ -->\n<title>Opt-in request sent successfully - \u00c9cole de l&#039;intelligence artificielle en sant\u00e9<\/title>\n<meta name=\"robots\" content=\"index, follow, max-snippet:-1, max-image-preview:large, max-video-preview:-1\" \/>\n<link rel=\"canonical\" href=\"https:\/\/eiaschum.ca\/en\/opt-in-request-sent-successfully\/\" \/>\n<meta property=\"og:locale\" content=\"en_US\" \/>\n<meta property=\"og:type\" content=\"article\" \/>\n<meta property=\"og:title\" content=\"Opt-in request sent successfully - \u00c9cole de l&#039;intelligence artificielle en sant\u00e9\" \/>\n<meta property=\"og:description\" content=\"A confirmation has been sent to you by email. To complete your subscription, simply click the &#8220;Confirm my email&#8221; button that you will find in this email. If this email is not in your inbox, check your junk mail box. To receive future emails and benefit from your subscription, make sure to add our address [&hellip;]\" \/>\n<meta property=\"og:url\" content=\"https:\/\/eiaschum.ca\/en\/opt-in-request-sent-successfully\/\" \/>\n<meta property=\"og:site_name\" content=\"\u00c9cole de l&#039;intelligence artificielle en sant\u00e9\" \/>\n<meta name=\"twitter:card\" content=\"summary_large_image\" \/>\n<script type=\"application\/ld+json\" class=\"yoast-schema-graph\">{\"@context\":\"https:\/\/schema.org\",\"@graph\":[{\"@type\":\"WebPage\",\"@id\":\"https:\/\/eiaschum.ca\/en\/opt-in-request-sent-successfully\/\",\"url\":\"https:\/\/eiaschum.ca\/en\/opt-in-request-sent-successfully\/\",\"name\":\"Opt-in request sent successfully - \u00c9cole de l&#039;intelligence artificielle en sant\u00e9\",\"isPartOf\":{\"@id\":\"https:\/\/eiaschum.ca\/#website\"},\"datePublished\":\"2021-03-08T18:59:17+00:00\",\"breadcrumb\":{\"@id\":\"https:\/\/eiaschum.ca\/en\/opt-in-request-sent-successfully\/#breadcrumb\"},\"inLanguage\":\"en-US\",\"potentialAction\":[{\"@type\":\"ReadAction\",\"target\":[\"https:\/\/eiaschum.ca\/en\/opt-in-request-sent-successfully\/\"]}]},{\"@type\":\"BreadcrumbList\",\"@id\":\"https:\/\/eiaschum.ca\/en\/opt-in-request-sent-successfully\/#breadcrumb\",\"itemListElement\":[{\"@type\":\"ListItem\",\"position\":1,\"name\":\"Accueil\",\"item\":\"https:\/\/eiaschum.ca\/en\/\"},{\"@type\":\"ListItem\",\"position\":2,\"name\":\"Opt-in request sent successfully\"}]},{\"@type\":\"WebSite\",\"@id\":\"https:\/\/eiaschum.ca\/#website\",\"url\":\"https:\/\/eiaschum.ca\/\",\"name\":\"\u00c9cole de l&#039;intelligence artificielle en sant\u00e9\",\"description\":\"\u00c9cole de l&#039;intelligence artificielle en sant\u00e9\",\"potentialAction\":[{\"@type\":\"SearchAction\",\"target\":{\"@type\":\"EntryPoint\",\"urlTemplate\":\"https:\/\/eiaschum.ca\/?s={search_term_string}\"},\"query-input\":{\"@type\":\"PropertyValueSpecification\",\"valueRequired\":true,\"valueName\":\"search_term_string\"}}],\"inLanguage\":\"en-US\"}]}<\/script>\n<!-- \/ Yoast SEO plugin. -->","yoast_head_json":{"title":"Opt-in request sent successfully - \u00c9cole de l&#039;intelligence artificielle en sant\u00e9","robots":{"index":"index","follow":"follow","max-snippet":"max-snippet:-1","max-image-preview":"max-image-preview:large","max-video-preview":"max-video-preview:-1"},"canonical":"https:\/\/eiaschum.ca\/en\/opt-in-request-sent-successfully\/","og_locale":"en_US","og_type":"article","og_title":"Opt-in request sent successfully - \u00c9cole de l&#039;intelligence artificielle en sant\u00e9","og_description":"A confirmation has been sent to you by email. To complete your subscription, simply click the &#8220;Confirm my email&#8221; button that you will find in this email. If this email is not in your inbox, check your junk mail box. To receive future emails and benefit from your subscription, make sure to add our address [&hellip;]","og_url":"https:\/\/eiaschum.ca\/en\/opt-in-request-sent-successfully\/","og_site_name":"\u00c9cole de l&#039;intelligence artificielle en sant\u00e9","twitter_card":"summary_large_image","schema":{"@context":"https:\/\/schema.org","@graph":[{"@type":"WebPage","@id":"https:\/\/eiaschum.ca\/en\/opt-in-request-sent-successfully\/","url":"https:\/\/eiaschum.ca\/en\/opt-in-request-sent-successfully\/","name":"Opt-in request sent successfully - \u00c9cole de l&#039;intelligence artificielle en sant\u00e9","isPartOf":{"@id":"https:\/\/eiaschum.ca\/#website"},"datePublished":"2021-03-08T18:59:17+00:00","breadcrumb":{"@id":"https:\/\/eiaschum.ca\/en\/opt-in-request-sent-successfully\/#breadcrumb"},"inLanguage":"en-US","potentialAction":[{"@type":"ReadAction","target":["https:\/\/eiaschum.ca\/en\/opt-in-request-sent-successfully\/"]}]},{"@type":"BreadcrumbList","@id":"https:\/\/eiaschum.ca\/en\/opt-in-request-sent-successfully\/#breadcrumb","itemListElement":[{"@type":"ListItem","position":1,"name":"Accueil","item":"https:\/\/eiaschum.ca\/en\/"},{"@type":"ListItem","position":2,"name":"Opt-in request sent successfully"}]},{"@type":"WebSite","@id":"https:\/\/eiaschum.ca\/#website","url":"https:\/\/eiaschum.ca\/","name":"\u00c9cole de l&#039;intelligence artificielle en sant\u00e9","description":"\u00c9cole de l&#039;intelligence artificielle en sant\u00e9","potentialAction":[{"@type":"SearchAction","target":{"@type":"EntryPoint","urlTemplate":"https:\/\/eiaschum.ca\/?s={search_term_string}"},"query-input":{"@type":"PropertyValueSpecification","valueRequired":true,"valueName":"search_term_string"}}],"inLanguage":"en-US"}]}},"_links":{"self":[{"href":"https:\/\/eiaschum.ca\/en\/wp-json\/wp\/v2\/pages\/8468","targetHints":{"allow":["GET"]}}],"collection":[{"href":"https:\/\/eiaschum.ca\/en\/wp-json\/wp\/v2\/pages"}],"about":[{"href":"https:\/\/eiaschum.ca\/en\/wp-json\/wp\/v2\/types\/page"}],"author":[{"embeddable":true,"href":"https:\/\/eiaschum.ca\/en\/wp-json\/wp\/v2\/users\/6"}],"replies":[{"embeddable":true,"href":"https:\/\/eiaschum.ca\/en\/wp-json\/wp\/v2\/comments?post=8468"}],"version-history":[{"count":1,"href":"https:\/\/eiaschum.ca\/en\/wp-json\/wp\/v2\/pages\/8468\/revisions"}],"predecessor-version":[{"id":8470,"href":"https:\/\/eiaschum.ca\/en\/wp-json\/wp\/v2\/pages\/8468\/revisions\/8470"}],"wp:attachment":[{"href":"https:\/\/eiaschum.ca\/en\/wp-json\/wp\/v2\/media?parent=8468"}],"curies":[{"name":"wp","href":"https:\/\/api.w.org\/{rel}","templated":true}]}}