{"id":9045,"date":"2021-08-10T16:31:54","date_gmt":"2021-08-10T20:31:54","guid":{"rendered":"https:\/\/eiaschum.ca\/?page_id=9045"},"modified":"2022-04-07T08:39:29","modified_gmt":"2022-04-07T12:39:29","slug":"learn","status":"publish","type":"page","link":"https:\/\/eiaschum.ca\/en\/learn\/","title":{"rendered":"Learn"},"content":{"rendered":"<section class=\"wpb-content-wrapper\">[vc_row fullwidth=&#8221;true&#8221; visibility=&#8221;visible-sm&#8221; css=&#8221;.vc_custom_1614354866159{background-position: center !important;background-repeat: no-repeat !important;background-size: cover !important;}&#8221;][vc_column][mk_image src=&#8221;https:\/\/eiaschum.ca\/wp-content\/uploads\/2021\/02\/eias-entete-mobile-765&#215;175-01.jpg&#8221; image_size=&#8221;full&#8221; align=&#8221;center&#8221; margin_bottom=&#8221;0&#8243; visibility=&#8221;visible-sm&#8221;][\/vc_column][\/vc_row][vc_row visibility=&#8221;visible-sm&#8221; css=&#8221;.vc_custom_1614354860280{background-position: center !important;background-repeat: no-repeat !important;background-size: cover !important;}&#8221;][vc_column][vc_raw_html]JTNDaDElMjBzdHlsZSUzRCUyMmZvbnQtc2l6ZSUzQSUyMDIwcHglM0IlMjBsaW5lLWhlaWdodCUzQSUyMDIzcHglM0IlMjIlM0VMZWFybiUzQyUyRmgxJTNFJTBBJTNDaDIlMjAlMjBzdHlsZSUzRCUyMmZvbnQtc2l6ZSUzQSUyMDIwcHglM0IlMjBsaW5lLWhlaWdodCUzQSUyMDIzcHglM0IlMjIlM0VIb3clMjB0byUyMHByZXBhcmUlMjBmb3IlMjB0aGUlMjB0cmFuc2Zvcm1hdGlvbiUyMG9mJTIwaGVhbHRoJTIwdGhyb3VnaCUyMEFJJTNGJTNDJTJGaDIlM0UlMEElM0NwJTIwc3R5bGUlM0QlMjJ0ZXh0LWFsaWduJTNBJTIwbGVmdCUzQiUyMiUzRSUwQVRoZSUyMFNBSUglMjBwcm9wb3NlcyUyMGRpZmZlcmVudCUyMGF2ZW51ZXMlMjB0byUyMGRldmVsb3AlMjB0aGUlMjBuZXh0JTIwZ2VuZXJhdGlvbiUyMG9mJTIwaGVhbHRoJTIwY2FyZSUyMHByb2Zlc3Npb25hbHMlMjBhbmQlMjB0aGVpciUyMGFiaWxpdHklMjB0byUyMGludGVncmF0ZSUyMEFJJTIwaW4lMjByZWFsLWxpZmUlMjBzZXR0aW5ncyUyMHRvJTIwaW1wcm92ZSUyMHBvcHVsYXRpb24lMjBoZWFsdGglMjBpbiUyMGFuJTIwZXRoaWNhbCUyMGFuZCUyMHJlc3BvbnNpYmxlJTIwbWFubmVyLiUzQyUyRnAlM0UlMEE=[\/vc_raw_html][vc_empty_space height=&#8221;20px&#8221;][mk_image src=&#8221;https:\/\/eiaschum.ca\/wp-content\/uploads\/2022\/02\/en-1-saih-personalized-ai-learning-journey-1200&#215;800-1.jpg&#8221; image_size=&#8221;full&#8221; link=&#8221;https:\/\/eiaschum.ca\/en\/trainings\/&#8221; caption_location=&#8221;outside-image&#8221; align=&#8221;center&#8221; margin_bottom=&#8221;0&#8243; animation=&#8221;fade-in&#8221; el_class=&#8221;options&#8221;][vc_empty_space height=&#8221;10px&#8221;][vc_raw_html]JTNDcCUzRVBlcnNvbmFsaXplZCUyMEFJJTIwbGVhcm5pbmclMjBqb3VybmV5JTNDJTJGcCUzRQ==[\/vc_raw_html][mk_button dimension=&#8221;flat&#8221; size=&#8221;medium&#8221; url=&#8221;https:\/\/eiaschum.ca\/en\/trainings\/&#8221; align=&#8221;center&#8221; fullwidth=&#8221;true&#8221; margin_top=&#8221;5&#8243; margin_right=&#8221;0&#8243; visibility=&#8221;visible-sm&#8221; bg_color=&#8221;#006cbf&#8221; btn_hover_bg=&#8221;#111111&#8243; btn_hover_txt_color=&#8221;#ffffff&#8221;]Find out more[\/mk_button][vc_empty_space height=&#8221;50px&#8221;][mk_image src=&#8221;https:\/\/eiaschum.ca\/wp-content\/uploads\/2022\/02\/en-saih-activities-1200&#215;800-1.jpg&#8221; image_size=&#8221;full&#8221; link=&#8221;https:\/\/eiaschum.ca\/activites-eias\/&#8221; caption_location=&#8221;outside-image&#8221; align=&#8221;center&#8221; margin_bottom=&#8221;0&#8243; animation=&#8221;fade-in&#8221; el_class=&#8221;options&#8221;][vc_empty_space height=&#8221;10px&#8221;][vc_raw_html]JTNDcCUzRUElMjBjb2xsZWN0aW9uJTIwb2YlMjBjb250ZW50JTIwdG8lMjBpbnRyb2R1Y2UlMjB5b3UlMjB0byUyMEFJJTIwaW4lMjBoZWFsdGhjYXJlJTNDJTJGcCUzRQ==[\/vc_raw_html][mk_button dimension=&#8221;flat&#8221; size=&#8221;medium&#8221; url=&#8221;https:\/\/eiaschum.ca\/en\/activites-eias\/&#8221; align=&#8221;center&#8221; fullwidth=&#8221;true&#8221; margin_top=&#8221;5&#8243; margin_right=&#8221;0&#8243; visibility=&#8221;visible-sm&#8221; bg_color=&#8221;#006cbf&#8221; btn_hover_bg=&#8221;#111111&#8243; btn_hover_txt_color=&#8221;#ffffff&#8221;]Find out more[\/mk_button][vc_empty_space height=&#8221;50px&#8221;][mk_image src=&#8221;https:\/\/eiaschum.ca\/wp-content\/uploads\/2022\/02\/en-saih-proficiency-framework-1200&#215;800-1.jpg&#8221; image_size=&#8221;full&#8221; link=&#8221;https:\/\/eiaschum.ca\/en\/saih-competency-framework\/&#8221; caption_location=&#8221;outside-image&#8221; align=&#8221;center&#8221; margin_bottom=&#8221;0&#8243; animation=&#8221;fade-in&#8221; el_class=&#8221;options&#8221;][vc_empty_space height=&#8221;10px&#8221;][vc_raw_html]JTNDcCUzRVNBSUglMjBDb21wZXRlbmN5JTIwZnJhbWV3b3JrJTNDJTJGcCUzRQ==[\/vc_raw_html][mk_button dimension=&#8221;flat&#8221; size=&#8221;medium&#8221; url=&#8221;https:\/\/eiaschum.ca\/en\/saih-competency-framework\/&#8221; align=&#8221;center&#8221; fullwidth=&#8221;true&#8221; margin_top=&#8221;5&#8243; margin_right=&#8221;0&#8243; visibility=&#8221;visible-sm&#8221; bg_color=&#8221;#006cbf&#8221; btn_hover_bg=&#8221;#111111&#8243; btn_hover_txt_color=&#8221;#ffffff&#8221;]Find out more[\/mk_button][vc_empty_space height=&#8221;50px&#8221;][\/vc_column][\/vc_row][mk_page_section bg_image=&#8221;https:\/\/eiaschum.ca\/wp-content\/uploads\/2021\/02\/bg-1920&#215;1080-5.jpg&#8221; bg_color=&#8221;#ffffff&#8221; bg_repeat=&#8221;no-repeat&#8221; bg_stretch=&#8221;true&#8221; min_height=&#8221;0&#8243; padding_top=&#8221;0&#8243; padding_bottom=&#8221;0&#8243; visibility=&#8221;hidden-sm&#8221; sidebar=&#8221;sidebar-1&#8243;][vc_column css=&#8221;.vc_custom_1612293176036{background-color: rgba(255,255,255,0.85) !important;*background-color: rgb(255,255,255) !important;}&#8221;][vc_empty_space height=&#8221;50px&#8221;][vc_raw_html]JTNDaDElM0VMZWFybiUzQyUyRmgxJTNFJTBBJTNDaDIlM0VIb3clMjB0byUyMHByZXBhcmUlMjBmb3IlMjB0aGUlMjB0cmFuc2Zvcm1hdGlvbiUyMG9mJTIwaGVhbHRoJTIwdGhyb3VnaCUyMEFJJTNGJTNDJTJGaDIlM0UlMEElM0NwJTIwc3R5bGUlM0QlMjJ0ZXh0LWFsaWduJTNBJTIwbGVmdCUzQiUyMiUzRSUwQVRoZSUyMFNBSUglMjBwcm9wb3NlcyUyMGRpZmZlcmVudCUyMGF2ZW51ZXMlMjB0byUyMHRyYWluJTIwdGhlJTIwbmV4dCUyMGdlbmVyYXRpb24lMjBvZiUyMGhlYWx0aCUyMGNhcmUlMjBwcm9mZXNzaW9uYWxzJTIwYW5kJTIwZGV2ZWxvcCUyMHRoZWlyJTIwYWJpbGl0eSUyMHRvJTIwaW50ZWdyYXRlJTIwQUklMjBpbiUyMHJlYWwtbGlmZSUyMHNldHRpbmdzJTIwdG8lMjBpbXByb3ZlJTIwcG9wdWxhdGlvbiUyMGhlYWx0aCUyMGluJTIwYW4lMjBldGhpY2FsJTIwYW5kJTIwcmVzcG9uc2libGUlMjBtYW5uZXIuJTNDJTJGcCUzRSUwQSUyMCUwQQ==[\/vc_raw_html][vc_empty_space height=&#8221;10px&#8221;][vc_row_inner][vc_column_inner width=&#8221;1\/3&#8243;][mk_image src=&#8221;https:\/\/eiaschum.ca\/wp-content\/uploads\/2022\/02\/en-1-saih-personalized-ai-learning-journey-1200&#215;800-1.jpg&#8221; image_size=&#8221;full&#8221; link=&#8221;https:\/\/eiaschum.ca\/en\/trainings\/&#8221; caption_location=&#8221;outside-image&#8221; align=&#8221;center&#8221; margin_bottom=&#8221;0&#8243; animation=&#8221;fade-in&#8221; el_class=&#8221;options&#8221;][vc_empty_space height=&#8221;10px&#8221;][vc_raw_html]JTNDcCUzRVBlcnNvbmFsaXplZCUyMEFJJTIwbGVhcm5pbmclMjBqb3VybmV5JTNDJTJGcCUzRQ==[\/vc_raw_html][vc_empty_space height=&#8221;15px&#8221;][\/vc_column_inner][vc_column_inner width=&#8221;1\/3&#8243;][mk_image src=&#8221;https:\/\/eiaschum.ca\/wp-content\/uploads\/2022\/02\/en-saih-activities-1200&#215;800-1.jpg&#8221; image_size=&#8221;full&#8221; link=&#8221;https:\/\/eiaschum.ca\/en\/activites-eias\/&#8221; caption_location=&#8221;outside-image&#8221; align=&#8221;center&#8221; margin_bottom=&#8221;0&#8243; animation=&#8221;fade-in&#8221; el_class=&#8221;options&#8221;][vc_empty_space height=&#8221;10px&#8221;][vc_raw_html]JTNDcCUzRUElMjBjb2xsZWN0aW9uJTIwb2YlMjBjb250ZW50JTIwdG8lMjBpbnRyb2R1Y2UlMjB5b3UlMjB0byUyMEFJJTIwaW4lMjBoZWFsdGhjYXJlJTNDJTJGcCUzRQ==[\/vc_raw_html][vc_empty_space height=&#8221;15px&#8221;][\/vc_column_inner][vc_column_inner width=&#8221;1\/3&#8243;][mk_image src=&#8221;https:\/\/eiaschum.ca\/wp-content\/uploads\/2022\/02\/en-saih-proficiency-framework-1200&#215;800-1.jpg&#8221; image_size=&#8221;full&#8221; link=&#8221;https:\/\/eiaschum.ca\/en\/saih-competency-framework\/&#8221; caption_location=&#8221;outside-image&#8221; align=&#8221;center&#8221; margin_bottom=&#8221;0&#8243; animation=&#8221;fade-in&#8221; el_class=&#8221;options&#8221;][vc_empty_space height=&#8221;10px&#8221;][vc_raw_html]JTNDcCUzRVNBSUglMjBDb21wZXRlbmN5JTIwZnJhbWV3b3JrJTNDJTJGcCUzRQ==[\/vc_raw_html][vc_empty_space height=&#8221;15px&#8221;][\/vc_column_inner][\/vc_row_inner][vc_empty_space height=&#8221;50px&#8221;][\/vc_column][\/mk_page_section]\n<\/section>","protected":false},"excerpt":{"rendered":"<p>[vc_row fullwidth=&#8221;true&#8221; visibility=&#8221;visible-sm&#8221; css=&#8221;.vc_custom_1614354866159{background-position: center !important;background-repeat: no-repeat !important;background-size: cover !important;}&#8221;][vc_column][mk_image src=&#8221;https:\/\/eiaschum.ca\/wp-content\/uploads\/2021\/02\/eias-entete-mobile-765&#215;175-01.jpg&#8221; image_size=&#8221;full&#8221; align=&#8221;center&#8221; margin_bottom=&#8221;0&#8243; visibility=&#8221;visible-sm&#8221;][\/vc_column][\/vc_row][vc_row visibility=&#8221;visible-sm&#8221; css=&#8221;.vc_custom_1614354860280{background-position: center !important;background-repeat: no-repeat !important;background-size: cover !important;}&#8221;][vc_column][vc_raw_html]JTNDaDElMjBzdHlsZSUzRCUyMmZvbnQtc2l6ZSUzQSUyMDIwcHglM0IlMjBsaW5lLWhlaWdodCUzQSUyMDIzcHglM0IlMjIlM0VMZWFybiUzQyUyRmgxJTNFJTBBJTNDaDIlMjAlMjBzdHlsZSUzRCUyMmZvbnQtc2l6ZSUzQSUyMDIwcHglM0IlMjBsaW5lLWhlaWdodCUzQSUyMDIzcHglM0IlMjIlM0VIb3clMjB0byUyMHByZXBhcmUlMjBmb3IlMjB0aGUlMjB0cmFuc2Zvcm1hdGlvbiUyMG9mJTIwaGVhbHRoJTIwdGhyb3VnaCUyMEFJJTNGJTNDJTJGaDIlM0UlMEElM0NwJTIwc3R5bGUlM0QlMjJ0ZXh0LWFsaWduJTNBJTIwbGVmdCUzQiUyMiUzRSUwQVRoZSUyMFNBSUglMjBwcm9wb3NlcyUyMGRpZmZlcmVudCUyMGF2ZW51ZXMlMjB0byUyMGRldmVsb3AlMjB0aGUlMjBuZXh0JTIwZ2VuZXJhdGlvbiUyMG9mJTIwaGVhbHRoJTIwY2FyZSUyMHByb2Zlc3Npb25hbHMlMjBhbmQlMjB0aGVpciUyMGFiaWxpdHklMjB0byUyMGludGVncmF0ZSUyMEFJJTIwaW4lMjByZWFsLWxpZmUlMjBzZXR0aW5ncyUyMHRvJTIwaW1wcm92ZSUyMHBvcHVsYXRpb24lMjBoZWFsdGglMjBpbiUyMGFuJTIwZXRoaWNhbCUyMGFuZCUyMHJlc3BvbnNpYmxlJTIwbWFubmVyLiUzQyUyRnAlM0UlMEE=[\/vc_raw_html][vc_empty_space height=&#8221;20px&#8221;][mk_image src=&#8221;https:\/\/eiaschum.ca\/wp-content\/uploads\/2022\/02\/en-1-saih-personalized-ai-learning-journey-1200&#215;800-1.jpg&#8221; image_size=&#8221;full&#8221; link=&#8221;https:\/\/eiaschum.ca\/en\/trainings\/&#8221; caption_location=&#8221;outside-image&#8221; align=&#8221;center&#8221; margin_bottom=&#8221;0&#8243; animation=&#8221;fade-in&#8221; el_class=&#8221;options&#8221;][vc_empty_space height=&#8221;10px&#8221;][vc_raw_html]JTNDcCUzRVBlcnNvbmFsaXplZCUyMEFJJTIwbGVhcm5pbmclMjBqb3VybmV5JTNDJTJGcCUzRQ==[\/vc_raw_html][mk_button dimension=&#8221;flat&#8221; size=&#8221;medium&#8221; url=&#8221;https:\/\/eiaschum.ca\/en\/trainings\/&#8221; align=&#8221;center&#8221; fullwidth=&#8221;true&#8221; margin_top=&#8221;5&#8243; margin_right=&#8221;0&#8243; visibility=&#8221;visible-sm&#8221; bg_color=&#8221;#006cbf&#8221; btn_hover_bg=&#8221;#111111&#8243; btn_hover_txt_color=&#8221;#ffffff&#8221;]Find out more[\/mk_button][vc_empty_space height=&#8221;50px&#8221;][mk_image src=&#8221;https:\/\/eiaschum.ca\/wp-content\/uploads\/2022\/02\/en-saih-activities-1200&#215;800-1.jpg&#8221; image_size=&#8221;full&#8221; link=&#8221;https:\/\/eiaschum.ca\/activites-eias\/&#8221; caption_location=&#8221;outside-image&#8221; align=&#8221;center&#8221; margin_bottom=&#8221;0&#8243; animation=&#8221;fade-in&#8221; el_class=&#8221;options&#8221;][vc_empty_space [&hellip;]<\/p>\n","protected":false},"author":6,"featured_media":0,"parent":0,"menu_order":0,"comment_status":"closed","ping_status":"closed","template":"","meta":{"footnotes":""},"class_list":["post-9045","page","type-page","status-publish","hentry"],"yoast_head":"<!-- This site is optimized with the Yoast SEO plugin v26.4 - https:\/\/yoast.com\/wordpress\/plugins\/seo\/ -->\n<title>School of Artificial Intelligence in Health (SAIH)<\/title>\n<meta name=\"robots\" content=\"index, follow, max-snippet:-1, max-image-preview:large, max-video-preview:-1\" \/>\n<link rel=\"canonical\" href=\"https:\/\/eiaschum.ca\/en\/learn\/\" \/>\n<meta property=\"og:locale\" content=\"en_US\" \/>\n<meta property=\"og:type\" content=\"article\" \/>\n<meta property=\"og:title\" content=\"School of Artificial Intelligence in Health (SAIH)\" \/>\n<meta property=\"og:description\" content=\"[vc_row fullwidth=&#8221;true&#8221; visibility=&#8221;visible-sm&#8221; css=&#8221;.vc_custom_1614354866159{background-position: center !important;background-repeat: no-repeat !important;background-size: cover !important;}&#8221;][vc_column][mk_image src=&#8221;https:\/\/eiaschum.ca\/wp-content\/uploads\/2021\/02\/eias-entete-mobile-765&#215;175-01.jpg&#8221; image_size=&#8221;full&#8221; align=&#8221;center&#8221; margin_bottom=&#8221;0&#8243; visibility=&#8221;visible-sm&#8221;][\/vc_column][\/vc_row][vc_row visibility=&#8221;visible-sm&#8221; css=&#8221;.vc_custom_1614354860280{background-position: center !important;background-repeat: no-repeat !important;background-size: cover !important;}&#8221;][vc_column][vc_raw_html]JTNDaDElMjBzdHlsZSUzRCUyMmZvbnQtc2l6ZSUzQSUyMDIwcHglM0IlMjBsaW5lLWhlaWdodCUzQSUyMDIzcHglM0IlMjIlM0VMZWFybiUzQyUyRmgxJTNFJTBBJTNDaDIlMjAlMjBzdHlsZSUzRCUyMmZvbnQtc2l6ZSUzQSUyMDIwcHglM0IlMjBsaW5lLWhlaWdodCUzQSUyMDIzcHglM0IlMjIlM0VIb3clMjB0byUyMHByZXBhcmUlMjBmb3IlMjB0aGUlMjB0cmFuc2Zvcm1hdGlvbiUyMG9mJTIwaGVhbHRoJTIwdGhyb3VnaCUyMEFJJTNGJTNDJTJGaDIlM0UlMEElM0NwJTIwc3R5bGUlM0QlMjJ0ZXh0LWFsaWduJTNBJTIwbGVmdCUzQiUyMiUzRSUwQVRoZSUyMFNBSUglMjBwcm9wb3NlcyUyMGRpZmZlcmVudCUyMGF2ZW51ZXMlMjB0byUyMGRldmVsb3AlMjB0aGUlMjBuZXh0JTIwZ2VuZXJhdGlvbiUyMG9mJTIwaGVhbHRoJTIwY2FyZSUyMHByb2Zlc3Npb25hbHMlMjBhbmQlMjB0aGVpciUyMGFiaWxpdHklMjB0byUyMGludGVncmF0ZSUyMEFJJTIwaW4lMjByZWFsLWxpZmUlMjBzZXR0aW5ncyUyMHRvJTIwaW1wcm92ZSUyMHBvcHVsYXRpb24lMjBoZWFsdGglMjBpbiUyMGFuJTIwZXRoaWNhbCUyMGFuZCUyMHJlc3BvbnNpYmxlJTIwbWFubmVyLiUzQyUyRnAlM0UlMEE=[\/vc_raw_html][vc_empty_space height=&#8221;20px&#8221;][mk_image src=&#8221;https:\/\/eiaschum.ca\/wp-content\/uploads\/2022\/02\/en-1-saih-personalized-ai-learning-journey-1200&#215;800-1.jpg&#8221; image_size=&#8221;full&#8221; link=&#8221;https:\/\/eiaschum.ca\/en\/trainings\/&#8221; caption_location=&#8221;outside-image&#8221; align=&#8221;center&#8221; margin_bottom=&#8221;0&#8243; animation=&#8221;fade-in&#8221; el_class=&#8221;options&#8221;][vc_empty_space height=&#8221;10px&#8221;][vc_raw_html]JTNDcCUzRVBlcnNvbmFsaXplZCUyMEFJJTIwbGVhcm5pbmclMjBqb3VybmV5JTNDJTJGcCUzRQ==[\/vc_raw_html][mk_button dimension=&#8221;flat&#8221; size=&#8221;medium&#8221; url=&#8221;https:\/\/eiaschum.ca\/en\/trainings\/&#8221; align=&#8221;center&#8221; fullwidth=&#8221;true&#8221; margin_top=&#8221;5&#8243; margin_right=&#8221;0&#8243; visibility=&#8221;visible-sm&#8221; bg_color=&#8221;#006cbf&#8221; btn_hover_bg=&#8221;#111111&#8243; btn_hover_txt_color=&#8221;#ffffff&#8221;]Find out more[\/mk_button][vc_empty_space height=&#8221;50px&#8221;][mk_image src=&#8221;https:\/\/eiaschum.ca\/wp-content\/uploads\/2022\/02\/en-saih-activities-1200&#215;800-1.jpg&#8221; image_size=&#8221;full&#8221; link=&#8221;https:\/\/eiaschum.ca\/activites-eias\/&#8221; caption_location=&#8221;outside-image&#8221; align=&#8221;center&#8221; margin_bottom=&#8221;0&#8243; animation=&#8221;fade-in&#8221; el_class=&#8221;options&#8221;][vc_empty_space [&hellip;]\" \/>\n<meta property=\"og:url\" content=\"https:\/\/eiaschum.ca\/en\/learn\/\" \/>\n<meta property=\"og:site_name\" content=\"\u00c9cole de l&#039;intelligence artificielle en sant\u00e9\" \/>\n<meta property=\"article:modified_time\" content=\"2022-04-07T12:39:29+00:00\" \/>\n<meta property=\"og:image\" content=\"https:\/\/eiaschum.ca\/wp-content\/uploads\/2020\/05\/ecole-intelligence-artificielle-sante-chum-670x351-02.jpg\" \/>\n<meta name=\"twitter:card\" content=\"summary_large_image\" \/>\n<meta name=\"twitter:label1\" content=\"Est. reading time\" \/>\n\t<meta name=\"twitter:data1\" content=\"1 minute\" \/>\n<script type=\"application\/ld+json\" class=\"yoast-schema-graph\">{\"@context\":\"https:\/\/schema.org\",\"@graph\":[{\"@type\":\"WebPage\",\"@id\":\"https:\/\/eiaschum.ca\/en\/learn\/\",\"url\":\"https:\/\/eiaschum.ca\/en\/learn\/\",\"name\":\"School of Artificial Intelligence in Health (SAIH)\",\"isPartOf\":{\"@id\":\"https:\/\/eiaschum.ca\/#website\"},\"datePublished\":\"2021-08-10T20:31:54+00:00\",\"dateModified\":\"2022-04-07T12:39:29+00:00\",\"breadcrumb\":{\"@id\":\"https:\/\/eiaschum.ca\/en\/learn\/#breadcrumb\"},\"inLanguage\":\"en-US\",\"potentialAction\":[{\"@type\":\"ReadAction\",\"target\":[\"https:\/\/eiaschum.ca\/en\/learn\/\"]}]},{\"@type\":\"BreadcrumbList\",\"@id\":\"https:\/\/eiaschum.ca\/en\/learn\/#breadcrumb\",\"itemListElement\":[{\"@type\":\"ListItem\",\"position\":1,\"name\":\"Accueil\",\"item\":\"https:\/\/eiaschum.ca\/en\/\"},{\"@type\":\"ListItem\",\"position\":2,\"name\":\"Learn\"}]},{\"@type\":\"WebSite\",\"@id\":\"https:\/\/eiaschum.ca\/#website\",\"url\":\"https:\/\/eiaschum.ca\/\",\"name\":\"\u00c9cole de l&#039;intelligence artificielle en sant\u00e9\",\"description\":\"\u00c9cole de l&#039;intelligence artificielle en sant\u00e9\",\"potentialAction\":[{\"@type\":\"SearchAction\",\"target\":{\"@type\":\"EntryPoint\",\"urlTemplate\":\"https:\/\/eiaschum.ca\/?s={search_term_string}\"},\"query-input\":{\"@type\":\"PropertyValueSpecification\",\"valueRequired\":true,\"valueName\":\"search_term_string\"}}],\"inLanguage\":\"en-US\"}]}<\/script>\n<!-- \/ Yoast SEO plugin. -->","yoast_head_json":{"title":"School of Artificial Intelligence in Health (SAIH)","robots":{"index":"index","follow":"follow","max-snippet":"max-snippet:-1","max-image-preview":"max-image-preview:large","max-video-preview":"max-video-preview:-1"},"canonical":"https:\/\/eiaschum.ca\/en\/learn\/","og_locale":"en_US","og_type":"article","og_title":"School of Artificial Intelligence in Health (SAIH)","og_description":"[vc_row fullwidth=&#8221;true&#8221; visibility=&#8221;visible-sm&#8221; css=&#8221;.vc_custom_1614354866159{background-position: center !important;background-repeat: no-repeat !important;background-size: cover !important;}&#8221;][vc_column][mk_image src=&#8221;https:\/\/eiaschum.ca\/wp-content\/uploads\/2021\/02\/eias-entete-mobile-765&#215;175-01.jpg&#8221; image_size=&#8221;full&#8221; align=&#8221;center&#8221; margin_bottom=&#8221;0&#8243; visibility=&#8221;visible-sm&#8221;][\/vc_column][\/vc_row][vc_row visibility=&#8221;visible-sm&#8221; css=&#8221;.vc_custom_1614354860280{background-position: center !important;background-repeat: no-repeat !important;background-size: cover !important;}&#8221;][vc_column][vc_raw_html]JTNDaDElMjBzdHlsZSUzRCUyMmZvbnQtc2l6ZSUzQSUyMDIwcHglM0IlMjBsaW5lLWhlaWdodCUzQSUyMDIzcHglM0IlMjIlM0VMZWFybiUzQyUyRmgxJTNFJTBBJTNDaDIlMjAlMjBzdHlsZSUzRCUyMmZvbnQtc2l6ZSUzQSUyMDIwcHglM0IlMjBsaW5lLWhlaWdodCUzQSUyMDIzcHglM0IlMjIlM0VIb3clMjB0byUyMHByZXBhcmUlMjBmb3IlMjB0aGUlMjB0cmFuc2Zvcm1hdGlvbiUyMG9mJTIwaGVhbHRoJTIwdGhyb3VnaCUyMEFJJTNGJTNDJTJGaDIlM0UlMEElM0NwJTIwc3R5bGUlM0QlMjJ0ZXh0LWFsaWduJTNBJTIwbGVmdCUzQiUyMiUzRSUwQVRoZSUyMFNBSUglMjBwcm9wb3NlcyUyMGRpZmZlcmVudCUyMGF2ZW51ZXMlMjB0byUyMGRldmVsb3AlMjB0aGUlMjBuZXh0JTIwZ2VuZXJhdGlvbiUyMG9mJTIwaGVhbHRoJTIwY2FyZSUyMHByb2Zlc3Npb25hbHMlMjBhbmQlMjB0aGVpciUyMGFiaWxpdHklMjB0byUyMGludGVncmF0ZSUyMEFJJTIwaW4lMjByZWFsLWxpZmUlMjBzZXR0aW5ncyUyMHRvJTIwaW1wcm92ZSUyMHBvcHVsYXRpb24lMjBoZWFsdGglMjBpbiUyMGFuJTIwZXRoaWNhbCUyMGFuZCUyMHJlc3BvbnNpYmxlJTIwbWFubmVyLiUzQyUyRnAlM0UlMEE=[\/vc_raw_html][vc_empty_space height=&#8221;20px&#8221;][mk_image src=&#8221;https:\/\/eiaschum.ca\/wp-content\/uploads\/2022\/02\/en-1-saih-personalized-ai-learning-journey-1200&#215;800-1.jpg&#8221; image_size=&#8221;full&#8221; link=&#8221;https:\/\/eiaschum.ca\/en\/trainings\/&#8221; caption_location=&#8221;outside-image&#8221; align=&#8221;center&#8221; margin_bottom=&#8221;0&#8243; animation=&#8221;fade-in&#8221; el_class=&#8221;options&#8221;][vc_empty_space height=&#8221;10px&#8221;][vc_raw_html]JTNDcCUzRVBlcnNvbmFsaXplZCUyMEFJJTIwbGVhcm5pbmclMjBqb3VybmV5JTNDJTJGcCUzRQ==[\/vc_raw_html][mk_button dimension=&#8221;flat&#8221; size=&#8221;medium&#8221; url=&#8221;https:\/\/eiaschum.ca\/en\/trainings\/&#8221; align=&#8221;center&#8221; fullwidth=&#8221;true&#8221; margin_top=&#8221;5&#8243; margin_right=&#8221;0&#8243; visibility=&#8221;visible-sm&#8221; bg_color=&#8221;#006cbf&#8221; btn_hover_bg=&#8221;#111111&#8243; btn_hover_txt_color=&#8221;#ffffff&#8221;]Find out more[\/mk_button][vc_empty_space height=&#8221;50px&#8221;][mk_image src=&#8221;https:\/\/eiaschum.ca\/wp-content\/uploads\/2022\/02\/en-saih-activities-1200&#215;800-1.jpg&#8221; image_size=&#8221;full&#8221; link=&#8221;https:\/\/eiaschum.ca\/activites-eias\/&#8221; caption_location=&#8221;outside-image&#8221; align=&#8221;center&#8221; margin_bottom=&#8221;0&#8243; animation=&#8221;fade-in&#8221; el_class=&#8221;options&#8221;][vc_empty_space [&hellip;]","og_url":"https:\/\/eiaschum.ca\/en\/learn\/","og_site_name":"\u00c9cole de l&#039;intelligence artificielle en sant\u00e9","article_modified_time":"2022-04-07T12:39:29+00:00","og_image":[{"url":"https:\/\/eiaschum.ca\/wp-content\/uploads\/2020\/05\/ecole-intelligence-artificielle-sante-chum-670x351-02.jpg","type":"","width":"","height":""}],"twitter_card":"summary_large_image","twitter_misc":{"Est. reading time":"1 minute"},"schema":{"@context":"https:\/\/schema.org","@graph":[{"@type":"WebPage","@id":"https:\/\/eiaschum.ca\/en\/learn\/","url":"https:\/\/eiaschum.ca\/en\/learn\/","name":"School of Artificial Intelligence in Health (SAIH)","isPartOf":{"@id":"https:\/\/eiaschum.ca\/#website"},"datePublished":"2021-08-10T20:31:54+00:00","dateModified":"2022-04-07T12:39:29+00:00","breadcrumb":{"@id":"https:\/\/eiaschum.ca\/en\/learn\/#breadcrumb"},"inLanguage":"en-US","potentialAction":[{"@type":"ReadAction","target":["https:\/\/eiaschum.ca\/en\/learn\/"]}]},{"@type":"BreadcrumbList","@id":"https:\/\/eiaschum.ca\/en\/learn\/#breadcrumb","itemListElement":[{"@type":"ListItem","position":1,"name":"Accueil","item":"https:\/\/eiaschum.ca\/en\/"},{"@type":"ListItem","position":2,"name":"Learn"}]},{"@type":"WebSite","@id":"https:\/\/eiaschum.ca\/#website","url":"https:\/\/eiaschum.ca\/","name":"\u00c9cole de l&#039;intelligence artificielle en sant\u00e9","description":"\u00c9cole de l&#039;intelligence artificielle en sant\u00e9","potentialAction":[{"@type":"SearchAction","target":{"@type":"EntryPoint","urlTemplate":"https:\/\/eiaschum.ca\/?s={search_term_string}"},"query-input":{"@type":"PropertyValueSpecification","valueRequired":true,"valueName":"search_term_string"}}],"inLanguage":"en-US"}]}},"_links":{"self":[{"href":"https:\/\/eiaschum.ca\/en\/wp-json\/wp\/v2\/pages\/9045","targetHints":{"allow":["GET"]}}],"collection":[{"href":"https:\/\/eiaschum.ca\/en\/wp-json\/wp\/v2\/pages"}],"about":[{"href":"https:\/\/eiaschum.ca\/en\/wp-json\/wp\/v2\/types\/page"}],"author":[{"embeddable":true,"href":"https:\/\/eiaschum.ca\/en\/wp-json\/wp\/v2\/users\/6"}],"replies":[{"embeddable":true,"href":"https:\/\/eiaschum.ca\/en\/wp-json\/wp\/v2\/comments?post=9045"}],"version-history":[{"count":23,"href":"https:\/\/eiaschum.ca\/en\/wp-json\/wp\/v2\/pages\/9045\/revisions"}],"predecessor-version":[{"id":9878,"href":"https:\/\/eiaschum.ca\/en\/wp-json\/wp\/v2\/pages\/9045\/revisions\/9878"}],"wp:attachment":[{"href":"https:\/\/eiaschum.ca\/en\/wp-json\/wp\/v2\/media?parent=9045"}],"curies":[{"name":"wp","href":"https:\/\/api.w.org\/{rel}","templated":true}]}}