{"id":9103,"date":"2021-02-17T16:40:41","date_gmt":"2021-02-17T16:40:41","guid":{"rendered":"https:\/\/eiaschum.ca\/co-innovate\/la-communaute-pratique-sur-la-gestion-de-linnovation-et-de-la-creativite-en-sante\/"},"modified":"2021-08-12T13:17:31","modified_gmt":"2021-08-12T17:17:31","slug":"healthcare-innovation-and-creativity-management-community-of-practice","status":"publish","type":"page","link":"https:\/\/eiaschum.ca\/en\/co-innovate\/healthcare-innovation-and-creativity-management-community-of-practice\/","title":{"rendered":"Healthcare Innovation and Creativity Management Community of Practice"},"content":{"rendered":"<section class=\"wpb-content-wrapper\">[vc_row fullwidth=&#8221;true&#8221; visibility=&#8221;visible-sm&#8221; css=&#8221;.vc_custom_1614356462272{background-color: #ffffff !important;background-position: center !important;background-repeat: no-repeat !important;background-size: cover !important;}&#8221;][vc_column][mk_image src=&#8221;https:\/\/eiaschum.ca\/wp-content\/uploads\/2021\/02\/eias-entete-mobile-765&#215;175-01.jpg&#8221; image_size=&#8221;full&#8221; align=&#8221;center&#8221; margin_bottom=&#8221;0&#8243; visibility=&#8221;visible-sm&#8221;][\/vc_column][\/vc_row][vc_row visibility=&#8221;visible-sm&#8221; css=&#8221;.vc_custom_1614356550194{background-color: #ffffff !important;background-position: center !important;background-repeat: no-repeat !important;background-size: cover !important;}&#8221;][vc_column][vc_raw_html]JTNDaDElMjBzdHlsZSUzRCUyMmZvbnQtc2l6ZSUzQSUyMDI0cHglM0IlMjBsaW5lLWhlaWdodCUzQSUyMDI3cHglM0IlMjIlM0VIZWFsdGhjYXJlJTIwSW5ub3ZhdGlvbiUyMGFuZCUyMENyZWF0aXZpdHklMjBNYW5hZ2VtZW50JTIwQ29tbXVuaXR5JTIwb2YlMjBQcmFjdGljZSUzQyUyRmgxJTNFJTBBJTNDcCUzRVRoZSUyMEhlYWx0aGNhcmUlMjBJbm5vdmF0aW9uJTIwYW5kJTIwQ3JlYXRpdml0eSUyME1hbmFnZW1lbnQlMjBDb21tdW5pdHklMjBvZiUyMFByYWN0aWNlJTIwYnJpbmdzJTIwdG9nZXRoZXIlMjBtYW5hZ2VycyUyMGluJTIwdGhlJTIwaGVhbHRoY2FyZSUyMHNlY3RvciUyMHdobyUyMHdpc2glMjB0byUyMGhhcm5lc3MlMjB0aGVpciUyMHNraWxscyUyQyUyMGV4cGVyaWVuY2UlMjBhbmQlMjB0b29scyUyMHJlbGF0ZWQlMjB0byUyMGNyZWF0aXZpdHklMjBhbmQlMjBpbm5vdmF0aW9uJTIwbWFuYWdlbWVudCUyMGZvciUyMHRoZSUyMGJlbmVmaXQlMjBvZiUyMHRlYW1zJTJDJTIwcGF0aWVudHMlMjBhbmQlMjB0aGUlMjBnZW5lcmFsJTIwcG9wdWxhdGlvbiUzQyUyRnAlM0U=[\/vc_raw_html][vc_empty_space height=&#8221;20px&#8221;][mk_image src=&#8221;https:\/\/eiaschum.ca\/wp-content\/uploads\/2021\/02\/eias-communaute-pratique-innovation-creativite-500&#215;500-01.png&#8221; image_size=&#8221;full&#8221; title=&#8221;Julien Terrier&#8221; desc=&#8221;Cardiovascular and Ophthalmology Clinical-Administrative Co-Manager at the CHUM Healthcare Innovation and Creativity Management Community of Practice&#8221; caption_location=&#8221;outside-image&#8221; align=&#8221;center&#8221; margin_bottom=&#8221;0&#8243; visibility=&#8221;visible-sm&#8221;][vc_empty_space height=&#8221;20px&#8221;][mk_blockquote font_family=&#8221;none&#8221;]\n<div style=\"text-align: center;\">\n<p style=\"font-style: italic; color: #111111; font-size: 18px; font-weight: 600;\">Setting up communities of practice in a healthcare organization is a <span style=\"color: #176fad;\">way of creating a synergy between the individuals<\/span> who belong to it, and allows each person to learn from the experiential knowledge of others.<\/p>\n<\/div>\n[\/mk_blockquote][vc_empty_space height=&#8221;20px&#8221;][vc_raw_html]JTNDcCUzRSUzQ2ElMjBocmVmJTNEJTIyaHR0cHMlM0ElMkYlMkZkcml2ZS5nb29nbGUuY29tJTJGZmlsZSUyRmQlMkYxVTlhRUJSVUJnaWpmRzJnQ19STXpqbmw2UEVwZ25FczQlMkZ2aWV3JTNGdXNwJTNEc2hhcmluZyUyMiUyMHRhcmdldCUzRCUyMl9ibGFuayUyMiUyMHN0eWxlJTNEJTIydGV4dC1kZWNvcmF0aW9uJTNBJTIwdW5kZXJsaW5lJTNCJTIwZm9udC13ZWlnaHQlM0ElMjBib2xkJTNCJTIyJTNFTWFuaWZlc3RvJTIwb2YlMjB0aGUlMjBIZWFsdGhjYXJlJTIwSW5ub3ZhdGlvbiUyMGFuZCUyMENyZWF0aXZpdHklMjBNYW5hZ2VtZW50JTIwQ29tbXVuaXR5JTIwb2YlMjBQcmFjdGljZSUyMCUzQyUyRmElM0UlM0MlMkZwJTNFJTBBJTNDcCUzRUlmJTIweW91JUUyJTgwJTk5ZCUyMGxpa2UlMjB0byUyMGtub3clMjBtb3JlJTIwYWJvdXQlMjB0aGUlMjBjb21tdW5pdHklMkMlMjB3cml0ZSUyMHRvJTIwdXMlMjBhdCUzQSUyMCUzQ2ElMjBocmVmJTNEJTIybWFpbHRvJTNBZWNvbGUuaWEuY2h1bSU0MHNzc3MuZ291di5xYy5jYSUyMiUyMHN0eWxlJTNEJTIydGV4dC1kZWNvcmF0aW9uJTNBJTIwdW5kZXJsaW5lJTNCJTIwZm9udC13ZWlnaHQlM0ElMjBib2xkJTNCJTIyJTNFZWNvbGUuaWEuY2h1bSU0MHNzc3MuZ291di5xYy5jYSUzQyUyRmElM0UlM0MlMkZwJTNF[\/vc_raw_html][vc_empty_space height=&#8221;50px&#8221;][\/vc_column][\/vc_row][mk_page_section bg_color=&#8221;#ffffff&#8221; bg_position=&#8221;center center&#8221; bg_repeat=&#8221;no-repeat&#8221; bg_stretch=&#8221;true&#8221; min_height=&#8221;0&#8243; padding_top=&#8221;0&#8243; padding_bottom=&#8221;0&#8243; visibility=&#8221;hidden-sm&#8221; sidebar=&#8221;sidebar-1&#8243;][vc_column][vc_empty_space height=&#8221;50px&#8221;][vc_raw_html]JTNDaDElM0VIZWFsdGhjYXJlJTIwSW5ub3ZhdGlvbiUyMGFuZCUyMENyZWF0aXZpdHklMjBNYW5hZ2VtZW50JTIwQ29tbXVuaXR5JTIwb2YlMjBQcmFjdGljZSUzQyUyRmgxJTNFJTBBJTNDcCUzRVRoZSUyMEhlYWx0aGNhcmUlMjBJbm5vdmF0aW9uJTIwYW5kJTIwQ3JlYXRpdml0eSUyME1hbmFnZW1lbnQlMjBDb21tdW5pdHklMjBvZiUyMFByYWN0aWNlJTIwYnJpbmdzJTIwdG9nZXRoZXIlMjBtYW5hZ2VycyUyMGluJTIwdGhlJTIwaGVhbHRoY2FyZSUyMHNlY3RvciUyMHdobyUyMHdpc2glMjB0byUyMGhhcm5lc3MlMjB0aGVpciUyMHNraWxscyUyQyUyMGV4cGVyaWVuY2UlMjBhbmQlMjB0b29scyUyMHJlbGF0ZWQlMjB0byUyMGNyZWF0aXZpdHklMjBhbmQlMjBpbm5vdmF0aW9uJTIwbWFuYWdlbWVudCUyMGZvciUyMHRoZSUyMGJlbmVmaXQlMjBvZiUyMHRlYW1zJTJDJTIwcGF0aWVudHMlMjBhbmQlMjB0aGUlMjBnZW5lcmFsJTIwcG9wdWxhdGlvbiUzQyUyRnAlM0U=[\/vc_raw_html][vc_row_inner][vc_column_inner width=&#8221;1\/2&#8243;][mk_image src=&#8221;https:\/\/eiaschum.ca\/wp-content\/uploads\/2021\/02\/eias-communaute-pratique-innovation-creativite-500&#215;500-01.png&#8221; image_size=&#8221;full&#8221; title=&#8221;Julien Terrier&#8221; desc=&#8221;Cardiovascular and Ophthalmology Clinical-Administrative Co-Manager at the CHUM Healthcare Innovation and Creativity Management Community of Practice&#8221; caption_location=&#8221;outside-image&#8221; align=&#8221;center&#8221; margin_bottom=&#8221;0&#8243; visibility=&#8221;hidden-sm&#8221;][\/vc_column_inner][vc_column_inner width=&#8221;1\/2&#8243;][vc_empty_space height=&#8221;50px&#8221;][mk_blockquote font_family=&#8221;none&#8221;]\n<div style=\"text-align: center;\">\n<p style=\"font-style: italic; color: #111111; font-size: 18px; font-weight: 600;\">Setting up communities of practice in a healthcare organization is a <span style=\"color: #176fad;\">way of creating a synergy between the individuals<\/span> who belong to it, and allows each person to learn from the experiential knowledge of others.<\/p>\n<\/div>\n[\/mk_blockquote][vc_empty_space height=&#8221;20px&#8221;][vc_raw_html]JTNDcCUzRSUzQ2ElMjBocmVmJTNEJTIyaHR0cHMlM0ElMkYlMkZkcml2ZS5nb29nbGUuY29tJTJGZmlsZSUyRmQlMkYxVTlhRUJSVUJnaWpmRzJnQ19STXpqbmw2UEVwZ25FczQlMkZ2aWV3JTNGdXNwJTNEc2hhcmluZyUyMiUyMHRhcmdldCUzRCUyMl9ibGFuayUyMiUyMHN0eWxlJTNEJTIydGV4dC1kZWNvcmF0aW9uJTNBJTIwdW5kZXJsaW5lJTNCJTIwZm9udC13ZWlnaHQlM0ElMjBib2xkJTNCJTIyJTNFTWFuaWZlc3RvJTIwb2YlMjB0aGUlMjBIZWFsdGhjYXJlJTIwSW5ub3ZhdGlvbiUyMGFuZCUyMENyZWF0aXZpdHklMjBNYW5hZ2VtZW50JTIwQ29tbXVuaXR5JTIwb2YlMjBQcmFjdGljZSUzQyUyRmElM0UlM0MlMkZwJTNFJTBBJTNDcCUzRUlmJTIweW91JUUyJTgwJTk5ZCUyMGxpa2UlMjB0byUyMGtub3clMjBtb3JlJTIwYWJvdXQlMjB0aGUlMjBjb21tdW5pdHklMkMlMjB3cml0ZSUyMHRvJTIwdXMlMjBhdCUzQSUyMCUzQ2ElMjBocmVmJTNEJTIybWFpbHRvJTNBZWNvbGUuaWEuY2h1bSU0MHNzc3MuZ291di5xYy5jYSUyMiUyMHN0eWxlJTNEJTIydGV4dC1kZWNvcmF0aW9uJTNBJTIwdW5kZXJsaW5lJTNCJTIwZm9udC13ZWlnaHQlM0ElMjBib2xkJTNCJTIyJTNFZWNvbGUuaWEuY2h1bSU0MHNzc3MuZ291di5xYy5jYSUzQyUyRmElM0UlM0MlMkZwJTNF[\/vc_raw_html][\/vc_column_inner][\/vc_row_inner][vc_empty_space height=&#8221;50px&#8221;][\/vc_column][\/mk_page_section]\n<\/section>","protected":false},"excerpt":{"rendered":"<p>[vc_row fullwidth=&#8221;true&#8221; visibility=&#8221;visible-sm&#8221; css=&#8221;.vc_custom_1614356462272{background-color: #ffffff !important;background-position: center !important;background-repeat: no-repeat !important;background-size: cover !important;}&#8221;][vc_column][mk_image src=&#8221;https:\/\/eiaschum.ca\/wp-content\/uploads\/2021\/02\/eias-entete-mobile-765&#215;175-01.jpg&#8221; image_size=&#8221;full&#8221; align=&#8221;center&#8221; margin_bottom=&#8221;0&#8243; visibility=&#8221;visible-sm&#8221;][\/vc_column][\/vc_row][vc_row visibility=&#8221;visible-sm&#8221; css=&#8221;.vc_custom_1614356550194{background-color: #ffffff !important;background-position: center !important;background-repeat: no-repeat !important;background-size: cover !important;}&#8221;][vc_column][vc_raw_html]JTNDaDElMjBzdHlsZSUzRCUyMmZvbnQtc2l6ZSUzQSUyMDI0cHglM0IlMjBsaW5lLWhlaWdodCUzQSUyMDI3cHglM0IlMjIlM0VIZWFsdGhjYXJlJTIwSW5ub3ZhdGlvbiUyMGFuZCUyMENyZWF0aXZpdHklMjBNYW5hZ2VtZW50JTIwQ29tbXVuaXR5JTIwb2YlMjBQcmFjdGljZSUzQyUyRmgxJTNFJTBBJTNDcCUzRVRoZSUyMEhlYWx0aGNhcmUlMjBJbm5vdmF0aW9uJTIwYW5kJTIwQ3JlYXRpdml0eSUyME1hbmFnZW1lbnQlMjBDb21tdW5pdHklMjBvZiUyMFByYWN0aWNlJTIwYnJpbmdzJTIwdG9nZXRoZXIlMjBtYW5hZ2VycyUyMGluJTIwdGhlJTIwaGVhbHRoY2FyZSUyMHNlY3RvciUyMHdobyUyMHdpc2glMjB0byUyMGhhcm5lc3MlMjB0aGVpciUyMHNraWxscyUyQyUyMGV4cGVyaWVuY2UlMjBhbmQlMjB0b29scyUyMHJlbGF0ZWQlMjB0byUyMGNyZWF0aXZpdHklMjBhbmQlMjBpbm5vdmF0aW9uJTIwbWFuYWdlbWVudCUyMGZvciUyMHRoZSUyMGJlbmVmaXQlMjBvZiUyMHRlYW1zJTJDJTIwcGF0aWVudHMlMjBhbmQlMjB0aGUlMjBnZW5lcmFsJTIwcG9wdWxhdGlvbiUzQyUyRnAlM0U=[\/vc_raw_html][vc_empty_space height=&#8221;20px&#8221;][mk_image src=&#8221;https:\/\/eiaschum.ca\/wp-content\/uploads\/2021\/02\/eias-communaute-pratique-innovation-creativite-500&#215;500-01.png&#8221; image_size=&#8221;full&#8221; title=&#8221;Julien Terrier&#8221; desc=&#8221;Cardiovascular and Ophthalmology Clinical-Administrative Co-Manager at the CHUM Healthcare Innovation and Creativity Management Community of Practice&#8221; caption_location=&#8221;outside-image&#8221; align=&#8221;center&#8221; margin_bottom=&#8221;0&#8243; visibility=&#8221;visible-sm&#8221;][vc_empty_space height=&#8221;20px&#8221;][mk_blockquote font_family=&#8221;none&#8221;] Setting [&hellip;]<\/p>\n","protected":false},"author":16,"featured_media":0,"parent":9092,"menu_order":0,"comment_status":"closed","ping_status":"closed","template":"","meta":{"footnotes":""},"class_list":["post-9103","page","type-page","status-publish","hentry"],"yoast_head":"<!-- This site is optimized with the Yoast SEO plugin v26.4 - https:\/\/yoast.com\/wordpress\/plugins\/seo\/ -->\n<title>\u00c9IAS | La communaut\u00e9 pratique sur la gestion de l&#039;innovation et de la cr\u00e9ativit\u00e9 en sant\u00e9<\/title>\n<meta name=\"robots\" content=\"index, follow, max-snippet:-1, max-image-preview:large, max-video-preview:-1\" \/>\n<link rel=\"canonical\" href=\"https:\/\/eiaschum.ca\/en\/co-innovate\/healthcare-innovation-and-creativity-management-community-of-practice\/\" \/>\n<meta property=\"og:locale\" content=\"en_US\" \/>\n<meta property=\"og:type\" content=\"article\" \/>\n<meta property=\"og:title\" content=\"\u00c9IAS | La communaut\u00e9 pratique sur la gestion de l&#039;innovation et de la cr\u00e9ativit\u00e9 en sant\u00e9\" \/>\n<meta property=\"og:description\" content=\"[vc_row fullwidth=&#8221;true&#8221; visibility=&#8221;visible-sm&#8221; css=&#8221;.vc_custom_1614356462272{background-color: #ffffff !important;background-position: center !important;background-repeat: no-repeat !important;background-size: cover !important;}&#8221;][vc_column][mk_image src=&#8221;https:\/\/eiaschum.ca\/wp-content\/uploads\/2021\/02\/eias-entete-mobile-765&#215;175-01.jpg&#8221; image_size=&#8221;full&#8221; align=&#8221;center&#8221; margin_bottom=&#8221;0&#8243; visibility=&#8221;visible-sm&#8221;][\/vc_column][\/vc_row][vc_row visibility=&#8221;visible-sm&#8221; css=&#8221;.vc_custom_1614356550194{background-color: #ffffff !important;background-position: center !important;background-repeat: no-repeat !important;background-size: cover !important;}&#8221;][vc_column][vc_raw_html]JTNDaDElMjBzdHlsZSUzRCUyMmZvbnQtc2l6ZSUzQSUyMDI0cHglM0IlMjBsaW5lLWhlaWdodCUzQSUyMDI3cHglM0IlMjIlM0VIZWFsdGhjYXJlJTIwSW5ub3ZhdGlvbiUyMGFuZCUyMENyZWF0aXZpdHklMjBNYW5hZ2VtZW50JTIwQ29tbXVuaXR5JTIwb2YlMjBQcmFjdGljZSUzQyUyRmgxJTNFJTBBJTNDcCUzRVRoZSUyMEhlYWx0aGNhcmUlMjBJbm5vdmF0aW9uJTIwYW5kJTIwQ3JlYXRpdml0eSUyME1hbmFnZW1lbnQlMjBDb21tdW5pdHklMjBvZiUyMFByYWN0aWNlJTIwYnJpbmdzJTIwdG9nZXRoZXIlMjBtYW5hZ2VycyUyMGluJTIwdGhlJTIwaGVhbHRoY2FyZSUyMHNlY3RvciUyMHdobyUyMHdpc2glMjB0byUyMGhhcm5lc3MlMjB0aGVpciUyMHNraWxscyUyQyUyMGV4cGVyaWVuY2UlMjBhbmQlMjB0b29scyUyMHJlbGF0ZWQlMjB0byUyMGNyZWF0aXZpdHklMjBhbmQlMjBpbm5vdmF0aW9uJTIwbWFuYWdlbWVudCUyMGZvciUyMHRoZSUyMGJlbmVmaXQlMjBvZiUyMHRlYW1zJTJDJTIwcGF0aWVudHMlMjBhbmQlMjB0aGUlMjBnZW5lcmFsJTIwcG9wdWxhdGlvbiUzQyUyRnAlM0U=[\/vc_raw_html][vc_empty_space height=&#8221;20px&#8221;][mk_image src=&#8221;https:\/\/eiaschum.ca\/wp-content\/uploads\/2021\/02\/eias-communaute-pratique-innovation-creativite-500&#215;500-01.png&#8221; image_size=&#8221;full&#8221; title=&#8221;Julien Terrier&#8221; desc=&#8221;Cardiovascular and Ophthalmology Clinical-Administrative Co-Manager at the CHUM Healthcare Innovation and Creativity Management Community of Practice&#8221; caption_location=&#8221;outside-image&#8221; align=&#8221;center&#8221; margin_bottom=&#8221;0&#8243; visibility=&#8221;visible-sm&#8221;][vc_empty_space height=&#8221;20px&#8221;][mk_blockquote font_family=&#8221;none&#8221;] Setting [&hellip;]\" \/>\n<meta property=\"og:url\" content=\"https:\/\/eiaschum.ca\/en\/co-innovate\/healthcare-innovation-and-creativity-management-community-of-practice\/\" \/>\n<meta property=\"og:site_name\" content=\"\u00c9cole de l&#039;intelligence artificielle en sant\u00e9\" \/>\n<meta property=\"article:modified_time\" content=\"2021-08-12T17:17:31+00:00\" \/>\n<meta name=\"twitter:card\" content=\"summary_large_image\" \/>\n<meta name=\"twitter:label1\" content=\"Est. reading time\" \/>\n\t<meta name=\"twitter:data1\" content=\"1 minute\" \/>\n<script type=\"application\/ld+json\" class=\"yoast-schema-graph\">{\"@context\":\"https:\/\/schema.org\",\"@graph\":[{\"@type\":\"WebPage\",\"@id\":\"https:\/\/eiaschum.ca\/en\/co-innovate\/healthcare-innovation-and-creativity-management-community-of-practice\/\",\"url\":\"https:\/\/eiaschum.ca\/en\/co-innovate\/healthcare-innovation-and-creativity-management-community-of-practice\/\",\"name\":\"\u00c9IAS | La communaut\u00e9 pratique sur la gestion de l'innovation et de la cr\u00e9ativit\u00e9 en sant\u00e9\",\"isPartOf\":{\"@id\":\"https:\/\/eiaschum.ca\/#website\"},\"datePublished\":\"2021-02-17T16:40:41+00:00\",\"dateModified\":\"2021-08-12T17:17:31+00:00\",\"breadcrumb\":{\"@id\":\"https:\/\/eiaschum.ca\/en\/co-innovate\/healthcare-innovation-and-creativity-management-community-of-practice\/#breadcrumb\"},\"inLanguage\":\"en-US\",\"potentialAction\":[{\"@type\":\"ReadAction\",\"target\":[\"https:\/\/eiaschum.ca\/en\/co-innovate\/healthcare-innovation-and-creativity-management-community-of-practice\/\"]}]},{\"@type\":\"BreadcrumbList\",\"@id\":\"https:\/\/eiaschum.ca\/en\/co-innovate\/healthcare-innovation-and-creativity-management-community-of-practice\/#breadcrumb\",\"itemListElement\":[{\"@type\":\"ListItem\",\"position\":1,\"name\":\"Accueil\",\"item\":\"https:\/\/eiaschum.ca\/en\/\"},{\"@type\":\"ListItem\",\"position\":2,\"name\":\"Co-innovate\",\"item\":\"https:\/\/eiaschum.ca\/en\/co-innovate\/\"},{\"@type\":\"ListItem\",\"position\":3,\"name\":\"Healthcare Innovation and Creativity Management Community of Practice\"}]},{\"@type\":\"WebSite\",\"@id\":\"https:\/\/eiaschum.ca\/#website\",\"url\":\"https:\/\/eiaschum.ca\/\",\"name\":\"\u00c9cole de l&#039;intelligence artificielle en sant\u00e9\",\"description\":\"\u00c9cole de l&#039;intelligence artificielle en sant\u00e9\",\"potentialAction\":[{\"@type\":\"SearchAction\",\"target\":{\"@type\":\"EntryPoint\",\"urlTemplate\":\"https:\/\/eiaschum.ca\/?s={search_term_string}\"},\"query-input\":{\"@type\":\"PropertyValueSpecification\",\"valueRequired\":true,\"valueName\":\"search_term_string\"}}],\"inLanguage\":\"en-US\"}]}<\/script>\n<!-- \/ Yoast SEO plugin. -->","yoast_head_json":{"title":"\u00c9IAS | La communaut\u00e9 pratique sur la gestion de l'innovation et de la cr\u00e9ativit\u00e9 en sant\u00e9","robots":{"index":"index","follow":"follow","max-snippet":"max-snippet:-1","max-image-preview":"max-image-preview:large","max-video-preview":"max-video-preview:-1"},"canonical":"https:\/\/eiaschum.ca\/en\/co-innovate\/healthcare-innovation-and-creativity-management-community-of-practice\/","og_locale":"en_US","og_type":"article","og_title":"\u00c9IAS | La communaut\u00e9 pratique sur la gestion de l'innovation et de la cr\u00e9ativit\u00e9 en sant\u00e9","og_description":"[vc_row fullwidth=&#8221;true&#8221; visibility=&#8221;visible-sm&#8221; css=&#8221;.vc_custom_1614356462272{background-color: #ffffff !important;background-position: center !important;background-repeat: no-repeat !important;background-size: cover !important;}&#8221;][vc_column][mk_image src=&#8221;https:\/\/eiaschum.ca\/wp-content\/uploads\/2021\/02\/eias-entete-mobile-765&#215;175-01.jpg&#8221; image_size=&#8221;full&#8221; align=&#8221;center&#8221; margin_bottom=&#8221;0&#8243; visibility=&#8221;visible-sm&#8221;][\/vc_column][\/vc_row][vc_row visibility=&#8221;visible-sm&#8221; css=&#8221;.vc_custom_1614356550194{background-color: #ffffff !important;background-position: center !important;background-repeat: no-repeat !important;background-size: cover !important;}&#8221;][vc_column][vc_raw_html]JTNDaDElMjBzdHlsZSUzRCUyMmZvbnQtc2l6ZSUzQSUyMDI0cHglM0IlMjBsaW5lLWhlaWdodCUzQSUyMDI3cHglM0IlMjIlM0VIZWFsdGhjYXJlJTIwSW5ub3ZhdGlvbiUyMGFuZCUyMENyZWF0aXZpdHklMjBNYW5hZ2VtZW50JTIwQ29tbXVuaXR5JTIwb2YlMjBQcmFjdGljZSUzQyUyRmgxJTNFJTBBJTNDcCUzRVRoZSUyMEhlYWx0aGNhcmUlMjBJbm5vdmF0aW9uJTIwYW5kJTIwQ3JlYXRpdml0eSUyME1hbmFnZW1lbnQlMjBDb21tdW5pdHklMjBvZiUyMFByYWN0aWNlJTIwYnJpbmdzJTIwdG9nZXRoZXIlMjBtYW5hZ2VycyUyMGluJTIwdGhlJTIwaGVhbHRoY2FyZSUyMHNlY3RvciUyMHdobyUyMHdpc2glMjB0byUyMGhhcm5lc3MlMjB0aGVpciUyMHNraWxscyUyQyUyMGV4cGVyaWVuY2UlMjBhbmQlMjB0b29scyUyMHJlbGF0ZWQlMjB0byUyMGNyZWF0aXZpdHklMjBhbmQlMjBpbm5vdmF0aW9uJTIwbWFuYWdlbWVudCUyMGZvciUyMHRoZSUyMGJlbmVmaXQlMjBvZiUyMHRlYW1zJTJDJTIwcGF0aWVudHMlMjBhbmQlMjB0aGUlMjBnZW5lcmFsJTIwcG9wdWxhdGlvbiUzQyUyRnAlM0U=[\/vc_raw_html][vc_empty_space height=&#8221;20px&#8221;][mk_image src=&#8221;https:\/\/eiaschum.ca\/wp-content\/uploads\/2021\/02\/eias-communaute-pratique-innovation-creativite-500&#215;500-01.png&#8221; image_size=&#8221;full&#8221; title=&#8221;Julien Terrier&#8221; desc=&#8221;Cardiovascular and Ophthalmology Clinical-Administrative Co-Manager at the CHUM Healthcare Innovation and Creativity Management Community of Practice&#8221; caption_location=&#8221;outside-image&#8221; align=&#8221;center&#8221; margin_bottom=&#8221;0&#8243; visibility=&#8221;visible-sm&#8221;][vc_empty_space height=&#8221;20px&#8221;][mk_blockquote font_family=&#8221;none&#8221;] Setting [&hellip;]","og_url":"https:\/\/eiaschum.ca\/en\/co-innovate\/healthcare-innovation-and-creativity-management-community-of-practice\/","og_site_name":"\u00c9cole de l&#039;intelligence artificielle en sant\u00e9","article_modified_time":"2021-08-12T17:17:31+00:00","twitter_card":"summary_large_image","twitter_misc":{"Est. reading time":"1 minute"},"schema":{"@context":"https:\/\/schema.org","@graph":[{"@type":"WebPage","@id":"https:\/\/eiaschum.ca\/en\/co-innovate\/healthcare-innovation-and-creativity-management-community-of-practice\/","url":"https:\/\/eiaschum.ca\/en\/co-innovate\/healthcare-innovation-and-creativity-management-community-of-practice\/","name":"\u00c9IAS | La communaut\u00e9 pratique sur la gestion de l'innovation et de la cr\u00e9ativit\u00e9 en sant\u00e9","isPartOf":{"@id":"https:\/\/eiaschum.ca\/#website"},"datePublished":"2021-02-17T16:40:41+00:00","dateModified":"2021-08-12T17:17:31+00:00","breadcrumb":{"@id":"https:\/\/eiaschum.ca\/en\/co-innovate\/healthcare-innovation-and-creativity-management-community-of-practice\/#breadcrumb"},"inLanguage":"en-US","potentialAction":[{"@type":"ReadAction","target":["https:\/\/eiaschum.ca\/en\/co-innovate\/healthcare-innovation-and-creativity-management-community-of-practice\/"]}]},{"@type":"BreadcrumbList","@id":"https:\/\/eiaschum.ca\/en\/co-innovate\/healthcare-innovation-and-creativity-management-community-of-practice\/#breadcrumb","itemListElement":[{"@type":"ListItem","position":1,"name":"Accueil","item":"https:\/\/eiaschum.ca\/en\/"},{"@type":"ListItem","position":2,"name":"Co-innovate","item":"https:\/\/eiaschum.ca\/en\/co-innovate\/"},{"@type":"ListItem","position":3,"name":"Healthcare Innovation and Creativity Management Community of Practice"}]},{"@type":"WebSite","@id":"https:\/\/eiaschum.ca\/#website","url":"https:\/\/eiaschum.ca\/","name":"\u00c9cole de l&#039;intelligence artificielle en sant\u00e9","description":"\u00c9cole de l&#039;intelligence artificielle en sant\u00e9","potentialAction":[{"@type":"SearchAction","target":{"@type":"EntryPoint","urlTemplate":"https:\/\/eiaschum.ca\/?s={search_term_string}"},"query-input":{"@type":"PropertyValueSpecification","valueRequired":true,"valueName":"search_term_string"}}],"inLanguage":"en-US"}]}},"_links":{"self":[{"href":"https:\/\/eiaschum.ca\/en\/wp-json\/wp\/v2\/pages\/9103","targetHints":{"allow":["GET"]}}],"collection":[{"href":"https:\/\/eiaschum.ca\/en\/wp-json\/wp\/v2\/pages"}],"about":[{"href":"https:\/\/eiaschum.ca\/en\/wp-json\/wp\/v2\/types\/page"}],"author":[{"embeddable":true,"href":"https:\/\/eiaschum.ca\/en\/wp-json\/wp\/v2\/users\/16"}],"replies":[{"embeddable":true,"href":"https:\/\/eiaschum.ca\/en\/wp-json\/wp\/v2\/comments?post=9103"}],"version-history":[{"count":5,"href":"https:\/\/eiaschum.ca\/en\/wp-json\/wp\/v2\/pages\/9103\/revisions"}],"predecessor-version":[{"id":9108,"href":"https:\/\/eiaschum.ca\/en\/wp-json\/wp\/v2\/pages\/9103\/revisions\/9108"}],"up":[{"embeddable":true,"href":"https:\/\/eiaschum.ca\/en\/wp-json\/wp\/v2\/pages\/9092"}],"wp:attachment":[{"href":"https:\/\/eiaschum.ca\/en\/wp-json\/wp\/v2\/media?parent=9103"}],"curies":[{"name":"wp","href":"https:\/\/api.w.org\/{rel}","templated":true}]}}