{"id":9592,"date":"2022-03-02T17:23:00","date_gmt":"2022-03-02T22:23:00","guid":{"rendered":"https:\/\/eiaschum.ca\/?page_id=9592"},"modified":"2022-03-02T17:24:37","modified_gmt":"2022-03-02T22:24:37","slug":"data-directory","status":"publish","type":"page","link":"https:\/\/eiaschum.ca\/en\/data-directory\/","title":{"rendered":"Data directory"},"content":{"rendered":"<section class=\"wpb-content-wrapper\">[vc_row][vc_column][vc_raw_html]JTNDaDElMjBzdHlsZSUzRCUyMmZvbnQtc2l6ZSUzQSUyMDI0cHglM0IlMjBsaW5lLWhlaWdodCUzQSUyMDI3cHglM0IlMjIlM0VFeHBlcmltZW50YXRpb24lM0MlMkZoMSUzRSUwQSUzQ2gyJTNFUHV0JTIweW91ciUyMGtub3dsZWRnZSUyMGludG8lMjBhY3Rpb24lMjElMjAlM0MlMkZoMiUwQSUzQ3AlM0VFeHBlcmltZW50YXRpb24lMjBpcyUyMGFuJTIwZXhjZWxsZW50JTIwc3RyYXRlZ3klMjB0byUyMGZ1cnRoZXIlMjBzdHJlbmd0aGVuJTIweW91ciUyMGtub3dsZWRnZSUyMG9mJTIwYXJ0aWZpY2lhbCUyMGludGVsbGlnZW5jZSUyMGluJTIwaGVhbHRoLiUyMEhlcmUlMjBhcmUlMjBzb21lJTIwcmVzb3VyY2VzJTIwdGhhdCUyMHdpbGwlMjBhbGxvdyUyMHlvdSUyMHRvJTIwZWZmZWN0aXZlbHklMjBpbnRlZ3JhdGUlMjB5b3VyJTIwa25vd2xlZGdlJTIwaW50byUyMHlvdXIlMjBwcm9mZXNzaW9uYWwlMjBwcmFjdGljZS4lM0MlMkZwJTNFJTBBJTBBJTBBJTNDaDMlMjBzdHlsZSUzRCUyMmNvbG9yJTNBJTIzMTExMTExJTNCJTIyJTNFTmVlZCUyMHN1cHBvcnQlM0YlM0MlMkZoMyUzRSUwQSUzQ3AlM0VXcml0ZSUyMHRvJTIwdXMlM0ElMjAlMjAlM0NhJTIwaHJlZiUzRCUyMm1haWx0byUzQWVjb2xlLmlhLmNodW0lNDBzc3NzLmdvdXYucWMuY2ElMjIlMjB0YXJnZXQlM0QlMjJfYmxhbmslMjIlMjBzdHlsZSUzRCUyMnRleHQtZGVjb3JhdGlvbiUzQSUyMHVuZGVybGluZSUzQiUyMGZvbnQtd2VpZ2h0JTNBJTIwYm9sZCUzQiUyMiUzRWVjb2xlLmlhLmNodW0lNDBzc3NzLmdvdXYucWMuY2ElM0MlMkZhJTNFJTNDJTJGcCUzRSUwQQ==[\/vc_raw_html][vc_raw_html]JTNDaDElMjBzdHlsZSUzRCUyMmZvbnQtc2l6ZSUzQSUyMDI0cHglM0IlMjBsaW5lLWhlaWdodCUzQSUyMDI3cHglM0IlMjIlM0VEYXRhJTIwZGlyZWN0b3J5JTIwJTIwJTNDJTJGaDElM0UlMEElM0NwJTNFU0FJSCUyQyUyMGluJTIwY29sbGFib3JhdGlvbiUyMHdpdGglMjAlM0NhJTIwaHJlZiUzRCUyMmh0dHBzJTNBJTJGJTJGY2l0YWRlbC1jaHVtLmNvbSUyRiUyMiUyMHRhcmdldCUzRCUyMl9ibGFuayUyMiUyMHN0eWxlJTNEJTIydGV4dC1kZWNvcmF0aW9uJTNBJTIwdW5kZXJsaW5lJTNCJTIwZm9udC13ZWlnaHQlM0ElMjBib2xkJTNCJTIyJTNFQ0lUQURFTCUzQyUyRmElM0UlMkMlMjBoYXMlMjBpZGVudGlmaWVkJTIwYW5kJTIwY2xhc3NpZmllZCUyMGhlYWx0aCUyMGRhdGElMjBzZXRzLiUyMFlvdSUyMGNhbiUyMHByYWN0aWNlJTIwcHJlcGFyaW5nJTIwZGF0YSUyQyUyMHRyYWluaW5nJTIwbW9kZWxzJTJDJTIwb3IlMjBnZXR0aW5nJTIwcHJlZGljdGlvbnMuJTIwJTIwJTNDJTJGcCUzRQ==[\/vc_raw_html][\/vc_column][\/vc_row][vc_row][vc_column width=&#8221;1\/3&#8243;][vc_single_image image=&#8221;9471&#8243; img_size=&#8221;full&#8221; alignment=&#8221;center&#8221; onclick=&#8221;custom_link&#8221; img_link_target=&#8221;_blank&#8221; css_animation=&#8221;fadeIn&#8221; link=&#8221;https:\/\/airtable.com\/shr91K3pJwgtMN3lT&#8221;][vc_column_text css=&#8221;.vc_custom_1646259615004{margin-bottom: 0px !important;}&#8221;]\n<p style=\"text-align: center;\"><strong><a style=\"text-decoration: underline; font-weight: bold;\" href=\"https:\/\/airtable.com\/shr91K3pJwgtMN3lT\" target=\"_blank\" rel=\"noopener\">Full view<\/a><\/strong><\/p>\n[\/vc_column_text][\/vc_column][vc_column width=&#8221;1\/3&#8243;][vc_single_image image=&#8221;9481&#8243; img_size=&#8221;full&#8221; alignment=&#8221;center&#8221; onclick=&#8221;custom_link&#8221; img_link_target=&#8221;_blank&#8221; css_animation=&#8221;fadeIn&#8221; link=&#8221;https:\/\/airtable.com\/shr0RXQmw99Mz5uEb\/tblXtZ7cbc2T91gyd&#8221;][vc_column_text css=&#8221;.vc_custom_1646259630439{margin-bottom: 0px !important;}&#8221;]\n<p style=\"text-align: center;\"><strong><a style=\"text-decoration: underline; font-weight: bold;\" href=\"https:\/\/airtable.com\/shr0RXQmw99Mz5uEb\" target=\"_blank\" rel=\"noopener\">Classification by themes<\/a><\/strong><\/p>\n[\/vc_column_text][\/vc_column][vc_column width=&#8221;1\/3&#8243;][vc_single_image image=&#8221;9477&#8243; img_size=&#8221;full&#8221; alignment=&#8221;center&#8221; onclick=&#8221;custom_link&#8221; img_link_target=&#8221;_blank&#8221; css_animation=&#8221;fadeIn&#8221; link=&#8221;https:\/\/airtable.com\/shrnEppVXxOO57emf\/tblXtZ7cbc2T91gyd&#8221;][vc_column_text align=&#8221;center&#8221; css=&#8221;.vc_custom_1646259654852{margin-bottom: 0px !important;}&#8221;]\n<p style=\"text-align: center;\"><strong><a style=\"text-decoration: underline; font-weight: bold;\" href=\"https:\/\/airtable.com\/shrnEppVXxOO57emf\/tblXtZ7cbc2T91gyd\" target=\"_blank\" rel=\"noopener\">Classification by language<\/a><\/strong><\/p>\n[\/vc_column_text][\/vc_column][\/vc_row][vc_row][vc_column][vc_empty_space height=&#8221;20px&#8221;][vc_raw_html]JTNDaDElMjBzdHlsZSUzRCUyMmZvbnQtc2l6ZSUzQSUyMDI0cHglM0IlMjBsaW5lLWhlaWdodCUzQSUyMDI3cHglM0IlMjIlM0VBZGRpdGlvbmFsJTIwcmVzb3VyY2UlM0MlMkZoMSUzRSUwQQ==[\/vc_raw_html][\/vc_column][\/vc_row][vc_row][vc_column width=&#8221;1\/3&#8243;][vc_single_image image=&#8221;9492&#8243; img_size=&#8221;full&#8221; onclick=&#8221;custom_link&#8221; img_link_target=&#8221;_blank&#8221; link=&#8221;https:\/\/datasetsearch.research.google.com\/&#8221;][\/vc_column][vc_column width=&#8221;2\/3&#8243;][vc_column_text css=&#8221;.vc_custom_1646259717377{margin-bottom: 0px !important;padding-top: 20px !important;}&#8221;]Google has created a <strong><a style=\"text-decoration: underline; font-weight: bold;\" href=\"https:\/\/datasetsearch.research.google.com\/\" target=\"_blank\" rel=\"noopener\">search engine<\/a> <\/strong>that will help you find other databases to practice on.[\/vc_column_text][\/vc_column][\/vc_row]\n<\/section>","protected":false},"excerpt":{"rendered":"<p>[vc_row][vc_column][vc_raw_html]JTNDaDElMjBzdHlsZSUzRCUyMmZvbnQtc2l6ZSUzQSUyMDI0cHglM0IlMjBsaW5lLWhlaWdodCUzQSUyMDI3cHglM0IlMjIlM0VFeHBlcmltZW50YXRpb24lM0MlMkZoMSUzRSUwQSUzQ2gyJTNFUHV0JTIweW91ciUyMGtub3dsZWRnZSUyMGludG8lMjBhY3Rpb24lMjElMjAlM0MlMkZoMiUwQSUzQ3AlM0VFeHBlcmltZW50YXRpb24lMjBpcyUyMGFuJTIwZXhjZWxsZW50JTIwc3RyYXRlZ3klMjB0byUyMGZ1cnRoZXIlMjBzdHJlbmd0aGVuJTIweW91ciUyMGtub3dsZWRnZSUyMG9mJTIwYXJ0aWZpY2lhbCUyMGludGVsbGlnZW5jZSUyMGluJTIwaGVhbHRoLiUyMEhlcmUlMjBhcmUlMjBzb21lJTIwcmVzb3VyY2VzJTIwdGhhdCUyMHdpbGwlMjBhbGxvdyUyMHlvdSUyMHRvJTIwZWZmZWN0aXZlbHklMjBpbnRlZ3JhdGUlMjB5b3VyJTIwa25vd2xlZGdlJTIwaW50byUyMHlvdXIlMjBwcm9mZXNzaW9uYWwlMjBwcmFjdGljZS4lM0MlMkZwJTNFJTBBJTBBJTBBJTNDaDMlMjBzdHlsZSUzRCUyMmNvbG9yJTNBJTIzMTExMTExJTNCJTIyJTNFTmVlZCUyMHN1cHBvcnQlM0YlM0MlMkZoMyUzRSUwQSUzQ3AlM0VXcml0ZSUyMHRvJTIwdXMlM0ElMjAlMjAlM0NhJTIwaHJlZiUzRCUyMm1haWx0byUzQWVjb2xlLmlhLmNodW0lNDBzc3NzLmdvdXYucWMuY2ElMjIlMjB0YXJnZXQlM0QlMjJfYmxhbmslMjIlMjBzdHlsZSUzRCUyMnRleHQtZGVjb3JhdGlvbiUzQSUyMHVuZGVybGluZSUzQiUyMGZvbnQtd2VpZ2h0JTNBJTIwYm9sZCUzQiUyMiUzRWVjb2xlLmlhLmNodW0lNDBzc3NzLmdvdXYucWMuY2ElM0MlMkZhJTNFJTNDJTJGcCUzRSUwQQ==[\/vc_raw_html][vc_raw_html]JTNDaDElMjBzdHlsZSUzRCUyMmZvbnQtc2l6ZSUzQSUyMDI0cHglM0IlMjBsaW5lLWhlaWdodCUzQSUyMDI3cHglM0IlMjIlM0VEYXRhJTIwZGlyZWN0b3J5JTIwJTIwJTNDJTJGaDElM0UlMEElM0NwJTNFU0FJSCUyQyUyMGluJTIwY29sbGFib3JhdGlvbiUyMHdpdGglMjAlM0NhJTIwaHJlZiUzRCUyMmh0dHBzJTNBJTJGJTJGY2l0YWRlbC1jaHVtLmNvbSUyRiUyMiUyMHRhcmdldCUzRCUyMl9ibGFuayUyMiUyMHN0eWxlJTNEJTIydGV4dC1kZWNvcmF0aW9uJTNBJTIwdW5kZXJsaW5lJTNCJTIwZm9udC13ZWlnaHQlM0ElMjBib2xkJTNCJTIyJTNFQ0lUQURFTCUzQyUyRmElM0UlMkMlMjBoYXMlMjBpZGVudGlmaWVkJTIwYW5kJTIwY2xhc3NpZmllZCUyMGhlYWx0aCUyMGRhdGElMjBzZXRzLiUyMFlvdSUyMGNhbiUyMHByYWN0aWNlJTIwcHJlcGFyaW5nJTIwZGF0YSUyQyUyMHRyYWluaW5nJTIwbW9kZWxzJTJDJTIwb3IlMjBnZXR0aW5nJTIwcHJlZGljdGlvbnMuJTIwJTIwJTNDJTJGcCUzRQ==[\/vc_raw_html][\/vc_column][\/vc_row][vc_row][vc_column width=&#8221;1\/3&#8243;][vc_single_image image=&#8221;9471&#8243; img_size=&#8221;full&#8221; alignment=&#8221;center&#8221; onclick=&#8221;custom_link&#8221; img_link_target=&#8221;_blank&#8221; css_animation=&#8221;fadeIn&#8221; link=&#8221;https:\/\/airtable.com\/shr91K3pJwgtMN3lT&#8221;][vc_column_text css=&#8221;.vc_custom_1646259615004{margin-bottom: 0px !important;}&#8221;] Full view [\/vc_column_text][\/vc_column][vc_column width=&#8221;1\/3&#8243;][vc_single_image image=&#8221;9481&#8243; img_size=&#8221;full&#8221; alignment=&#8221;center&#8221; onclick=&#8221;custom_link&#8221; img_link_target=&#8221;_blank&#8221; css_animation=&#8221;fadeIn&#8221; link=&#8221;https:\/\/airtable.com\/shr0RXQmw99Mz5uEb\/tblXtZ7cbc2T91gyd&#8221;][vc_column_text css=&#8221;.vc_custom_1646259630439{margin-bottom: 0px !important;}&#8221;] Classification by themes [\/vc_column_text][\/vc_column][vc_column width=&#8221;1\/3&#8243;][vc_single_image image=&#8221;9477&#8243; img_size=&#8221;full&#8221; alignment=&#8221;center&#8221; onclick=&#8221;custom_link&#8221; img_link_target=&#8221;_blank&#8221; css_animation=&#8221;fadeIn&#8221; link=&#8221;https:\/\/airtable.com\/shrnEppVXxOO57emf\/tblXtZ7cbc2T91gyd&#8221;][vc_column_text align=&#8221;center&#8221; css=&#8221;.vc_custom_1646259654852{margin-bottom: 0px !important;}&#8221;] Classification by language [\/vc_column_text][\/vc_column][\/vc_row][vc_row][vc_column][vc_empty_space height=&#8221;20px&#8221;][vc_raw_html]JTNDaDElMjBzdHlsZSUzRCUyMmZvbnQtc2l6ZSUzQSUyMDI0cHglM0IlMjBsaW5lLWhlaWdodCUzQSUyMDI3cHglM0IlMjIlM0VBZGRpdGlvbmFsJTIwcmVzb3VyY2UlM0MlMkZoMSUzRSUwQQ==[\/vc_raw_html][\/vc_column][\/vc_row][vc_row][vc_column width=&#8221;1\/3&#8243;][vc_single_image image=&#8221;9492&#8243; img_size=&#8221;full&#8221; onclick=&#8221;custom_link&#8221; img_link_target=&#8221;_blank&#8221; link=&#8221;https:\/\/datasetsearch.research.google.com\/&#8221;][\/vc_column][vc_column width=&#8221;2\/3&#8243;][vc_column_text css=&#8221;.vc_custom_1646259717377{margin-bottom: [&hellip;]<\/p>\n","protected":false},"author":16,"featured_media":0,"parent":0,"menu_order":0,"comment_status":"closed","ping_status":"closed","template":"","meta":{"footnotes":""},"class_list":["post-9592","page","type-page","status-publish","hentry"],"yoast_head":"<!-- This site is optimized with the Yoast SEO plugin v26.4 - https:\/\/yoast.com\/wordpress\/plugins\/seo\/ -->\n<title>Data directory - \u00c9cole de l&#039;intelligence artificielle en sant\u00e9<\/title>\n<meta name=\"robots\" content=\"index, follow, max-snippet:-1, max-image-preview:large, max-video-preview:-1\" \/>\n<link rel=\"canonical\" href=\"https:\/\/eiaschum.ca\/en\/data-directory\/\" \/>\n<meta property=\"og:locale\" content=\"en_US\" \/>\n<meta property=\"og:type\" content=\"article\" \/>\n<meta property=\"og:title\" content=\"Data directory - \u00c9cole de l&#039;intelligence artificielle en sant\u00e9\" \/>\n<meta property=\"og:description\" content=\"[vc_row][vc_column][vc_raw_html]JTNDaDElMjBzdHlsZSUzRCUyMmZvbnQtc2l6ZSUzQSUyMDI0cHglM0IlMjBsaW5lLWhlaWdodCUzQSUyMDI3cHglM0IlMjIlM0VFeHBlcmltZW50YXRpb24lM0MlMkZoMSUzRSUwQSUzQ2gyJTNFUHV0JTIweW91ciUyMGtub3dsZWRnZSUyMGludG8lMjBhY3Rpb24lMjElMjAlM0MlMkZoMiUwQSUzQ3AlM0VFeHBlcmltZW50YXRpb24lMjBpcyUyMGFuJTIwZXhjZWxsZW50JTIwc3RyYXRlZ3klMjB0byUyMGZ1cnRoZXIlMjBzdHJlbmd0aGVuJTIweW91ciUyMGtub3dsZWRnZSUyMG9mJTIwYXJ0aWZpY2lhbCUyMGludGVsbGlnZW5jZSUyMGluJTIwaGVhbHRoLiUyMEhlcmUlMjBhcmUlMjBzb21lJTIwcmVzb3VyY2VzJTIwdGhhdCUyMHdpbGwlMjBhbGxvdyUyMHlvdSUyMHRvJTIwZWZmZWN0aXZlbHklMjBpbnRlZ3JhdGUlMjB5b3VyJTIwa25vd2xlZGdlJTIwaW50byUyMHlvdXIlMjBwcm9mZXNzaW9uYWwlMjBwcmFjdGljZS4lM0MlMkZwJTNFJTBBJTBBJTBBJTNDaDMlMjBzdHlsZSUzRCUyMmNvbG9yJTNBJTIzMTExMTExJTNCJTIyJTNFTmVlZCUyMHN1cHBvcnQlM0YlM0MlMkZoMyUzRSUwQSUzQ3AlM0VXcml0ZSUyMHRvJTIwdXMlM0ElMjAlMjAlM0NhJTIwaHJlZiUzRCUyMm1haWx0byUzQWVjb2xlLmlhLmNodW0lNDBzc3NzLmdvdXYucWMuY2ElMjIlMjB0YXJnZXQlM0QlMjJfYmxhbmslMjIlMjBzdHlsZSUzRCUyMnRleHQtZGVjb3JhdGlvbiUzQSUyMHVuZGVybGluZSUzQiUyMGZvbnQtd2VpZ2h0JTNBJTIwYm9sZCUzQiUyMiUzRWVjb2xlLmlhLmNodW0lNDBzc3NzLmdvdXYucWMuY2ElM0MlMkZhJTNFJTNDJTJGcCUzRSUwQQ==[\/vc_raw_html][vc_raw_html]JTNDaDElMjBzdHlsZSUzRCUyMmZvbnQtc2l6ZSUzQSUyMDI0cHglM0IlMjBsaW5lLWhlaWdodCUzQSUyMDI3cHglM0IlMjIlM0VEYXRhJTIwZGlyZWN0b3J5JTIwJTIwJTNDJTJGaDElM0UlMEElM0NwJTNFU0FJSCUyQyUyMGluJTIwY29sbGFib3JhdGlvbiUyMHdpdGglMjAlM0NhJTIwaHJlZiUzRCUyMmh0dHBzJTNBJTJGJTJGY2l0YWRlbC1jaHVtLmNvbSUyRiUyMiUyMHRhcmdldCUzRCUyMl9ibGFuayUyMiUyMHN0eWxlJTNEJTIydGV4dC1kZWNvcmF0aW9uJTNBJTIwdW5kZXJsaW5lJTNCJTIwZm9udC13ZWlnaHQlM0ElMjBib2xkJTNCJTIyJTNFQ0lUQURFTCUzQyUyRmElM0UlMkMlMjBoYXMlMjBpZGVudGlmaWVkJTIwYW5kJTIwY2xhc3NpZmllZCUyMGhlYWx0aCUyMGRhdGElMjBzZXRzLiUyMFlvdSUyMGNhbiUyMHByYWN0aWNlJTIwcHJlcGFyaW5nJTIwZGF0YSUyQyUyMHRyYWluaW5nJTIwbW9kZWxzJTJDJTIwb3IlMjBnZXR0aW5nJTIwcHJlZGljdGlvbnMuJTIwJTIwJTNDJTJGcCUzRQ==[\/vc_raw_html][\/vc_column][\/vc_row][vc_row][vc_column width=&#8221;1\/3&#8243;][vc_single_image image=&#8221;9471&#8243; img_size=&#8221;full&#8221; alignment=&#8221;center&#8221; onclick=&#8221;custom_link&#8221; img_link_target=&#8221;_blank&#8221; css_animation=&#8221;fadeIn&#8221; link=&#8221;https:\/\/airtable.com\/shr91K3pJwgtMN3lT&#8221;][vc_column_text css=&#8221;.vc_custom_1646259615004{margin-bottom: 0px !important;}&#8221;] Full view [\/vc_column_text][\/vc_column][vc_column width=&#8221;1\/3&#8243;][vc_single_image image=&#8221;9481&#8243; img_size=&#8221;full&#8221; alignment=&#8221;center&#8221; onclick=&#8221;custom_link&#8221; img_link_target=&#8221;_blank&#8221; css_animation=&#8221;fadeIn&#8221; link=&#8221;https:\/\/airtable.com\/shr0RXQmw99Mz5uEb\/tblXtZ7cbc2T91gyd&#8221;][vc_column_text css=&#8221;.vc_custom_1646259630439{margin-bottom: 0px !important;}&#8221;] Classification by themes [\/vc_column_text][\/vc_column][vc_column width=&#8221;1\/3&#8243;][vc_single_image image=&#8221;9477&#8243; img_size=&#8221;full&#8221; alignment=&#8221;center&#8221; onclick=&#8221;custom_link&#8221; img_link_target=&#8221;_blank&#8221; css_animation=&#8221;fadeIn&#8221; link=&#8221;https:\/\/airtable.com\/shrnEppVXxOO57emf\/tblXtZ7cbc2T91gyd&#8221;][vc_column_text align=&#8221;center&#8221; css=&#8221;.vc_custom_1646259654852{margin-bottom: 0px !important;}&#8221;] Classification by language [\/vc_column_text][\/vc_column][\/vc_row][vc_row][vc_column][vc_empty_space height=&#8221;20px&#8221;][vc_raw_html]JTNDaDElMjBzdHlsZSUzRCUyMmZvbnQtc2l6ZSUzQSUyMDI0cHglM0IlMjBsaW5lLWhlaWdodCUzQSUyMDI3cHglM0IlMjIlM0VBZGRpdGlvbmFsJTIwcmVzb3VyY2UlM0MlMkZoMSUzRSUwQQ==[\/vc_raw_html][\/vc_column][\/vc_row][vc_row][vc_column width=&#8221;1\/3&#8243;][vc_single_image image=&#8221;9492&#8243; img_size=&#8221;full&#8221; onclick=&#8221;custom_link&#8221; img_link_target=&#8221;_blank&#8221; link=&#8221;https:\/\/datasetsearch.research.google.com\/&#8221;][\/vc_column][vc_column width=&#8221;2\/3&#8243;][vc_column_text css=&#8221;.vc_custom_1646259717377{margin-bottom: [&hellip;]\" \/>\n<meta property=\"og:url\" content=\"https:\/\/eiaschum.ca\/en\/data-directory\/\" \/>\n<meta property=\"og:site_name\" content=\"\u00c9cole de l&#039;intelligence artificielle en sant\u00e9\" \/>\n<meta property=\"article:modified_time\" content=\"2022-03-02T22:24:37+00:00\" \/>\n<meta name=\"twitter:card\" content=\"summary_large_image\" \/>\n<meta name=\"twitter:label1\" content=\"Est. reading time\" \/>\n\t<meta name=\"twitter:data1\" content=\"1 minute\" \/>\n<script type=\"application\/ld+json\" class=\"yoast-schema-graph\">{\"@context\":\"https:\/\/schema.org\",\"@graph\":[{\"@type\":\"WebPage\",\"@id\":\"https:\/\/eiaschum.ca\/en\/data-directory\/\",\"url\":\"https:\/\/eiaschum.ca\/en\/data-directory\/\",\"name\":\"Data directory - \u00c9cole de l&#039;intelligence artificielle en sant\u00e9\",\"isPartOf\":{\"@id\":\"https:\/\/eiaschum.ca\/#website\"},\"datePublished\":\"2022-03-02T22:23:00+00:00\",\"dateModified\":\"2022-03-02T22:24:37+00:00\",\"breadcrumb\":{\"@id\":\"https:\/\/eiaschum.ca\/en\/data-directory\/#breadcrumb\"},\"inLanguage\":\"en-US\",\"potentialAction\":[{\"@type\":\"ReadAction\",\"target\":[\"https:\/\/eiaschum.ca\/en\/data-directory\/\"]}]},{\"@type\":\"BreadcrumbList\",\"@id\":\"https:\/\/eiaschum.ca\/en\/data-directory\/#breadcrumb\",\"itemListElement\":[{\"@type\":\"ListItem\",\"position\":1,\"name\":\"Accueil\",\"item\":\"https:\/\/eiaschum.ca\/en\/\"},{\"@type\":\"ListItem\",\"position\":2,\"name\":\"Data directory\"}]},{\"@type\":\"WebSite\",\"@id\":\"https:\/\/eiaschum.ca\/#website\",\"url\":\"https:\/\/eiaschum.ca\/\",\"name\":\"\u00c9cole de l&#039;intelligence artificielle en sant\u00e9\",\"description\":\"\u00c9cole de l&#039;intelligence artificielle en sant\u00e9\",\"potentialAction\":[{\"@type\":\"SearchAction\",\"target\":{\"@type\":\"EntryPoint\",\"urlTemplate\":\"https:\/\/eiaschum.ca\/?s={search_term_string}\"},\"query-input\":{\"@type\":\"PropertyValueSpecification\",\"valueRequired\":true,\"valueName\":\"search_term_string\"}}],\"inLanguage\":\"en-US\"}]}<\/script>\n<!-- \/ Yoast SEO plugin. -->","yoast_head_json":{"title":"Data directory - \u00c9cole de l&#039;intelligence artificielle en sant\u00e9","robots":{"index":"index","follow":"follow","max-snippet":"max-snippet:-1","max-image-preview":"max-image-preview:large","max-video-preview":"max-video-preview:-1"},"canonical":"https:\/\/eiaschum.ca\/en\/data-directory\/","og_locale":"en_US","og_type":"article","og_title":"Data directory - \u00c9cole de l&#039;intelligence artificielle en sant\u00e9","og_description":"[vc_row][vc_column][vc_raw_html]JTNDaDElMjBzdHlsZSUzRCUyMmZvbnQtc2l6ZSUzQSUyMDI0cHglM0IlMjBsaW5lLWhlaWdodCUzQSUyMDI3cHglM0IlMjIlM0VFeHBlcmltZW50YXRpb24lM0MlMkZoMSUzRSUwQSUzQ2gyJTNFUHV0JTIweW91ciUyMGtub3dsZWRnZSUyMGludG8lMjBhY3Rpb24lMjElMjAlM0MlMkZoMiUwQSUzQ3AlM0VFeHBlcmltZW50YXRpb24lMjBpcyUyMGFuJTIwZXhjZWxsZW50JTIwc3RyYXRlZ3klMjB0byUyMGZ1cnRoZXIlMjBzdHJlbmd0aGVuJTIweW91ciUyMGtub3dsZWRnZSUyMG9mJTIwYXJ0aWZpY2lhbCUyMGludGVsbGlnZW5jZSUyMGluJTIwaGVhbHRoLiUyMEhlcmUlMjBhcmUlMjBzb21lJTIwcmVzb3VyY2VzJTIwdGhhdCUyMHdpbGwlMjBhbGxvdyUyMHlvdSUyMHRvJTIwZWZmZWN0aXZlbHklMjBpbnRlZ3JhdGUlMjB5b3VyJTIwa25vd2xlZGdlJTIwaW50byUyMHlvdXIlMjBwcm9mZXNzaW9uYWwlMjBwcmFjdGljZS4lM0MlMkZwJTNFJTBBJTBBJTBBJTNDaDMlMjBzdHlsZSUzRCUyMmNvbG9yJTNBJTIzMTExMTExJTNCJTIyJTNFTmVlZCUyMHN1cHBvcnQlM0YlM0MlMkZoMyUzRSUwQSUzQ3AlM0VXcml0ZSUyMHRvJTIwdXMlM0ElMjAlMjAlM0NhJTIwaHJlZiUzRCUyMm1haWx0byUzQWVjb2xlLmlhLmNodW0lNDBzc3NzLmdvdXYucWMuY2ElMjIlMjB0YXJnZXQlM0QlMjJfYmxhbmslMjIlMjBzdHlsZSUzRCUyMnRleHQtZGVjb3JhdGlvbiUzQSUyMHVuZGVybGluZSUzQiUyMGZvbnQtd2VpZ2h0JTNBJTIwYm9sZCUzQiUyMiUzRWVjb2xlLmlhLmNodW0lNDBzc3NzLmdvdXYucWMuY2ElM0MlMkZhJTNFJTNDJTJGcCUzRSUwQQ==[\/vc_raw_html][vc_raw_html]JTNDaDElMjBzdHlsZSUzRCUyMmZvbnQtc2l6ZSUzQSUyMDI0cHglM0IlMjBsaW5lLWhlaWdodCUzQSUyMDI3cHglM0IlMjIlM0VEYXRhJTIwZGlyZWN0b3J5JTIwJTIwJTNDJTJGaDElM0UlMEElM0NwJTNFU0FJSCUyQyUyMGluJTIwY29sbGFib3JhdGlvbiUyMHdpdGglMjAlM0NhJTIwaHJlZiUzRCUyMmh0dHBzJTNBJTJGJTJGY2l0YWRlbC1jaHVtLmNvbSUyRiUyMiUyMHRhcmdldCUzRCUyMl9ibGFuayUyMiUyMHN0eWxlJTNEJTIydGV4dC1kZWNvcmF0aW9uJTNBJTIwdW5kZXJsaW5lJTNCJTIwZm9udC13ZWlnaHQlM0ElMjBib2xkJTNCJTIyJTNFQ0lUQURFTCUzQyUyRmElM0UlMkMlMjBoYXMlMjBpZGVudGlmaWVkJTIwYW5kJTIwY2xhc3NpZmllZCUyMGhlYWx0aCUyMGRhdGElMjBzZXRzLiUyMFlvdSUyMGNhbiUyMHByYWN0aWNlJTIwcHJlcGFyaW5nJTIwZGF0YSUyQyUyMHRyYWluaW5nJTIwbW9kZWxzJTJDJTIwb3IlMjBnZXR0aW5nJTIwcHJlZGljdGlvbnMuJTIwJTIwJTNDJTJGcCUzRQ==[\/vc_raw_html][\/vc_column][\/vc_row][vc_row][vc_column width=&#8221;1\/3&#8243;][vc_single_image image=&#8221;9471&#8243; img_size=&#8221;full&#8221; alignment=&#8221;center&#8221; onclick=&#8221;custom_link&#8221; img_link_target=&#8221;_blank&#8221; css_animation=&#8221;fadeIn&#8221; link=&#8221;https:\/\/airtable.com\/shr91K3pJwgtMN3lT&#8221;][vc_column_text css=&#8221;.vc_custom_1646259615004{margin-bottom: 0px !important;}&#8221;] Full view [\/vc_column_text][\/vc_column][vc_column width=&#8221;1\/3&#8243;][vc_single_image image=&#8221;9481&#8243; img_size=&#8221;full&#8221; alignment=&#8221;center&#8221; onclick=&#8221;custom_link&#8221; img_link_target=&#8221;_blank&#8221; css_animation=&#8221;fadeIn&#8221; link=&#8221;https:\/\/airtable.com\/shr0RXQmw99Mz5uEb\/tblXtZ7cbc2T91gyd&#8221;][vc_column_text css=&#8221;.vc_custom_1646259630439{margin-bottom: 0px !important;}&#8221;] Classification by themes [\/vc_column_text][\/vc_column][vc_column width=&#8221;1\/3&#8243;][vc_single_image image=&#8221;9477&#8243; img_size=&#8221;full&#8221; alignment=&#8221;center&#8221; onclick=&#8221;custom_link&#8221; img_link_target=&#8221;_blank&#8221; css_animation=&#8221;fadeIn&#8221; link=&#8221;https:\/\/airtable.com\/shrnEppVXxOO57emf\/tblXtZ7cbc2T91gyd&#8221;][vc_column_text align=&#8221;center&#8221; css=&#8221;.vc_custom_1646259654852{margin-bottom: 0px !important;}&#8221;] Classification by language [\/vc_column_text][\/vc_column][\/vc_row][vc_row][vc_column][vc_empty_space height=&#8221;20px&#8221;][vc_raw_html]JTNDaDElMjBzdHlsZSUzRCUyMmZvbnQtc2l6ZSUzQSUyMDI0cHglM0IlMjBsaW5lLWhlaWdodCUzQSUyMDI3cHglM0IlMjIlM0VBZGRpdGlvbmFsJTIwcmVzb3VyY2UlM0MlMkZoMSUzRSUwQQ==[\/vc_raw_html][\/vc_column][\/vc_row][vc_row][vc_column width=&#8221;1\/3&#8243;][vc_single_image image=&#8221;9492&#8243; img_size=&#8221;full&#8221; onclick=&#8221;custom_link&#8221; img_link_target=&#8221;_blank&#8221; link=&#8221;https:\/\/datasetsearch.research.google.com\/&#8221;][\/vc_column][vc_column width=&#8221;2\/3&#8243;][vc_column_text css=&#8221;.vc_custom_1646259717377{margin-bottom: [&hellip;]","og_url":"https:\/\/eiaschum.ca\/en\/data-directory\/","og_site_name":"\u00c9cole de l&#039;intelligence artificielle en sant\u00e9","article_modified_time":"2022-03-02T22:24:37+00:00","twitter_card":"summary_large_image","twitter_misc":{"Est. reading time":"1 minute"},"schema":{"@context":"https:\/\/schema.org","@graph":[{"@type":"WebPage","@id":"https:\/\/eiaschum.ca\/en\/data-directory\/","url":"https:\/\/eiaschum.ca\/en\/data-directory\/","name":"Data directory - \u00c9cole de l&#039;intelligence artificielle en sant\u00e9","isPartOf":{"@id":"https:\/\/eiaschum.ca\/#website"},"datePublished":"2022-03-02T22:23:00+00:00","dateModified":"2022-03-02T22:24:37+00:00","breadcrumb":{"@id":"https:\/\/eiaschum.ca\/en\/data-directory\/#breadcrumb"},"inLanguage":"en-US","potentialAction":[{"@type":"ReadAction","target":["https:\/\/eiaschum.ca\/en\/data-directory\/"]}]},{"@type":"BreadcrumbList","@id":"https:\/\/eiaschum.ca\/en\/data-directory\/#breadcrumb","itemListElement":[{"@type":"ListItem","position":1,"name":"Accueil","item":"https:\/\/eiaschum.ca\/en\/"},{"@type":"ListItem","position":2,"name":"Data directory"}]},{"@type":"WebSite","@id":"https:\/\/eiaschum.ca\/#website","url":"https:\/\/eiaschum.ca\/","name":"\u00c9cole de l&#039;intelligence artificielle en sant\u00e9","description":"\u00c9cole de l&#039;intelligence artificielle en sant\u00e9","potentialAction":[{"@type":"SearchAction","target":{"@type":"EntryPoint","urlTemplate":"https:\/\/eiaschum.ca\/?s={search_term_string}"},"query-input":{"@type":"PropertyValueSpecification","valueRequired":true,"valueName":"search_term_string"}}],"inLanguage":"en-US"}]}},"_links":{"self":[{"href":"https:\/\/eiaschum.ca\/en\/wp-json\/wp\/v2\/pages\/9592","targetHints":{"allow":["GET"]}}],"collection":[{"href":"https:\/\/eiaschum.ca\/en\/wp-json\/wp\/v2\/pages"}],"about":[{"href":"https:\/\/eiaschum.ca\/en\/wp-json\/wp\/v2\/types\/page"}],"author":[{"embeddable":true,"href":"https:\/\/eiaschum.ca\/en\/wp-json\/wp\/v2\/users\/16"}],"replies":[{"embeddable":true,"href":"https:\/\/eiaschum.ca\/en\/wp-json\/wp\/v2\/comments?post=9592"}],"version-history":[{"count":3,"href":"https:\/\/eiaschum.ca\/en\/wp-json\/wp\/v2\/pages\/9592\/revisions"}],"predecessor-version":[{"id":9595,"href":"https:\/\/eiaschum.ca\/en\/wp-json\/wp\/v2\/pages\/9592\/revisions\/9595"}],"wp:attachment":[{"href":"https:\/\/eiaschum.ca\/en\/wp-json\/wp\/v2\/media?parent=9592"}],"curies":[{"name":"wp","href":"https:\/\/api.w.org\/{rel}","templated":true}]}}