{"id":9602,"date":"2022-03-02T17:34:35","date_gmt":"2022-03-02T22:34:35","guid":{"rendered":"https:\/\/eiaschum.ca\/?page_id=9602"},"modified":"2022-03-02T17:35:00","modified_gmt":"2022-03-02T22:35:00","slug":"ressources-complementaires","status":"publish","type":"page","link":"https:\/\/eiaschum.ca\/en\/ressources-complementaires\/","title":{"rendered":"Ressources compl\u00e9mentaires"},"content":{"rendered":"<section class=\"wpb-content-wrapper\">[vc_row][vc_column][vc_raw_html]JTNDaDElMjBzdHlsZSUzRCUyMmZvbnQtc2l6ZSUzQSUyMDI0cHglM0IlMjBsaW5lLWhlaWdodCUzQSUyMDI3cHglM0IlMjIlM0VBZGRpdGlvbmFsJTIwcmVzb3VyY2VzJTNDJTJGaDElM0UlMEE=[\/vc_raw_html][\/vc_column][\/vc_row][vc_row][vc_column width=&#8221;1\/3&#8243;][vc_single_image image=&#8221;9494&#8243; img_size=&#8221;full&#8221; onclick=&#8221;custom_link&#8221; img_link_target=&#8221;_blank&#8221; link=&#8221;https:\/\/datasetsearch.research.google.com\/&#8221;][\/vc_column][vc_column width=&#8221;2\/3&#8243;][vc_raw_html]R29vZ2xlJTIwaGFzJTIwY3JlYXRlZCUyMGElMjAlM0NzdHJvbmclM0UlM0NhJTIwc3R5bGUlM0QlMjJ0ZXh0LWRlY29yYXRpb24lM0ElMjB1bmRlcmxpbmUlM0IlMjBmb250LXdlaWdodCUzQSUyMGJvbGQlM0IlMjIlMjBocmVmJTNEJTIyaHR0cHMlM0ElMkYlMkZkYXRhc2V0c2VhcmNoLnJlc2VhcmNoLmdvb2dsZS5jb20lMkYlMjIlMjB0YXJnZXQlM0QlMjJfYmxhbmslMjIlMjByZWwlM0QlMjJub29wZW5lciUyMnNlYXJjaCUyMGVuZ2luZSUzQyUyRmElM0UlMjAlM0MlMkZzdHJvbmclM0V0aGF0JTIwd2lsbCUyMGhlbHAlMjB5b3UlMjBmaW5kJTIwb3RoZXIlMjBkYXRhYmFzZXMlMjB0byUyMHByYWN0aWNlJTIwb24u[\/vc_raw_html][\/vc_column][\/vc_row]\n<\/section>","protected":false},"excerpt":{"rendered":"<p>[vc_row][vc_column][vc_raw_html]JTNDaDElMjBzdHlsZSUzRCUyMmZvbnQtc2l6ZSUzQSUyMDI0cHglM0IlMjBsaW5lLWhlaWdodCUzQSUyMDI3cHglM0IlMjIlM0VBZGRpdGlvbmFsJTIwcmVzb3VyY2VzJTNDJTJGaDElM0UlMEE=[\/vc_raw_html][\/vc_column][\/vc_row][vc_row][vc_column width=&#8221;1\/3&#8243;][vc_single_image image=&#8221;9494&#8243; img_size=&#8221;full&#8221; onclick=&#8221;custom_link&#8221; img_link_target=&#8221;_blank&#8221; link=&#8221;https:\/\/datasetsearch.research.google.com\/&#8221;][\/vc_column][vc_column width=&#8221;2\/3&#8243;][vc_raw_html]R29vZ2xlJTIwaGFzJTIwY3JlYXRlZCUyMGElMjAlM0NzdHJvbmclM0UlM0NhJTIwc3R5bGUlM0QlMjJ0ZXh0LWRlY29yYXRpb24lM0ElMjB1bmRlcmxpbmUlM0IlMjBmb250LXdlaWdodCUzQSUyMGJvbGQlM0IlMjIlMjBocmVmJTNEJTIyaHR0cHMlM0ElMkYlMkZkYXRhc2V0c2VhcmNoLnJlc2VhcmNoLmdvb2dsZS5jb20lMkYlMjIlMjB0YXJnZXQlM0QlMjJfYmxhbmslMjIlMjByZWwlM0QlMjJub29wZW5lciUyMnNlYXJjaCUyMGVuZ2luZSUzQyUyRmElM0UlMjAlM0MlMkZzdHJvbmclM0V0aGF0JTIwd2lsbCUyMGhlbHAlMjB5b3UlMjBmaW5kJTIwb3RoZXIlMjBkYXRhYmFzZXMlMjB0byUyMHByYWN0aWNlJTIwb24u[\/vc_raw_html][\/vc_column][\/vc_row]<\/p>\n","protected":false},"author":16,"featured_media":0,"parent":0,"menu_order":0,"comment_status":"closed","ping_status":"closed","template":"","meta":{"footnotes":""},"class_list":["post-9602","page","type-page","status-publish","hentry"],"yoast_head":"<!-- This site is optimized with the Yoast SEO plugin v26.4 - https:\/\/yoast.com\/wordpress\/plugins\/seo\/ -->\n<title>Ressources compl\u00e9mentaires - \u00c9cole de l&#039;intelligence artificielle en sant\u00e9<\/title>\n<meta name=\"robots\" content=\"index, follow, max-snippet:-1, max-image-preview:large, max-video-preview:-1\" \/>\n<link rel=\"canonical\" href=\"https:\/\/eiaschum.ca\/en\/ressources-complementaires\/\" \/>\n<meta property=\"og:locale\" content=\"en_US\" \/>\n<meta property=\"og:type\" content=\"article\" \/>\n<meta property=\"og:title\" content=\"Ressources compl\u00e9mentaires - \u00c9cole de l&#039;intelligence artificielle en sant\u00e9\" \/>\n<meta property=\"og:description\" content=\"[vc_row][vc_column][vc_raw_html]JTNDaDElMjBzdHlsZSUzRCUyMmZvbnQtc2l6ZSUzQSUyMDI0cHglM0IlMjBsaW5lLWhlaWdodCUzQSUyMDI3cHglM0IlMjIlM0VBZGRpdGlvbmFsJTIwcmVzb3VyY2VzJTNDJTJGaDElM0UlMEE=[\/vc_raw_html][\/vc_column][\/vc_row][vc_row][vc_column width=&#8221;1\/3&#8243;][vc_single_image image=&#8221;9494&#8243; img_size=&#8221;full&#8221; onclick=&#8221;custom_link&#8221; img_link_target=&#8221;_blank&#8221; link=&#8221;https:\/\/datasetsearch.research.google.com\/&#8221;][\/vc_column][vc_column width=&#8221;2\/3&#8243;][vc_raw_html]R29vZ2xlJTIwaGFzJTIwY3JlYXRlZCUyMGElMjAlM0NzdHJvbmclM0UlM0NhJTIwc3R5bGUlM0QlMjJ0ZXh0LWRlY29yYXRpb24lM0ElMjB1bmRlcmxpbmUlM0IlMjBmb250LXdlaWdodCUzQSUyMGJvbGQlM0IlMjIlMjBocmVmJTNEJTIyaHR0cHMlM0ElMkYlMkZkYXRhc2V0c2VhcmNoLnJlc2VhcmNoLmdvb2dsZS5jb20lMkYlMjIlMjB0YXJnZXQlM0QlMjJfYmxhbmslMjIlMjByZWwlM0QlMjJub29wZW5lciUyMnNlYXJjaCUyMGVuZ2luZSUzQyUyRmElM0UlMjAlM0MlMkZzdHJvbmclM0V0aGF0JTIwd2lsbCUyMGhlbHAlMjB5b3UlMjBmaW5kJTIwb3RoZXIlMjBkYXRhYmFzZXMlMjB0byUyMHByYWN0aWNlJTIwb24u[\/vc_raw_html][\/vc_column][\/vc_row]\" \/>\n<meta property=\"og:url\" content=\"https:\/\/eiaschum.ca\/en\/ressources-complementaires\/\" \/>\n<meta property=\"og:site_name\" content=\"\u00c9cole de l&#039;intelligence artificielle en sant\u00e9\" \/>\n<meta property=\"article:modified_time\" content=\"2022-03-02T22:35:00+00:00\" \/>\n<meta name=\"twitter:card\" content=\"summary_large_image\" \/>\n<meta name=\"twitter:label1\" content=\"Est. reading time\" \/>\n\t<meta name=\"twitter:data1\" content=\"1 minute\" \/>\n<script type=\"application\/ld+json\" class=\"yoast-schema-graph\">{\"@context\":\"https:\/\/schema.org\",\"@graph\":[{\"@type\":\"WebPage\",\"@id\":\"https:\/\/eiaschum.ca\/en\/ressources-complementaires\/\",\"url\":\"https:\/\/eiaschum.ca\/en\/ressources-complementaires\/\",\"name\":\"Ressources compl\u00e9mentaires - \u00c9cole de l&#039;intelligence artificielle en sant\u00e9\",\"isPartOf\":{\"@id\":\"https:\/\/eiaschum.ca\/#website\"},\"datePublished\":\"2022-03-02T22:34:35+00:00\",\"dateModified\":\"2022-03-02T22:35:00+00:00\",\"breadcrumb\":{\"@id\":\"https:\/\/eiaschum.ca\/en\/ressources-complementaires\/#breadcrumb\"},\"inLanguage\":\"en-US\",\"potentialAction\":[{\"@type\":\"ReadAction\",\"target\":[\"https:\/\/eiaschum.ca\/en\/ressources-complementaires\/\"]}]},{\"@type\":\"BreadcrumbList\",\"@id\":\"https:\/\/eiaschum.ca\/en\/ressources-complementaires\/#breadcrumb\",\"itemListElement\":[{\"@type\":\"ListItem\",\"position\":1,\"name\":\"Accueil\",\"item\":\"https:\/\/eiaschum.ca\/en\/\"},{\"@type\":\"ListItem\",\"position\":2,\"name\":\"Ressources compl\u00e9mentaires\"}]},{\"@type\":\"WebSite\",\"@id\":\"https:\/\/eiaschum.ca\/#website\",\"url\":\"https:\/\/eiaschum.ca\/\",\"name\":\"\u00c9cole de l&#039;intelligence artificielle en sant\u00e9\",\"description\":\"\u00c9cole de l&#039;intelligence artificielle en sant\u00e9\",\"potentialAction\":[{\"@type\":\"SearchAction\",\"target\":{\"@type\":\"EntryPoint\",\"urlTemplate\":\"https:\/\/eiaschum.ca\/?s={search_term_string}\"},\"query-input\":{\"@type\":\"PropertyValueSpecification\",\"valueRequired\":true,\"valueName\":\"search_term_string\"}}],\"inLanguage\":\"en-US\"}]}<\/script>\n<!-- \/ Yoast SEO plugin. -->","yoast_head_json":{"title":"Ressources compl\u00e9mentaires - \u00c9cole de l&#039;intelligence artificielle en sant\u00e9","robots":{"index":"index","follow":"follow","max-snippet":"max-snippet:-1","max-image-preview":"max-image-preview:large","max-video-preview":"max-video-preview:-1"},"canonical":"https:\/\/eiaschum.ca\/en\/ressources-complementaires\/","og_locale":"en_US","og_type":"article","og_title":"Ressources compl\u00e9mentaires - \u00c9cole de l&#039;intelligence artificielle en sant\u00e9","og_description":"[vc_row][vc_column][vc_raw_html]JTNDaDElMjBzdHlsZSUzRCUyMmZvbnQtc2l6ZSUzQSUyMDI0cHglM0IlMjBsaW5lLWhlaWdodCUzQSUyMDI3cHglM0IlMjIlM0VBZGRpdGlvbmFsJTIwcmVzb3VyY2VzJTNDJTJGaDElM0UlMEE=[\/vc_raw_html][\/vc_column][\/vc_row][vc_row][vc_column width=&#8221;1\/3&#8243;][vc_single_image image=&#8221;9494&#8243; img_size=&#8221;full&#8221; onclick=&#8221;custom_link&#8221; img_link_target=&#8221;_blank&#8221; link=&#8221;https:\/\/datasetsearch.research.google.com\/&#8221;][\/vc_column][vc_column width=&#8221;2\/3&#8243;][vc_raw_html]R29vZ2xlJTIwaGFzJTIwY3JlYXRlZCUyMGElMjAlM0NzdHJvbmclM0UlM0NhJTIwc3R5bGUlM0QlMjJ0ZXh0LWRlY29yYXRpb24lM0ElMjB1bmRlcmxpbmUlM0IlMjBmb250LXdlaWdodCUzQSUyMGJvbGQlM0IlMjIlMjBocmVmJTNEJTIyaHR0cHMlM0ElMkYlMkZkYXRhc2V0c2VhcmNoLnJlc2VhcmNoLmdvb2dsZS5jb20lMkYlMjIlMjB0YXJnZXQlM0QlMjJfYmxhbmslMjIlMjByZWwlM0QlMjJub29wZW5lciUyMnNlYXJjaCUyMGVuZ2luZSUzQyUyRmElM0UlMjAlM0MlMkZzdHJvbmclM0V0aGF0JTIwd2lsbCUyMGhlbHAlMjB5b3UlMjBmaW5kJTIwb3RoZXIlMjBkYXRhYmFzZXMlMjB0byUyMHByYWN0aWNlJTIwb24u[\/vc_raw_html][\/vc_column][\/vc_row]","og_url":"https:\/\/eiaschum.ca\/en\/ressources-complementaires\/","og_site_name":"\u00c9cole de l&#039;intelligence artificielle en sant\u00e9","article_modified_time":"2022-03-02T22:35:00+00:00","twitter_card":"summary_large_image","twitter_misc":{"Est. reading time":"1 minute"},"schema":{"@context":"https:\/\/schema.org","@graph":[{"@type":"WebPage","@id":"https:\/\/eiaschum.ca\/en\/ressources-complementaires\/","url":"https:\/\/eiaschum.ca\/en\/ressources-complementaires\/","name":"Ressources compl\u00e9mentaires - \u00c9cole de l&#039;intelligence artificielle en sant\u00e9","isPartOf":{"@id":"https:\/\/eiaschum.ca\/#website"},"datePublished":"2022-03-02T22:34:35+00:00","dateModified":"2022-03-02T22:35:00+00:00","breadcrumb":{"@id":"https:\/\/eiaschum.ca\/en\/ressources-complementaires\/#breadcrumb"},"inLanguage":"en-US","potentialAction":[{"@type":"ReadAction","target":["https:\/\/eiaschum.ca\/en\/ressources-complementaires\/"]}]},{"@type":"BreadcrumbList","@id":"https:\/\/eiaschum.ca\/en\/ressources-complementaires\/#breadcrumb","itemListElement":[{"@type":"ListItem","position":1,"name":"Accueil","item":"https:\/\/eiaschum.ca\/en\/"},{"@type":"ListItem","position":2,"name":"Ressources compl\u00e9mentaires"}]},{"@type":"WebSite","@id":"https:\/\/eiaschum.ca\/#website","url":"https:\/\/eiaschum.ca\/","name":"\u00c9cole de l&#039;intelligence artificielle en sant\u00e9","description":"\u00c9cole de l&#039;intelligence artificielle en sant\u00e9","potentialAction":[{"@type":"SearchAction","target":{"@type":"EntryPoint","urlTemplate":"https:\/\/eiaschum.ca\/?s={search_term_string}"},"query-input":{"@type":"PropertyValueSpecification","valueRequired":true,"valueName":"search_term_string"}}],"inLanguage":"en-US"}]}},"_links":{"self":[{"href":"https:\/\/eiaschum.ca\/en\/wp-json\/wp\/v2\/pages\/9602","targetHints":{"allow":["GET"]}}],"collection":[{"href":"https:\/\/eiaschum.ca\/en\/wp-json\/wp\/v2\/pages"}],"about":[{"href":"https:\/\/eiaschum.ca\/en\/wp-json\/wp\/v2\/types\/page"}],"author":[{"embeddable":true,"href":"https:\/\/eiaschum.ca\/en\/wp-json\/wp\/v2\/users\/16"}],"replies":[{"embeddable":true,"href":"https:\/\/eiaschum.ca\/en\/wp-json\/wp\/v2\/comments?post=9602"}],"version-history":[{"count":2,"href":"https:\/\/eiaschum.ca\/en\/wp-json\/wp\/v2\/pages\/9602\/revisions"}],"predecessor-version":[{"id":9604,"href":"https:\/\/eiaschum.ca\/en\/wp-json\/wp\/v2\/pages\/9602\/revisions\/9604"}],"wp:attachment":[{"href":"https:\/\/eiaschum.ca\/en\/wp-json\/wp\/v2\/media?parent=9602"}],"curies":[{"name":"wp","href":"https:\/\/api.w.org\/{rel}","templated":true}]}}