{"id":14849,"date":"2024-01-23T13:54:47","date_gmt":"2024-01-23T18:54:47","guid":{"rendered":"https:\/\/eiaschum.ca\/?post_type=product&#038;p=14849"},"modified":"2024-01-23T14:11:46","modified_gmt":"2024-01-23T19:11:46","slug":"iasante-techniques-applications-cadres-ethiques-et-juridiques","status":"publish","type":"product","link":"https:\/\/eiaschum.ca\/en\/produit\/iasante-techniques-applications-cadres-ethiques-et-juridiques\/","title":{"rendered":"IA+Sant\u00e9 &#8211; techniques, applications, cadres \u00e9thiques et juridiques"},"content":{"rendered":"<p>Construite par des sp\u00e9cialistes \u00e0 l\u2019attention de non-sp\u00e9cialistes, cette formation vise \u00e0 outiller les personnes utilisatrices afin qu\u2019ils puissent \u00e9valuer le potentiel, les enjeux et les limites de l\u2019IA dans le domaine de la sant\u00e9 et mieux \u00e9valuer ou soutenir son int\u00e9gration dans les pratiques actuelles.<\/p>\n<p><a href=\"https:\/\/iid.ulaval.ca\/formations\/ia-sante-techniques-applications-cadres\/\">https:\/\/iid.ulaval.ca\/formations\/ia-sante-techniques-applications-cadres\/<\/a><\/p>\n","protected":false},"excerpt":{"rendered":"<p>Construite par des sp\u00e9cialistes \u00e0 l\u2019attention de non-sp\u00e9cialistes, cette formation vise \u00e0 outiller les personnes utilisatrices afin qu\u2019ils puissent \u00e9valuer le potentiel, les enjeux et les limites de l\u2019IA dans le domaine de la sant\u00e9 et mieux \u00e9valuer ou soutenir son int\u00e9gration dans les pratiques actuelles. https:\/\/iid.ulaval.ca\/formations\/ia-sante-techniques-applications-cadres\/<\/p>\n","protected":false},"featured_media":7177,"template":"","meta":[],"product_brand":[],"product_cat":[186,189,171,177,111,114,42,57,60,69,72,75,93,102,108],"product_tag":[],"class_list":{"0":"post-14849","1":"product","2":"type-product","3":"status-publish","4":"has-post-thumbnail","6":"product_cat-niveau-des-connaissances-prealables-requises-en-ia","7":"product_cat-aucune-connaissance-prealable-ia","8":"product_cat-niveau-des-connaissances-prealables-requises-en-sante","9":"product_cat-connaissances-de-base-sante","10":"product_cat-langue","11":"product_cat-francais","12":"product_cat-accessibilite","13":"product_cat-acces-payant-avec-certification","14":"product_cat-duree","15":"product_cat-plus-de-6-heures","16":"product_cat-sujet","17":"product_cat-algorithme","18":"product_cat-science-des-donnees-et-ia","19":"product_cat-sante","20":"product_cat-ethique","22":"first","23":"instock","24":"shipping-taxable","25":"product-type-simple"},"yoast_head":"<!-- This site is optimized with the Yoast SEO plugin v26.4 - https:\/\/yoast.com\/wordpress\/plugins\/seo\/ -->\n<title>IA+Sant\u00e9 - techniques, applications, cadres \u00e9thiques et juridiques - \u00c9cole de l&#039;intelligence artificielle en sant\u00e9<\/title>\n<meta name=\"robots\" content=\"index, follow, max-snippet:-1, max-image-preview:large, max-video-preview:-1\" \/>\n<link rel=\"canonical\" href=\"https:\/\/eiaschum.ca\/produit\/iasante-techniques-applications-cadres-ethiques-et-juridiques\/\" \/>\n<meta property=\"og:locale\" content=\"en_US\" \/>\n<meta property=\"og:type\" content=\"article\" \/>\n<meta property=\"og:title\" content=\"IA+Sant\u00e9 - techniques, applications, cadres \u00e9thiques et juridiques - \u00c9cole de l&#039;intelligence artificielle en sant\u00e9\" \/>\n<meta property=\"og:description\" content=\"Construite par des sp\u00e9cialistes \u00e0 l\u2019attention de non-sp\u00e9cialistes, cette formation vise \u00e0 outiller les personnes utilisatrices afin qu\u2019ils puissent \u00e9valuer le potentiel, les enjeux et les limites de l\u2019IA dans le domaine de la sant\u00e9 et mieux \u00e9valuer ou soutenir son int\u00e9gration dans les pratiques actuelles. https:\/\/iid.ulaval.ca\/formations\/ia-sante-techniques-applications-cadres\/\" \/>\n<meta property=\"og:url\" content=\"https:\/\/eiaschum.ca\/produit\/iasante-techniques-applications-cadres-ethiques-et-juridiques\/\" \/>\n<meta property=\"og:site_name\" content=\"\u00c9cole de l&#039;intelligence artificielle en sant\u00e9\" \/>\n<meta property=\"article:modified_time\" content=\"2024-01-23T19:11:46+00:00\" \/>\n<meta property=\"og:image\" content=\"https:\/\/eiaschum.ca\/wp-content\/uploads\/2020\/08\/eias-chum-section-formation-sante-1000x1000-01.jpg\" \/>\n\t<meta property=\"og:image:width\" content=\"1000\" \/>\n\t<meta property=\"og:image:height\" content=\"1000\" \/>\n\t<meta property=\"og:image:type\" content=\"image\/jpeg\" \/>\n<meta name=\"twitter:card\" content=\"summary_large_image\" \/>\n<meta name=\"twitter:label1\" content=\"Est. reading time\" \/>\n\t<meta name=\"twitter:data1\" content=\"1 minute\" \/>\n<script type=\"application\/ld+json\" class=\"yoast-schema-graph\">{\"@context\":\"https:\/\/schema.org\",\"@graph\":[{\"@type\":\"WebPage\",\"@id\":\"https:\/\/eiaschum.ca\/produit\/iasante-techniques-applications-cadres-ethiques-et-juridiques\/\",\"url\":\"https:\/\/eiaschum.ca\/produit\/iasante-techniques-applications-cadres-ethiques-et-juridiques\/\",\"name\":\"IA+Sant\u00e9 - techniques, applications, cadres \u00e9thiques et juridiques - \u00c9cole de l&#039;intelligence artificielle en sant\u00e9\",\"isPartOf\":{\"@id\":\"https:\/\/eiaschum.ca\/#website\"},\"primaryImageOfPage\":{\"@id\":\"https:\/\/eiaschum.ca\/produit\/iasante-techniques-applications-cadres-ethiques-et-juridiques\/#primaryimage\"},\"image\":{\"@id\":\"https:\/\/eiaschum.ca\/produit\/iasante-techniques-applications-cadres-ethiques-et-juridiques\/#primaryimage\"},\"thumbnailUrl\":\"https:\/\/eiaschum.ca\/wp-content\/uploads\/2020\/08\/eias-chum-section-formation-sante-1000x1000-01.jpg\",\"datePublished\":\"2024-01-23T18:54:47+00:00\",\"dateModified\":\"2024-01-23T19:11:46+00:00\",\"breadcrumb\":{\"@id\":\"https:\/\/eiaschum.ca\/produit\/iasante-techniques-applications-cadres-ethiques-et-juridiques\/#breadcrumb\"},\"inLanguage\":\"en-US\",\"potentialAction\":[{\"@type\":\"ReadAction\",\"target\":[\"https:\/\/eiaschum.ca\/produit\/iasante-techniques-applications-cadres-ethiques-et-juridiques\/\"]}]},{\"@type\":\"ImageObject\",\"inLanguage\":\"en-US\",\"@id\":\"https:\/\/eiaschum.ca\/produit\/iasante-techniques-applications-cadres-ethiques-et-juridiques\/#primaryimage\",\"url\":\"https:\/\/eiaschum.ca\/wp-content\/uploads\/2020\/08\/eias-chum-section-formation-sante-1000x1000-01.jpg\",\"contentUrl\":\"https:\/\/eiaschum.ca\/wp-content\/uploads\/2020\/08\/eias-chum-section-formation-sante-1000x1000-01.jpg\",\"width\":1000,\"height\":1000,\"caption\":\"\u00c9cole de l'intelligence artificielle en sant\u00e9 du CHUM\"},{\"@type\":\"BreadcrumbList\",\"@id\":\"https:\/\/eiaschum.ca\/produit\/iasante-techniques-applications-cadres-ethiques-et-juridiques\/#breadcrumb\",\"itemListElement\":[{\"@type\":\"ListItem\",\"position\":1,\"name\":\"Accueil\",\"item\":\"https:\/\/eiaschum.ca\/en\/\"},{\"@type\":\"ListItem\",\"position\":2,\"name\":\"Formations\",\"item\":\"https:\/\/eiaschum.ca\/formations\/\"},{\"@type\":\"ListItem\",\"position\":3,\"name\":\"IA+Sant\u00e9 &#8211; techniques, applications, cadres \u00e9thiques et juridiques\"}]},{\"@type\":\"WebSite\",\"@id\":\"https:\/\/eiaschum.ca\/#website\",\"url\":\"https:\/\/eiaschum.ca\/\",\"name\":\"\u00c9cole de l&#039;intelligence artificielle en sant\u00e9\",\"description\":\"\u00c9cole de l&#039;intelligence artificielle en sant\u00e9\",\"potentialAction\":[{\"@type\":\"SearchAction\",\"target\":{\"@type\":\"EntryPoint\",\"urlTemplate\":\"https:\/\/eiaschum.ca\/?s={search_term_string}\"},\"query-input\":{\"@type\":\"PropertyValueSpecification\",\"valueRequired\":true,\"valueName\":\"search_term_string\"}}],\"inLanguage\":\"en-US\"}]}<\/script>\n<!-- \/ Yoast SEO plugin. -->","yoast_head_json":{"title":"IA+Sant\u00e9 - techniques, applications, cadres \u00e9thiques et juridiques - \u00c9cole de l&#039;intelligence artificielle en sant\u00e9","robots":{"index":"index","follow":"follow","max-snippet":"max-snippet:-1","max-image-preview":"max-image-preview:large","max-video-preview":"max-video-preview:-1"},"canonical":"https:\/\/eiaschum.ca\/produit\/iasante-techniques-applications-cadres-ethiques-et-juridiques\/","og_locale":"en_US","og_type":"article","og_title":"IA+Sant\u00e9 - techniques, applications, cadres \u00e9thiques et juridiques - \u00c9cole de l&#039;intelligence artificielle en sant\u00e9","og_description":"Construite par des sp\u00e9cialistes \u00e0 l\u2019attention de non-sp\u00e9cialistes, cette formation vise \u00e0 outiller les personnes utilisatrices afin qu\u2019ils puissent \u00e9valuer le potentiel, les enjeux et les limites de l\u2019IA dans le domaine de la sant\u00e9 et mieux \u00e9valuer ou soutenir son int\u00e9gration dans les pratiques actuelles. https:\/\/iid.ulaval.ca\/formations\/ia-sante-techniques-applications-cadres\/","og_url":"https:\/\/eiaschum.ca\/produit\/iasante-techniques-applications-cadres-ethiques-et-juridiques\/","og_site_name":"\u00c9cole de l&#039;intelligence artificielle en sant\u00e9","article_modified_time":"2024-01-23T19:11:46+00:00","og_image":[{"width":1000,"height":1000,"url":"https:\/\/eiaschum.ca\/wp-content\/uploads\/2020\/08\/eias-chum-section-formation-sante-1000x1000-01.jpg","type":"image\/jpeg"}],"twitter_card":"summary_large_image","twitter_misc":{"Est. reading time":"1 minute"},"schema":{"@context":"https:\/\/schema.org","@graph":[{"@type":"WebPage","@id":"https:\/\/eiaschum.ca\/produit\/iasante-techniques-applications-cadres-ethiques-et-juridiques\/","url":"https:\/\/eiaschum.ca\/produit\/iasante-techniques-applications-cadres-ethiques-et-juridiques\/","name":"IA+Sant\u00e9 - techniques, applications, cadres \u00e9thiques et juridiques - \u00c9cole de l&#039;intelligence artificielle en sant\u00e9","isPartOf":{"@id":"https:\/\/eiaschum.ca\/#website"},"primaryImageOfPage":{"@id":"https:\/\/eiaschum.ca\/produit\/iasante-techniques-applications-cadres-ethiques-et-juridiques\/#primaryimage"},"image":{"@id":"https:\/\/eiaschum.ca\/produit\/iasante-techniques-applications-cadres-ethiques-et-juridiques\/#primaryimage"},"thumbnailUrl":"https:\/\/eiaschum.ca\/wp-content\/uploads\/2020\/08\/eias-chum-section-formation-sante-1000x1000-01.jpg","datePublished":"2024-01-23T18:54:47+00:00","dateModified":"2024-01-23T19:11:46+00:00","breadcrumb":{"@id":"https:\/\/eiaschum.ca\/produit\/iasante-techniques-applications-cadres-ethiques-et-juridiques\/#breadcrumb"},"inLanguage":"en-US","potentialAction":[{"@type":"ReadAction","target":["https:\/\/eiaschum.ca\/produit\/iasante-techniques-applications-cadres-ethiques-et-juridiques\/"]}]},{"@type":"ImageObject","inLanguage":"en-US","@id":"https:\/\/eiaschum.ca\/produit\/iasante-techniques-applications-cadres-ethiques-et-juridiques\/#primaryimage","url":"https:\/\/eiaschum.ca\/wp-content\/uploads\/2020\/08\/eias-chum-section-formation-sante-1000x1000-01.jpg","contentUrl":"https:\/\/eiaschum.ca\/wp-content\/uploads\/2020\/08\/eias-chum-section-formation-sante-1000x1000-01.jpg","width":1000,"height":1000,"caption":"\u00c9cole de l'intelligence artificielle en sant\u00e9 du CHUM"},{"@type":"BreadcrumbList","@id":"https:\/\/eiaschum.ca\/produit\/iasante-techniques-applications-cadres-ethiques-et-juridiques\/#breadcrumb","itemListElement":[{"@type":"ListItem","position":1,"name":"Accueil","item":"https:\/\/eiaschum.ca\/en\/"},{"@type":"ListItem","position":2,"name":"Formations","item":"https:\/\/eiaschum.ca\/formations\/"},{"@type":"ListItem","position":3,"name":"IA+Sant\u00e9 &#8211; techniques, applications, cadres \u00e9thiques et juridiques"}]},{"@type":"WebSite","@id":"https:\/\/eiaschum.ca\/#website","url":"https:\/\/eiaschum.ca\/","name":"\u00c9cole de l&#039;intelligence artificielle en sant\u00e9","description":"\u00c9cole de l&#039;intelligence artificielle en sant\u00e9","potentialAction":[{"@type":"SearchAction","target":{"@type":"EntryPoint","urlTemplate":"https:\/\/eiaschum.ca\/?s={search_term_string}"},"query-input":{"@type":"PropertyValueSpecification","valueRequired":true,"valueName":"search_term_string"}}],"inLanguage":"en-US"}]}},"_links":{"self":[{"href":"https:\/\/eiaschum.ca\/en\/wp-json\/wp\/v2\/product\/14849","targetHints":{"allow":["GET"]}}],"collection":[{"href":"https:\/\/eiaschum.ca\/en\/wp-json\/wp\/v2\/product"}],"about":[{"href":"https:\/\/eiaschum.ca\/en\/wp-json\/wp\/v2\/types\/product"}],"wp:featuredmedia":[{"embeddable":true,"href":"https:\/\/eiaschum.ca\/en\/wp-json\/wp\/v2\/media\/7177"}],"wp:attachment":[{"href":"https:\/\/eiaschum.ca\/en\/wp-json\/wp\/v2\/media?parent=14849"}],"wp:term":[{"taxonomy":"product_brand","embeddable":true,"href":"https:\/\/eiaschum.ca\/en\/wp-json\/wp\/v2\/product_brand?post=14849"},{"taxonomy":"product_cat","embeddable":true,"href":"https:\/\/eiaschum.ca\/en\/wp-json\/wp\/v2\/product_cat?post=14849"},{"taxonomy":"product_tag","embeddable":true,"href":"https:\/\/eiaschum.ca\/en\/wp-json\/wp\/v2\/product_tag?post=14849"}],"curies":[{"name":"wp","href":"https:\/\/api.w.org\/{rel}","templated":true}]}}