{"id":6796,"date":"2020-08-24T18:35:54","date_gmt":"2020-08-24T18:35:54","guid":{"rendered":"https:\/\/eiaschum.ca\/?post_type=product&#038;p=6796"},"modified":"2020-10-29T17:49:13","modified_gmt":"2020-10-29T17:49:13","slug":"des-neurones-a-la-psyche-introduction-aux-reseaux-de-neurones-biologiques-et-artificiels","status":"publish","type":"product","link":"https:\/\/eiaschum.ca\/en\/produit\/des-neurones-a-la-psyche-introduction-aux-reseaux-de-neurones-biologiques-et-artificiels\/","title":{"rendered":"Des neurones \u00e0 la psych\u00e9, introduction aux r\u00e9seaux de neurones biologiques et artificiels"},"content":{"rendered":"<p>La th\u00e9matique du cours porte sur la compr\u00e9hension des r\u00e9seaux de neurones biologiques et artificiels dans une perspective th\u00e9orique (liens entre neurones et psych\u00e9, avantage d\u2019un syst\u00e8me parall\u00e8le distribu\u00e9 par rapport \u00e0 une machine de Turing-Von Neumann) mais aussi m\u00e9thodologique (impl\u00e9mentation concr\u00e8te de r\u00e9seaux de neurones artificiels).<\/p>\n<p><a href=\"https:\/\/www.my-mooc.com\/fr\/mooc\/des-neurones-a-la-psyche-introduction-au-reseaux-de-neurones-biologiques-et-artificiel\/\" target=\"_blank\" rel=\"noopener noreferrer\">https:\/\/www.my-mooc.com\/fr\/mooc\/des-neurones-a-la-psyche-introduction-au-reseaux-de-neurones-biologiques-et-artificiel\/<\/a><\/p>\n","protected":false},"excerpt":{"rendered":"<p><a href=\"https:\/\/eiaschum.ca\/formations\/?swoof=1&amp;product_cat=3-6-heures\">Dur\u00e9e<\/a>\u00a0: 3-6 heures<br \/>\n<\/p>\n<div style=\"display: inline-block;\">\n<div style=\"float: left; margin-right: 10px;\">\n\t\t<img loading=\"lazy\" decoding=\"async\" src=\"https:\/\/eiaschum.ca\/wp-content\/uploads\/2020\/10\/eias-sujet-reseaux-neurones-400x100-01.jpg\" width=\"200\" height=\"50\" \/>\n\t<\/div>\n<div style=\"float: left;\">\n\t\t<img loading=\"lazy\" decoding=\"async\" src=\"https:\/\/eiaschum.ca\/wp-content\/uploads\/2020\/10\/eias-sujet-sante-400x100-01.jpg\" width=\"200\" height=\"50\" \/>\n\t<\/div>\n<\/div>\n","protected":false},"featured_media":7218,"template":"","meta":[],"product_brand":[],"product_cat":[186,189,171,174,111,114,42,48,60,66,72,99,102],"product_tag":[],"class_list":{"0":"post-6796","1":"product","2":"type-product","3":"status-publish","4":"has-post-thumbnail","6":"product_cat-niveau-des-connaissances-prealables-requises-en-ia","7":"product_cat-aucune-connaissance-prealable-ia","8":"product_cat-niveau-des-connaissances-prealables-requises-en-sante","9":"product_cat-aucune-connaissance-prealable-sante","10":"product_cat-langue","11":"product_cat-francais","12":"product_cat-accessibilite","13":"product_cat-acces-et-certification-gratuit","14":"product_cat-duree","15":"product_cat-3-6-heures","16":"product_cat-sujet","17":"product_cat-reseaux-de-neurones","18":"product_cat-sante","20":"first","21":"instock","22":"shipping-taxable","23":"product-type-simple"},"yoast_head":"<!-- This site is optimized with the Yoast SEO plugin v26.4 - https:\/\/yoast.com\/wordpress\/plugins\/seo\/ -->\n<title>\u00c9cole de l&#039;intelligence artificielle en sant\u00e9 du CHUM | Formation<\/title>\n<meta name=\"robots\" content=\"index, follow, max-snippet:-1, max-image-preview:large, max-video-preview:-1\" \/>\n<link rel=\"canonical\" href=\"https:\/\/eiaschum.ca\/produit\/des-neurones-a-la-psyche-introduction-aux-reseaux-de-neurones-biologiques-et-artificiels\/\" \/>\n<meta property=\"og:locale\" content=\"en_US\" \/>\n<meta property=\"og:type\" content=\"article\" \/>\n<meta property=\"og:title\" content=\"\u00c9cole de l&#039;intelligence artificielle en sant\u00e9 du CHUM | Formation\" \/>\n<meta property=\"og:description\" content=\"Dur\u00e9e\u00a0: 3-6 heures\" \/>\n<meta property=\"og:url\" content=\"https:\/\/eiaschum.ca\/produit\/des-neurones-a-la-psyche-introduction-aux-reseaux-de-neurones-biologiques-et-artificiels\/\" \/>\n<meta property=\"og:site_name\" content=\"\u00c9cole de l&#039;intelligence artificielle en sant\u00e9\" \/>\n<meta property=\"article:modified_time\" content=\"2020-10-29T17:49:13+00:00\" \/>\n<meta property=\"og:image\" content=\"https:\/\/eiaschum.ca\/wp-content\/uploads\/2020\/10\/eias-chum-section-formation-reseaux-de-neurones-1000x1000-01.jpg\" \/>\n\t<meta property=\"og:image:width\" content=\"1000\" \/>\n\t<meta property=\"og:image:height\" content=\"1000\" \/>\n\t<meta property=\"og:image:type\" content=\"image\/jpeg\" \/>\n<meta name=\"twitter:card\" content=\"summary_large_image\" \/>\n<script type=\"application\/ld+json\" class=\"yoast-schema-graph\">{\"@context\":\"https:\/\/schema.org\",\"@graph\":[{\"@type\":\"WebPage\",\"@id\":\"https:\/\/eiaschum.ca\/produit\/des-neurones-a-la-psyche-introduction-aux-reseaux-de-neurones-biologiques-et-artificiels\/\",\"url\":\"https:\/\/eiaschum.ca\/produit\/des-neurones-a-la-psyche-introduction-aux-reseaux-de-neurones-biologiques-et-artificiels\/\",\"name\":\"\u00c9cole de l'intelligence artificielle en sant\u00e9 du CHUM | Formation\",\"isPartOf\":{\"@id\":\"https:\/\/eiaschum.ca\/#website\"},\"primaryImageOfPage\":{\"@id\":\"https:\/\/eiaschum.ca\/produit\/des-neurones-a-la-psyche-introduction-aux-reseaux-de-neurones-biologiques-et-artificiels\/#primaryimage\"},\"image\":{\"@id\":\"https:\/\/eiaschum.ca\/produit\/des-neurones-a-la-psyche-introduction-aux-reseaux-de-neurones-biologiques-et-artificiels\/#primaryimage\"},\"thumbnailUrl\":\"https:\/\/eiaschum.ca\/wp-content\/uploads\/2020\/10\/eias-chum-section-formation-reseaux-de-neurones-1000x1000-01.jpg\",\"datePublished\":\"2020-08-24T18:35:54+00:00\",\"dateModified\":\"2020-10-29T17:49:13+00:00\",\"breadcrumb\":{\"@id\":\"https:\/\/eiaschum.ca\/produit\/des-neurones-a-la-psyche-introduction-aux-reseaux-de-neurones-biologiques-et-artificiels\/#breadcrumb\"},\"inLanguage\":\"en-US\",\"potentialAction\":[{\"@type\":\"ReadAction\",\"target\":[\"https:\/\/eiaschum.ca\/produit\/des-neurones-a-la-psyche-introduction-aux-reseaux-de-neurones-biologiques-et-artificiels\/\"]}]},{\"@type\":\"ImageObject\",\"inLanguage\":\"en-US\",\"@id\":\"https:\/\/eiaschum.ca\/produit\/des-neurones-a-la-psyche-introduction-aux-reseaux-de-neurones-biologiques-et-artificiels\/#primaryimage\",\"url\":\"https:\/\/eiaschum.ca\/wp-content\/uploads\/2020\/10\/eias-chum-section-formation-reseaux-de-neurones-1000x1000-01.jpg\",\"contentUrl\":\"https:\/\/eiaschum.ca\/wp-content\/uploads\/2020\/10\/eias-chum-section-formation-reseaux-de-neurones-1000x1000-01.jpg\",\"width\":1000,\"height\":1000,\"caption\":\"\u00c9cole de l'intelligence artificielle en sant\u00e9 du CHUM\"},{\"@type\":\"BreadcrumbList\",\"@id\":\"https:\/\/eiaschum.ca\/produit\/des-neurones-a-la-psyche-introduction-aux-reseaux-de-neurones-biologiques-et-artificiels\/#breadcrumb\",\"itemListElement\":[{\"@type\":\"ListItem\",\"position\":1,\"name\":\"Accueil\",\"item\":\"https:\/\/eiaschum.ca\/en\/\"},{\"@type\":\"ListItem\",\"position\":2,\"name\":\"Formations\",\"item\":\"https:\/\/eiaschum.ca\/formations\/\"},{\"@type\":\"ListItem\",\"position\":3,\"name\":\"Des neurones \u00e0 la psych\u00e9, introduction aux r\u00e9seaux de neurones biologiques et artificiels\"}]},{\"@type\":\"WebSite\",\"@id\":\"https:\/\/eiaschum.ca\/#website\",\"url\":\"https:\/\/eiaschum.ca\/\",\"name\":\"\u00c9cole de l&#039;intelligence artificielle en sant\u00e9\",\"description\":\"\u00c9cole de l&#039;intelligence artificielle en sant\u00e9\",\"potentialAction\":[{\"@type\":\"SearchAction\",\"target\":{\"@type\":\"EntryPoint\",\"urlTemplate\":\"https:\/\/eiaschum.ca\/?s={search_term_string}\"},\"query-input\":{\"@type\":\"PropertyValueSpecification\",\"valueRequired\":true,\"valueName\":\"search_term_string\"}}],\"inLanguage\":\"en-US\"}]}<\/script>\n<!-- \/ Yoast SEO plugin. -->","yoast_head_json":{"title":"\u00c9cole de l'intelligence artificielle en sant\u00e9 du CHUM | Formation","robots":{"index":"index","follow":"follow","max-snippet":"max-snippet:-1","max-image-preview":"max-image-preview:large","max-video-preview":"max-video-preview:-1"},"canonical":"https:\/\/eiaschum.ca\/produit\/des-neurones-a-la-psyche-introduction-aux-reseaux-de-neurones-biologiques-et-artificiels\/","og_locale":"en_US","og_type":"article","og_title":"\u00c9cole de l'intelligence artificielle en sant\u00e9 du CHUM | Formation","og_description":"Dur\u00e9e\u00a0: 3-6 heures","og_url":"https:\/\/eiaschum.ca\/produit\/des-neurones-a-la-psyche-introduction-aux-reseaux-de-neurones-biologiques-et-artificiels\/","og_site_name":"\u00c9cole de l&#039;intelligence artificielle en sant\u00e9","article_modified_time":"2020-10-29T17:49:13+00:00","og_image":[{"width":1000,"height":1000,"url":"https:\/\/eiaschum.ca\/wp-content\/uploads\/2020\/10\/eias-chum-section-formation-reseaux-de-neurones-1000x1000-01.jpg","type":"image\/jpeg"}],"twitter_card":"summary_large_image","schema":{"@context":"https:\/\/schema.org","@graph":[{"@type":"WebPage","@id":"https:\/\/eiaschum.ca\/produit\/des-neurones-a-la-psyche-introduction-aux-reseaux-de-neurones-biologiques-et-artificiels\/","url":"https:\/\/eiaschum.ca\/produit\/des-neurones-a-la-psyche-introduction-aux-reseaux-de-neurones-biologiques-et-artificiels\/","name":"\u00c9cole de l'intelligence artificielle en sant\u00e9 du CHUM | Formation","isPartOf":{"@id":"https:\/\/eiaschum.ca\/#website"},"primaryImageOfPage":{"@id":"https:\/\/eiaschum.ca\/produit\/des-neurones-a-la-psyche-introduction-aux-reseaux-de-neurones-biologiques-et-artificiels\/#primaryimage"},"image":{"@id":"https:\/\/eiaschum.ca\/produit\/des-neurones-a-la-psyche-introduction-aux-reseaux-de-neurones-biologiques-et-artificiels\/#primaryimage"},"thumbnailUrl":"https:\/\/eiaschum.ca\/wp-content\/uploads\/2020\/10\/eias-chum-section-formation-reseaux-de-neurones-1000x1000-01.jpg","datePublished":"2020-08-24T18:35:54+00:00","dateModified":"2020-10-29T17:49:13+00:00","breadcrumb":{"@id":"https:\/\/eiaschum.ca\/produit\/des-neurones-a-la-psyche-introduction-aux-reseaux-de-neurones-biologiques-et-artificiels\/#breadcrumb"},"inLanguage":"en-US","potentialAction":[{"@type":"ReadAction","target":["https:\/\/eiaschum.ca\/produit\/des-neurones-a-la-psyche-introduction-aux-reseaux-de-neurones-biologiques-et-artificiels\/"]}]},{"@type":"ImageObject","inLanguage":"en-US","@id":"https:\/\/eiaschum.ca\/produit\/des-neurones-a-la-psyche-introduction-aux-reseaux-de-neurones-biologiques-et-artificiels\/#primaryimage","url":"https:\/\/eiaschum.ca\/wp-content\/uploads\/2020\/10\/eias-chum-section-formation-reseaux-de-neurones-1000x1000-01.jpg","contentUrl":"https:\/\/eiaschum.ca\/wp-content\/uploads\/2020\/10\/eias-chum-section-formation-reseaux-de-neurones-1000x1000-01.jpg","width":1000,"height":1000,"caption":"\u00c9cole de l'intelligence artificielle en sant\u00e9 du CHUM"},{"@type":"BreadcrumbList","@id":"https:\/\/eiaschum.ca\/produit\/des-neurones-a-la-psyche-introduction-aux-reseaux-de-neurones-biologiques-et-artificiels\/#breadcrumb","itemListElement":[{"@type":"ListItem","position":1,"name":"Accueil","item":"https:\/\/eiaschum.ca\/en\/"},{"@type":"ListItem","position":2,"name":"Formations","item":"https:\/\/eiaschum.ca\/formations\/"},{"@type":"ListItem","position":3,"name":"Des neurones \u00e0 la psych\u00e9, introduction aux r\u00e9seaux de neurones biologiques et artificiels"}]},{"@type":"WebSite","@id":"https:\/\/eiaschum.ca\/#website","url":"https:\/\/eiaschum.ca\/","name":"\u00c9cole de l&#039;intelligence artificielle en sant\u00e9","description":"\u00c9cole de l&#039;intelligence artificielle en sant\u00e9","potentialAction":[{"@type":"SearchAction","target":{"@type":"EntryPoint","urlTemplate":"https:\/\/eiaschum.ca\/?s={search_term_string}"},"query-input":{"@type":"PropertyValueSpecification","valueRequired":true,"valueName":"search_term_string"}}],"inLanguage":"en-US"}]}},"_links":{"self":[{"href":"https:\/\/eiaschum.ca\/en\/wp-json\/wp\/v2\/product\/6796","targetHints":{"allow":["GET"]}}],"collection":[{"href":"https:\/\/eiaschum.ca\/en\/wp-json\/wp\/v2\/product"}],"about":[{"href":"https:\/\/eiaschum.ca\/en\/wp-json\/wp\/v2\/types\/product"}],"wp:featuredmedia":[{"embeddable":true,"href":"https:\/\/eiaschum.ca\/en\/wp-json\/wp\/v2\/media\/7218"}],"wp:attachment":[{"href":"https:\/\/eiaschum.ca\/en\/wp-json\/wp\/v2\/media?parent=6796"}],"wp:term":[{"taxonomy":"product_brand","embeddable":true,"href":"https:\/\/eiaschum.ca\/en\/wp-json\/wp\/v2\/product_brand?post=6796"},{"taxonomy":"product_cat","embeddable":true,"href":"https:\/\/eiaschum.ca\/en\/wp-json\/wp\/v2\/product_cat?post=6796"},{"taxonomy":"product_tag","embeddable":true,"href":"https:\/\/eiaschum.ca\/en\/wp-json\/wp\/v2\/product_tag?post=6796"}],"curies":[{"name":"wp","href":"https:\/\/api.w.org\/{rel}","templated":true}]}}