{"id":7254,"date":"2020-10-27T18:13:39","date_gmt":"2020-10-27T18:13:39","guid":{"rendered":"https:\/\/eiaschum.ca\/?post_type=product&#038;p=7254"},"modified":"2020-10-29T13:47:18","modified_gmt":"2020-10-29T13:47:18","slug":"elements-of-ai-finland-ia-101-part-1-introduction-to-ai","status":"publish","type":"product","link":"https:\/\/eiaschum.ca\/en\/produit\/elements-of-ai-finland-ia-101-part-1-introduction-to-ai\/","title":{"rendered":"Elements of AI\u00a0: Finland IA\u00a0101. Part 1 Introduction to AI"},"content":{"rendered":"<p>The Elements of AI est une s\u00e9rie de cours en ligne gratuits cr\u00e9\u00e9s par Reaktor et l\u2019Universit\u00e9 d\u2019Helsinki. Nous voulons encourager un groupe de personnes aussi large que possible \u00e0 apprendre ce qu\u2019est l\u2019IA, ce qui peut (et ne peut pas) \u00eatre fait avec l\u2019IA et comment commencer \u00e0 cr\u00e9er des m\u00e9thodes d\u2019IA. Les cours combinent th\u00e9orie et exercices pratiques et peuvent \u00eatre suivis \u00e0 votre rythme.<\/p>\n<p><strong>Partie\u00a01<\/strong><br \/>\nIntroduction \u00e0 l\u2019IA<br \/>\nUne introduction \u00e0 l\u2019IA est un cours en ligne gratuit pour tous ceux qui souhaitent apprendre ce qu\u2019est l\u2019IA, ce qui est possible (et non possible) avec l\u2019IA et comment elle affecte nos vies \u2014 sans math\u00e9matiques ni programmation compliqu\u00e9es requises.<\/p>\n<p><a href=\"https:\/\/course.elementsofai.com\/\" target=\"_blank\" rel=\"noopener noreferrer\">https:\/\/course.elementsofai.com\/<\/a><\/p>\n","protected":false},"excerpt":{"rendered":"<p><a href=\"https:\/\/eiaschum.ca\/formations\/?swoof=1&#038;product_cat=plus-de-6-heures\">Dur\u00e9e<\/a>\u00a0: Plus de 6 heures<br \/>\n<\/p>\n<div style=\"display: inline-block;\">\n<div style=\"float: left; margin-right: 10px;\">\n\t\t<img loading=\"lazy\" decoding=\"async\" src=\"https:\/\/eiaschum.ca\/wp-content\/uploads\/2020\/10\/eias-sujet-machine-learning-400x100-01.jpg\" width=\"200\" height=\"50\" \/>\n\t<\/div>\n<div style=\"float: left; margin-right: 10px;\">\n\t\t<img loading=\"lazy\" decoding=\"async\" src=\"https:\/\/eiaschum.ca\/wp-content\/uploads\/2020\/10\/eias-sujet-reseaux-neurones-400x100-01.jpg\" width=\"200\" height=\"50\" \/>\n\t<\/div>\n<div style=\"float: left; padding-top: 10px;\">\n\t\t<img loading=\"lazy\" decoding=\"async\" src=\"https:\/\/eiaschum.ca\/wp-content\/uploads\/2020\/10\/eias-sujet-sciences-donnees-et-ia-data-science-ai-400x100-01.jpg\" width=\"200\" height=\"50\" \/>\n\t<\/div>\n<\/div>\n","protected":false},"featured_media":7230,"template":"","meta":[],"product_brand":[],"product_cat":[186,189,171,174,111,117,42,51,60,69,72,81,93,99],"product_tag":[],"class_list":{"0":"post-7254","1":"product","2":"type-product","3":"status-publish","4":"has-post-thumbnail","6":"product_cat-niveau-des-connaissances-prealables-requises-en-ia","7":"product_cat-aucune-connaissance-prealable-ia","8":"product_cat-niveau-des-connaissances-prealables-requises-en-sante","9":"product_cat-aucune-connaissance-prealable-sante","10":"product_cat-langue","11":"product_cat-anglais","12":"product_cat-accessibilite","13":"product_cat-acces-gratuit-avec-certification-payante","14":"product_cat-duree","15":"product_cat-plus-de-6-heures","16":"product_cat-sujet","17":"product_cat-apprentissage-automatique","18":"product_cat-science-des-donnees-et-ia","19":"product_cat-reseaux-de-neurones","21":"first","22":"instock","23":"shipping-taxable","24":"product-type-simple"},"yoast_head":"<!-- This site is optimized with the Yoast SEO plugin v26.4 - https:\/\/yoast.com\/wordpress\/plugins\/seo\/ -->\n<title>\u00c9cole de l&#039;intelligence artificielle en sant\u00e9 du CHUM | Formation<\/title>\n<meta name=\"robots\" content=\"index, follow, max-snippet:-1, max-image-preview:large, max-video-preview:-1\" \/>\n<link rel=\"canonical\" href=\"https:\/\/eiaschum.ca\/produit\/elements-of-ai-finland-ia-101-part-1-introduction-to-ai\/\" \/>\n<meta property=\"og:locale\" content=\"en_US\" \/>\n<meta property=\"og:type\" content=\"article\" \/>\n<meta property=\"og:title\" content=\"\u00c9cole de l&#039;intelligence artificielle en sant\u00e9 du CHUM | Formation\" \/>\n<meta property=\"og:description\" content=\"Dur\u00e9e\u00a0: Plus de 6 heures\" \/>\n<meta property=\"og:url\" content=\"https:\/\/eiaschum.ca\/produit\/elements-of-ai-finland-ia-101-part-1-introduction-to-ai\/\" \/>\n<meta property=\"og:site_name\" content=\"\u00c9cole de l&#039;intelligence artificielle en sant\u00e9\" \/>\n<meta property=\"article:modified_time\" content=\"2020-10-29T13:47:18+00:00\" \/>\n<meta property=\"og:image\" content=\"https:\/\/eiaschum.ca\/wp-content\/uploads\/2020\/10\/eias-chum-section-formation-machine-learning-1000x1000-01.jpg\" \/>\n\t<meta property=\"og:image:width\" content=\"1000\" \/>\n\t<meta property=\"og:image:height\" content=\"1000\" \/>\n\t<meta property=\"og:image:type\" content=\"image\/jpeg\" \/>\n<meta name=\"twitter:card\" content=\"summary_large_image\" \/>\n<meta name=\"twitter:label1\" content=\"Est. reading time\" \/>\n\t<meta name=\"twitter:data1\" content=\"1 minute\" \/>\n<script type=\"application\/ld+json\" class=\"yoast-schema-graph\">{\"@context\":\"https:\/\/schema.org\",\"@graph\":[{\"@type\":\"WebPage\",\"@id\":\"https:\/\/eiaschum.ca\/produit\/elements-of-ai-finland-ia-101-part-1-introduction-to-ai\/\",\"url\":\"https:\/\/eiaschum.ca\/produit\/elements-of-ai-finland-ia-101-part-1-introduction-to-ai\/\",\"name\":\"\u00c9cole de l'intelligence artificielle en sant\u00e9 du CHUM | Formation\",\"isPartOf\":{\"@id\":\"https:\/\/eiaschum.ca\/#website\"},\"primaryImageOfPage\":{\"@id\":\"https:\/\/eiaschum.ca\/produit\/elements-of-ai-finland-ia-101-part-1-introduction-to-ai\/#primaryimage\"},\"image\":{\"@id\":\"https:\/\/eiaschum.ca\/produit\/elements-of-ai-finland-ia-101-part-1-introduction-to-ai\/#primaryimage\"},\"thumbnailUrl\":\"https:\/\/eiaschum.ca\/wp-content\/uploads\/2020\/10\/eias-chum-section-formation-machine-learning-1000x1000-01.jpg\",\"datePublished\":\"2020-10-27T18:13:39+00:00\",\"dateModified\":\"2020-10-29T13:47:18+00:00\",\"breadcrumb\":{\"@id\":\"https:\/\/eiaschum.ca\/produit\/elements-of-ai-finland-ia-101-part-1-introduction-to-ai\/#breadcrumb\"},\"inLanguage\":\"en-US\",\"potentialAction\":[{\"@type\":\"ReadAction\",\"target\":[\"https:\/\/eiaschum.ca\/produit\/elements-of-ai-finland-ia-101-part-1-introduction-to-ai\/\"]}]},{\"@type\":\"ImageObject\",\"inLanguage\":\"en-US\",\"@id\":\"https:\/\/eiaschum.ca\/produit\/elements-of-ai-finland-ia-101-part-1-introduction-to-ai\/#primaryimage\",\"url\":\"https:\/\/eiaschum.ca\/wp-content\/uploads\/2020\/10\/eias-chum-section-formation-machine-learning-1000x1000-01.jpg\",\"contentUrl\":\"https:\/\/eiaschum.ca\/wp-content\/uploads\/2020\/10\/eias-chum-section-formation-machine-learning-1000x1000-01.jpg\",\"width\":1000,\"height\":1000,\"caption\":\"\u00c9cole de l'intelligence artificielle en sant\u00e9 du CHUM\"},{\"@type\":\"BreadcrumbList\",\"@id\":\"https:\/\/eiaschum.ca\/produit\/elements-of-ai-finland-ia-101-part-1-introduction-to-ai\/#breadcrumb\",\"itemListElement\":[{\"@type\":\"ListItem\",\"position\":1,\"name\":\"Accueil\",\"item\":\"https:\/\/eiaschum.ca\/en\/\"},{\"@type\":\"ListItem\",\"position\":2,\"name\":\"Formations\",\"item\":\"https:\/\/eiaschum.ca\/formations\/\"},{\"@type\":\"ListItem\",\"position\":3,\"name\":\"Elements of AI\u00a0: Finland IA\u00a0101. Part 1 Introduction to AI\"}]},{\"@type\":\"WebSite\",\"@id\":\"https:\/\/eiaschum.ca\/#website\",\"url\":\"https:\/\/eiaschum.ca\/\",\"name\":\"\u00c9cole de l&#039;intelligence artificielle en sant\u00e9\",\"description\":\"\u00c9cole de l&#039;intelligence artificielle en sant\u00e9\",\"potentialAction\":[{\"@type\":\"SearchAction\",\"target\":{\"@type\":\"EntryPoint\",\"urlTemplate\":\"https:\/\/eiaschum.ca\/?s={search_term_string}\"},\"query-input\":{\"@type\":\"PropertyValueSpecification\",\"valueRequired\":true,\"valueName\":\"search_term_string\"}}],\"inLanguage\":\"en-US\"}]}<\/script>\n<!-- \/ Yoast SEO plugin. -->","yoast_head_json":{"title":"\u00c9cole de l'intelligence artificielle en sant\u00e9 du CHUM | Formation","robots":{"index":"index","follow":"follow","max-snippet":"max-snippet:-1","max-image-preview":"max-image-preview:large","max-video-preview":"max-video-preview:-1"},"canonical":"https:\/\/eiaschum.ca\/produit\/elements-of-ai-finland-ia-101-part-1-introduction-to-ai\/","og_locale":"en_US","og_type":"article","og_title":"\u00c9cole de l'intelligence artificielle en sant\u00e9 du CHUM | Formation","og_description":"Dur\u00e9e\u00a0: Plus de 6 heures","og_url":"https:\/\/eiaschum.ca\/produit\/elements-of-ai-finland-ia-101-part-1-introduction-to-ai\/","og_site_name":"\u00c9cole de l&#039;intelligence artificielle en sant\u00e9","article_modified_time":"2020-10-29T13:47:18+00:00","og_image":[{"width":1000,"height":1000,"url":"https:\/\/eiaschum.ca\/wp-content\/uploads\/2020\/10\/eias-chum-section-formation-machine-learning-1000x1000-01.jpg","type":"image\/jpeg"}],"twitter_card":"summary_large_image","twitter_misc":{"Est. reading time":"1 minute"},"schema":{"@context":"https:\/\/schema.org","@graph":[{"@type":"WebPage","@id":"https:\/\/eiaschum.ca\/produit\/elements-of-ai-finland-ia-101-part-1-introduction-to-ai\/","url":"https:\/\/eiaschum.ca\/produit\/elements-of-ai-finland-ia-101-part-1-introduction-to-ai\/","name":"\u00c9cole de l'intelligence artificielle en sant\u00e9 du CHUM | Formation","isPartOf":{"@id":"https:\/\/eiaschum.ca\/#website"},"primaryImageOfPage":{"@id":"https:\/\/eiaschum.ca\/produit\/elements-of-ai-finland-ia-101-part-1-introduction-to-ai\/#primaryimage"},"image":{"@id":"https:\/\/eiaschum.ca\/produit\/elements-of-ai-finland-ia-101-part-1-introduction-to-ai\/#primaryimage"},"thumbnailUrl":"https:\/\/eiaschum.ca\/wp-content\/uploads\/2020\/10\/eias-chum-section-formation-machine-learning-1000x1000-01.jpg","datePublished":"2020-10-27T18:13:39+00:00","dateModified":"2020-10-29T13:47:18+00:00","breadcrumb":{"@id":"https:\/\/eiaschum.ca\/produit\/elements-of-ai-finland-ia-101-part-1-introduction-to-ai\/#breadcrumb"},"inLanguage":"en-US","potentialAction":[{"@type":"ReadAction","target":["https:\/\/eiaschum.ca\/produit\/elements-of-ai-finland-ia-101-part-1-introduction-to-ai\/"]}]},{"@type":"ImageObject","inLanguage":"en-US","@id":"https:\/\/eiaschum.ca\/produit\/elements-of-ai-finland-ia-101-part-1-introduction-to-ai\/#primaryimage","url":"https:\/\/eiaschum.ca\/wp-content\/uploads\/2020\/10\/eias-chum-section-formation-machine-learning-1000x1000-01.jpg","contentUrl":"https:\/\/eiaschum.ca\/wp-content\/uploads\/2020\/10\/eias-chum-section-formation-machine-learning-1000x1000-01.jpg","width":1000,"height":1000,"caption":"\u00c9cole de l'intelligence artificielle en sant\u00e9 du CHUM"},{"@type":"BreadcrumbList","@id":"https:\/\/eiaschum.ca\/produit\/elements-of-ai-finland-ia-101-part-1-introduction-to-ai\/#breadcrumb","itemListElement":[{"@type":"ListItem","position":1,"name":"Accueil","item":"https:\/\/eiaschum.ca\/en\/"},{"@type":"ListItem","position":2,"name":"Formations","item":"https:\/\/eiaschum.ca\/formations\/"},{"@type":"ListItem","position":3,"name":"Elements of AI\u00a0: Finland IA\u00a0101. Part 1 Introduction to AI"}]},{"@type":"WebSite","@id":"https:\/\/eiaschum.ca\/#website","url":"https:\/\/eiaschum.ca\/","name":"\u00c9cole de l&#039;intelligence artificielle en sant\u00e9","description":"\u00c9cole de l&#039;intelligence artificielle en sant\u00e9","potentialAction":[{"@type":"SearchAction","target":{"@type":"EntryPoint","urlTemplate":"https:\/\/eiaschum.ca\/?s={search_term_string}"},"query-input":{"@type":"PropertyValueSpecification","valueRequired":true,"valueName":"search_term_string"}}],"inLanguage":"en-US"}]}},"_links":{"self":[{"href":"https:\/\/eiaschum.ca\/en\/wp-json\/wp\/v2\/product\/7254","targetHints":{"allow":["GET"]}}],"collection":[{"href":"https:\/\/eiaschum.ca\/en\/wp-json\/wp\/v2\/product"}],"about":[{"href":"https:\/\/eiaschum.ca\/en\/wp-json\/wp\/v2\/types\/product"}],"wp:featuredmedia":[{"embeddable":true,"href":"https:\/\/eiaschum.ca\/en\/wp-json\/wp\/v2\/media\/7230"}],"wp:attachment":[{"href":"https:\/\/eiaschum.ca\/en\/wp-json\/wp\/v2\/media?parent=7254"}],"wp:term":[{"taxonomy":"product_brand","embeddable":true,"href":"https:\/\/eiaschum.ca\/en\/wp-json\/wp\/v2\/product_brand?post=7254"},{"taxonomy":"product_cat","embeddable":true,"href":"https:\/\/eiaschum.ca\/en\/wp-json\/wp\/v2\/product_cat?post=7254"},{"taxonomy":"product_tag","embeddable":true,"href":"https:\/\/eiaschum.ca\/en\/wp-json\/wp\/v2\/product_tag?post=7254"}],"curies":[{"name":"wp","href":"https:\/\/api.w.org\/{rel}","templated":true}]}}