{"id":7298,"date":"2020-10-28T12:18:44","date_gmt":"2020-10-28T12:18:44","guid":{"rendered":"https:\/\/eiaschum.ca\/?post_type=product&#038;p=7298"},"modified":"2020-10-29T12:36:50","modified_gmt":"2020-10-29T12:36:50","slug":"data-science-in-stratified-healthcare-and-precision-medicine-accueil","status":"publish","type":"product","link":"https:\/\/eiaschum.ca\/en\/produit\/data-science-in-stratified-healthcare-and-precision-medicine-accueil\/","title":{"rendered":"Data Science in Stratified Healthcare and Precision Medicine &#8211; Accueil"},"content":{"rendered":"<p>An increasing volume of data is becoming available in biomedicine and healthcare, from genomic data, to electronic patient records and data collected by wearable devices. Recent advances in data science are transforming the life sciences, leading to precision medicine and stratified healthcare. <\/p>\n<p>In this course, you will learn about some of the different types of data and computational methods involved in stratified healthcare and precision medicine. You will have a hands-on experience of working with such data. And you will learn from leaders in the field about successful case studies. <\/p>\n<p>Topics include: <\/p>\n<ul>\n<li>(i) Sequence Processing<\/li>\n<li>(ii) Image Analysis<\/li>\n<li>(iii) Network Modelling<\/li>\n<li>(iv) Probabilistic Modelling<\/li>\n<li>(v) Machine Learning<\/li>\n<li>(vi) Natural Language Processing<\/li>\n<li>(vii) Process Modelling<\/li>\n<li>(viii) Graph Data.<\/li>\n<\/ul>\n<p>Watch the course promo video here: <a href=\"http:\/\/edin.ac\/2pn350P\" target=\"_blank\" rel=\"noopener noreferrer\">http:\/\/edin.ac\/2pn350P<\/a><\/p>\n<p><a href=\"https:\/\/www.coursera.org\/learn\/datascimed\/home\/welcome\" target=\"_blank\" rel=\"noopener noreferrer\">https:\/\/www.coursera.org\/learn\/datascimed\/home\/welcome<\/a><\/p>\n","protected":false},"excerpt":{"rendered":"<p><a href=\"https:\/\/eiaschum.ca\/formations\/?swoof=1&#038;product_cat=plus-de-6-heures\">Dur\u00e9e<\/a>\u00a0: Plus de 6 heures<br \/>\n<\/p>\n<div style=\"display: inline-block;\">\n<div style=\"float: left; margin-right: 10px;\">\n\t\t<img loading=\"lazy\" decoding=\"async\" src=\"https:\/\/eiaschum.ca\/wp-content\/uploads\/2020\/10\/eias-sujet-machine-learning-400x100-01.jpg\" width=\"200\" height=\"50\" \/>\n\t<\/div>\n<div style=\"float: left;\">\n\t\t<img loading=\"lazy\" decoding=\"async\" src=\"https:\/\/eiaschum.ca\/wp-content\/uploads\/2020\/10\/eias-sujet-sciences-donnees-et-ia-data-science-ai-400x100-01.jpg\" width=\"200\" height=\"50\" \/>\n\t<\/div>\n<\/div>\n","protected":false},"featured_media":7226,"template":"","meta":[],"product_brand":[],"product_cat":[186,195,171,174,111,117,42,48,60,69,72,81,93],"product_tag":[],"class_list":{"0":"post-7298","1":"product","2":"type-product","3":"status-publish","4":"has-post-thumbnail","6":"product_cat-niveau-des-connaissances-prealables-requises-en-ia","7":"product_cat-connaissances-intermediaires-ia","8":"product_cat-niveau-des-connaissances-prealables-requises-en-sante","9":"product_cat-aucune-connaissance-prealable-sante","10":"product_cat-langue","11":"product_cat-anglais","12":"product_cat-accessibilite","13":"product_cat-acces-et-certification-gratuit","14":"product_cat-duree","15":"product_cat-plus-de-6-heures","16":"product_cat-sujet","17":"product_cat-apprentissage-automatique","18":"product_cat-science-des-donnees-et-ia","20":"first","21":"instock","22":"shipping-taxable","23":"product-type-simple"},"yoast_head":"<!-- This site is optimized with the Yoast SEO plugin v26.4 - https:\/\/yoast.com\/wordpress\/plugins\/seo\/ -->\n<title>\u00c9cole de l&#039;intelligence artificielle en sant\u00e9 du CHUM | Formation<\/title>\n<meta name=\"robots\" content=\"index, follow, max-snippet:-1, max-image-preview:large, max-video-preview:-1\" \/>\n<link rel=\"canonical\" href=\"https:\/\/eiaschum.ca\/produit\/data-science-in-stratified-healthcare-and-precision-medicine-accueil\/\" \/>\n<meta property=\"og:locale\" content=\"en_US\" \/>\n<meta property=\"og:type\" content=\"article\" \/>\n<meta property=\"og:title\" content=\"\u00c9cole de l&#039;intelligence artificielle en sant\u00e9 du CHUM | Formation\" \/>\n<meta property=\"og:description\" content=\"Dur\u00e9e\u00a0: Plus de 6 heures\" \/>\n<meta property=\"og:url\" content=\"https:\/\/eiaschum.ca\/produit\/data-science-in-stratified-healthcare-and-precision-medicine-accueil\/\" \/>\n<meta property=\"og:site_name\" content=\"\u00c9cole de l&#039;intelligence artificielle en sant\u00e9\" \/>\n<meta property=\"article:modified_time\" content=\"2020-10-29T12:36:50+00:00\" \/>\n<meta property=\"og:image\" content=\"https:\/\/eiaschum.ca\/wp-content\/uploads\/2020\/10\/eias-chum-section-formation-sciences-donnees-1000x1000-01.jpg\" \/>\n\t<meta property=\"og:image:width\" content=\"1000\" \/>\n\t<meta property=\"og:image:height\" content=\"1000\" \/>\n\t<meta property=\"og:image:type\" content=\"image\/jpeg\" \/>\n<meta name=\"twitter:card\" content=\"summary_large_image\" \/>\n<meta name=\"twitter:label1\" content=\"Est. reading time\" \/>\n\t<meta name=\"twitter:data1\" content=\"1 minute\" \/>\n<script type=\"application\/ld+json\" class=\"yoast-schema-graph\">{\"@context\":\"https:\/\/schema.org\",\"@graph\":[{\"@type\":\"WebPage\",\"@id\":\"https:\/\/eiaschum.ca\/produit\/data-science-in-stratified-healthcare-and-precision-medicine-accueil\/\",\"url\":\"https:\/\/eiaschum.ca\/produit\/data-science-in-stratified-healthcare-and-precision-medicine-accueil\/\",\"name\":\"\u00c9cole de l'intelligence artificielle en sant\u00e9 du CHUM | Formation\",\"isPartOf\":{\"@id\":\"https:\/\/eiaschum.ca\/#website\"},\"primaryImageOfPage\":{\"@id\":\"https:\/\/eiaschum.ca\/produit\/data-science-in-stratified-healthcare-and-precision-medicine-accueil\/#primaryimage\"},\"image\":{\"@id\":\"https:\/\/eiaschum.ca\/produit\/data-science-in-stratified-healthcare-and-precision-medicine-accueil\/#primaryimage\"},\"thumbnailUrl\":\"https:\/\/eiaschum.ca\/wp-content\/uploads\/2020\/10\/eias-chum-section-formation-sciences-donnees-1000x1000-01.jpg\",\"datePublished\":\"2020-10-28T12:18:44+00:00\",\"dateModified\":\"2020-10-29T12:36:50+00:00\",\"breadcrumb\":{\"@id\":\"https:\/\/eiaschum.ca\/produit\/data-science-in-stratified-healthcare-and-precision-medicine-accueil\/#breadcrumb\"},\"inLanguage\":\"en-US\",\"potentialAction\":[{\"@type\":\"ReadAction\",\"target\":[\"https:\/\/eiaschum.ca\/produit\/data-science-in-stratified-healthcare-and-precision-medicine-accueil\/\"]}]},{\"@type\":\"ImageObject\",\"inLanguage\":\"en-US\",\"@id\":\"https:\/\/eiaschum.ca\/produit\/data-science-in-stratified-healthcare-and-precision-medicine-accueil\/#primaryimage\",\"url\":\"https:\/\/eiaschum.ca\/wp-content\/uploads\/2020\/10\/eias-chum-section-formation-sciences-donnees-1000x1000-01.jpg\",\"contentUrl\":\"https:\/\/eiaschum.ca\/wp-content\/uploads\/2020\/10\/eias-chum-section-formation-sciences-donnees-1000x1000-01.jpg\",\"width\":1000,\"height\":1000,\"caption\":\"\u00c9cole de l'intelligence artificielle en sant\u00e9 du CHUM\"},{\"@type\":\"BreadcrumbList\",\"@id\":\"https:\/\/eiaschum.ca\/produit\/data-science-in-stratified-healthcare-and-precision-medicine-accueil\/#breadcrumb\",\"itemListElement\":[{\"@type\":\"ListItem\",\"position\":1,\"name\":\"Accueil\",\"item\":\"https:\/\/eiaschum.ca\/en\/\"},{\"@type\":\"ListItem\",\"position\":2,\"name\":\"Formations\",\"item\":\"https:\/\/eiaschum.ca\/formations\/\"},{\"@type\":\"ListItem\",\"position\":3,\"name\":\"Data Science in Stratified Healthcare and Precision Medicine &#8211; Accueil\"}]},{\"@type\":\"WebSite\",\"@id\":\"https:\/\/eiaschum.ca\/#website\",\"url\":\"https:\/\/eiaschum.ca\/\",\"name\":\"\u00c9cole de l&#039;intelligence artificielle en sant\u00e9\",\"description\":\"\u00c9cole de l&#039;intelligence artificielle en sant\u00e9\",\"potentialAction\":[{\"@type\":\"SearchAction\",\"target\":{\"@type\":\"EntryPoint\",\"urlTemplate\":\"https:\/\/eiaschum.ca\/?s={search_term_string}\"},\"query-input\":{\"@type\":\"PropertyValueSpecification\",\"valueRequired\":true,\"valueName\":\"search_term_string\"}}],\"inLanguage\":\"en-US\"}]}<\/script>\n<!-- \/ Yoast SEO plugin. -->","yoast_head_json":{"title":"\u00c9cole de l'intelligence artificielle en sant\u00e9 du CHUM | Formation","robots":{"index":"index","follow":"follow","max-snippet":"max-snippet:-1","max-image-preview":"max-image-preview:large","max-video-preview":"max-video-preview:-1"},"canonical":"https:\/\/eiaschum.ca\/produit\/data-science-in-stratified-healthcare-and-precision-medicine-accueil\/","og_locale":"en_US","og_type":"article","og_title":"\u00c9cole de l'intelligence artificielle en sant\u00e9 du CHUM | Formation","og_description":"Dur\u00e9e\u00a0: Plus de 6 heures","og_url":"https:\/\/eiaschum.ca\/produit\/data-science-in-stratified-healthcare-and-precision-medicine-accueil\/","og_site_name":"\u00c9cole de l&#039;intelligence artificielle en sant\u00e9","article_modified_time":"2020-10-29T12:36:50+00:00","og_image":[{"width":1000,"height":1000,"url":"https:\/\/eiaschum.ca\/wp-content\/uploads\/2020\/10\/eias-chum-section-formation-sciences-donnees-1000x1000-01.jpg","type":"image\/jpeg"}],"twitter_card":"summary_large_image","twitter_misc":{"Est. reading time":"1 minute"},"schema":{"@context":"https:\/\/schema.org","@graph":[{"@type":"WebPage","@id":"https:\/\/eiaschum.ca\/produit\/data-science-in-stratified-healthcare-and-precision-medicine-accueil\/","url":"https:\/\/eiaschum.ca\/produit\/data-science-in-stratified-healthcare-and-precision-medicine-accueil\/","name":"\u00c9cole de l'intelligence artificielle en sant\u00e9 du CHUM | Formation","isPartOf":{"@id":"https:\/\/eiaschum.ca\/#website"},"primaryImageOfPage":{"@id":"https:\/\/eiaschum.ca\/produit\/data-science-in-stratified-healthcare-and-precision-medicine-accueil\/#primaryimage"},"image":{"@id":"https:\/\/eiaschum.ca\/produit\/data-science-in-stratified-healthcare-and-precision-medicine-accueil\/#primaryimage"},"thumbnailUrl":"https:\/\/eiaschum.ca\/wp-content\/uploads\/2020\/10\/eias-chum-section-formation-sciences-donnees-1000x1000-01.jpg","datePublished":"2020-10-28T12:18:44+00:00","dateModified":"2020-10-29T12:36:50+00:00","breadcrumb":{"@id":"https:\/\/eiaschum.ca\/produit\/data-science-in-stratified-healthcare-and-precision-medicine-accueil\/#breadcrumb"},"inLanguage":"en-US","potentialAction":[{"@type":"ReadAction","target":["https:\/\/eiaschum.ca\/produit\/data-science-in-stratified-healthcare-and-precision-medicine-accueil\/"]}]},{"@type":"ImageObject","inLanguage":"en-US","@id":"https:\/\/eiaschum.ca\/produit\/data-science-in-stratified-healthcare-and-precision-medicine-accueil\/#primaryimage","url":"https:\/\/eiaschum.ca\/wp-content\/uploads\/2020\/10\/eias-chum-section-formation-sciences-donnees-1000x1000-01.jpg","contentUrl":"https:\/\/eiaschum.ca\/wp-content\/uploads\/2020\/10\/eias-chum-section-formation-sciences-donnees-1000x1000-01.jpg","width":1000,"height":1000,"caption":"\u00c9cole de l'intelligence artificielle en sant\u00e9 du CHUM"},{"@type":"BreadcrumbList","@id":"https:\/\/eiaschum.ca\/produit\/data-science-in-stratified-healthcare-and-precision-medicine-accueil\/#breadcrumb","itemListElement":[{"@type":"ListItem","position":1,"name":"Accueil","item":"https:\/\/eiaschum.ca\/en\/"},{"@type":"ListItem","position":2,"name":"Formations","item":"https:\/\/eiaschum.ca\/formations\/"},{"@type":"ListItem","position":3,"name":"Data Science in Stratified Healthcare and Precision Medicine &#8211; Accueil"}]},{"@type":"WebSite","@id":"https:\/\/eiaschum.ca\/#website","url":"https:\/\/eiaschum.ca\/","name":"\u00c9cole de l&#039;intelligence artificielle en sant\u00e9","description":"\u00c9cole de l&#039;intelligence artificielle en sant\u00e9","potentialAction":[{"@type":"SearchAction","target":{"@type":"EntryPoint","urlTemplate":"https:\/\/eiaschum.ca\/?s={search_term_string}"},"query-input":{"@type":"PropertyValueSpecification","valueRequired":true,"valueName":"search_term_string"}}],"inLanguage":"en-US"}]}},"_links":{"self":[{"href":"https:\/\/eiaschum.ca\/en\/wp-json\/wp\/v2\/product\/7298","targetHints":{"allow":["GET"]}}],"collection":[{"href":"https:\/\/eiaschum.ca\/en\/wp-json\/wp\/v2\/product"}],"about":[{"href":"https:\/\/eiaschum.ca\/en\/wp-json\/wp\/v2\/types\/product"}],"wp:featuredmedia":[{"embeddable":true,"href":"https:\/\/eiaschum.ca\/en\/wp-json\/wp\/v2\/media\/7226"}],"wp:attachment":[{"href":"https:\/\/eiaschum.ca\/en\/wp-json\/wp\/v2\/media?parent=7298"}],"wp:term":[{"taxonomy":"product_brand","embeddable":true,"href":"https:\/\/eiaschum.ca\/en\/wp-json\/wp\/v2\/product_brand?post=7298"},{"taxonomy":"product_cat","embeddable":true,"href":"https:\/\/eiaschum.ca\/en\/wp-json\/wp\/v2\/product_cat?post=7298"},{"taxonomy":"product_tag","embeddable":true,"href":"https:\/\/eiaschum.ca\/en\/wp-json\/wp\/v2\/product_tag?post=7298"}],"curies":[{"name":"wp","href":"https:\/\/api.w.org\/{rel}","templated":true}]}}