{"id":7310,"date":"2020-10-28T13:16:26","date_gmt":"2020-10-28T13:16:26","guid":{"rendered":"https:\/\/eiaschum.ca\/?post_type=product&#038;p=7310"},"modified":"2020-10-28T19:28:28","modified_gmt":"2020-10-28T19:28:28","slug":"le-systeme-de-la-sante-et-des-services-sociaux-au-quebec","status":"publish","type":"product","link":"https:\/\/eiaschum.ca\/en\/produit\/le-systeme-de-la-sante-et-des-services-sociaux-au-quebec\/","title":{"rendered":"Le syst\u00e8me de la sant\u00e9 et des services sociaux au Qu\u00e9bec"},"content":{"rendered":"<p><strong>OBJECTIFS<\/strong><br \/>\nAcqu\u00e9rir une meilleure connaissance des fondements, des transformations et des particularit\u00e9s du syst\u00e8me de la sant\u00e9 et des services sociaux au Qu\u00e9bec. D\u00e9velopper ses capacit\u00e9s d\u2019analyse et de r\u00e9flexion afin d\u2019am\u00e9liorer ses comp\u00e9tences de gestionnaire.<\/p>\n<p><strong>CONTENU<\/strong><br \/>\nLe contenu de ce cours est organis\u00e9 en trois modules. Le module I, intitul\u00e9 \u00ab\u2009Le syst\u00e8me de sant\u00e9 et des services sociaux au Qu\u00e9bec\u00a0: fondements, transformations et tendances\u2009\u00bb pr\u00e9sentent les divers types de syst\u00e8mes de sant\u00e9 des pays d\u00e9velopp\u00e9s et les caract\u00e9ristiques du syst\u00e8me de sant\u00e9 et des services sociaux au Qu\u00e9bec. Le module\u00a0II, intitul\u00e9 \u00ab\u2009L\u2019offre de soins et de services au Qu\u00e9bec et des ressources professionnelles\u2009\u00bb propose un tour d\u2019horizon \u00e0 partir de l\u2019exploration de professions au centre de notre syst\u00e8me. Le module\u00a0III, intitul\u00e9 \u00ab\u2009Des d\u00e9fis contemporains\u2009\u00bb est centr\u00e9 sur des enjeux actuels tels que l\u2019accessibilit\u00e9 aux soins de premi\u00e8re ligne, le vieillissement de la population et les maladies chroniques\u2009\u00bb.<\/p>\n<p><a href=\"https:\/\/www.teluq.ca\/site\/etudes\/offre\/cours\/TELUQ\/ADM%202205\/\" target=\"_blank\" rel=\"noopener noreferrer\">https:\/\/www.teluq.ca\/site\/etudes\/offre\/cours\/TELUQ\/ADM%202205\/<\/a><\/p>\n","protected":false},"excerpt":{"rendered":"<p><a href=\"https:\/\/eiaschum.ca\/formations\/?swoof=1&#038;product_cat=plus-de-6-heures\">Dur\u00e9e<\/a>\u00a0: Plus de 6 heures<br \/>\n<br \/>\n<img loading=\"lazy\" decoding=\"async\" src=\"https:\/\/eiaschum.ca\/wp-content\/uploads\/2020\/10\/eias-sujet-sante-400x100-01.jpg\" width=\"200\" height=\"50\" \/><\/p>\n","protected":false},"featured_media":7177,"template":"","meta":[],"product_brand":[],"product_cat":[186,189,171,174,111,114,42,48,60,69,72,102],"product_tag":[],"class_list":{"0":"post-7310","1":"product","2":"type-product","3":"status-publish","4":"has-post-thumbnail","6":"product_cat-niveau-des-connaissances-prealables-requises-en-ia","7":"product_cat-aucune-connaissance-prealable-ia","8":"product_cat-niveau-des-connaissances-prealables-requises-en-sante","9":"product_cat-aucune-connaissance-prealable-sante","10":"product_cat-langue","11":"product_cat-francais","12":"product_cat-accessibilite","13":"product_cat-acces-et-certification-gratuit","14":"product_cat-duree","15":"product_cat-plus-de-6-heures","16":"product_cat-sujet","17":"product_cat-sante","19":"first","20":"instock","21":"shipping-taxable","22":"product-type-simple"},"yoast_head":"<!-- This site is optimized with the Yoast SEO plugin v26.4 - https:\/\/yoast.com\/wordpress\/plugins\/seo\/ -->\n<title>\u00c9cole de l&#039;intelligence artificielle en sant\u00e9 du CHUM | Formation<\/title>\n<meta name=\"robots\" content=\"index, follow, max-snippet:-1, max-image-preview:large, max-video-preview:-1\" \/>\n<link rel=\"canonical\" href=\"https:\/\/eiaschum.ca\/produit\/le-systeme-de-la-sante-et-des-services-sociaux-au-quebec\/\" \/>\n<meta property=\"og:locale\" content=\"en_US\" \/>\n<meta property=\"og:type\" content=\"article\" \/>\n<meta property=\"og:title\" content=\"\u00c9cole de l&#039;intelligence artificielle en sant\u00e9 du CHUM | Formation\" \/>\n<meta property=\"og:description\" content=\"Dur\u00e9e\u00a0: Plus de 6 heures\" \/>\n<meta property=\"og:url\" content=\"https:\/\/eiaschum.ca\/produit\/le-systeme-de-la-sante-et-des-services-sociaux-au-quebec\/\" \/>\n<meta property=\"og:site_name\" content=\"\u00c9cole de l&#039;intelligence artificielle en sant\u00e9\" \/>\n<meta property=\"article:modified_time\" content=\"2020-10-28T19:28:28+00:00\" \/>\n<meta property=\"og:image\" content=\"https:\/\/eiaschum.ca\/wp-content\/uploads\/2020\/08\/eias-chum-section-formation-sante-1000x1000-01.jpg\" \/>\n\t<meta property=\"og:image:width\" content=\"1000\" \/>\n\t<meta property=\"og:image:height\" content=\"1000\" \/>\n\t<meta property=\"og:image:type\" content=\"image\/jpeg\" \/>\n<meta name=\"twitter:card\" content=\"summary_large_image\" \/>\n<meta name=\"twitter:label1\" content=\"Est. reading time\" \/>\n\t<meta name=\"twitter:data1\" content=\"1 minute\" \/>\n<script type=\"application\/ld+json\" class=\"yoast-schema-graph\">{\"@context\":\"https:\/\/schema.org\",\"@graph\":[{\"@type\":\"WebPage\",\"@id\":\"https:\/\/eiaschum.ca\/produit\/le-systeme-de-la-sante-et-des-services-sociaux-au-quebec\/\",\"url\":\"https:\/\/eiaschum.ca\/produit\/le-systeme-de-la-sante-et-des-services-sociaux-au-quebec\/\",\"name\":\"\u00c9cole de l'intelligence artificielle en sant\u00e9 du CHUM | Formation\",\"isPartOf\":{\"@id\":\"https:\/\/eiaschum.ca\/#website\"},\"primaryImageOfPage\":{\"@id\":\"https:\/\/eiaschum.ca\/produit\/le-systeme-de-la-sante-et-des-services-sociaux-au-quebec\/#primaryimage\"},\"image\":{\"@id\":\"https:\/\/eiaschum.ca\/produit\/le-systeme-de-la-sante-et-des-services-sociaux-au-quebec\/#primaryimage\"},\"thumbnailUrl\":\"https:\/\/eiaschum.ca\/wp-content\/uploads\/2020\/08\/eias-chum-section-formation-sante-1000x1000-01.jpg\",\"datePublished\":\"2020-10-28T13:16:26+00:00\",\"dateModified\":\"2020-10-28T19:28:28+00:00\",\"breadcrumb\":{\"@id\":\"https:\/\/eiaschum.ca\/produit\/le-systeme-de-la-sante-et-des-services-sociaux-au-quebec\/#breadcrumb\"},\"inLanguage\":\"en-US\",\"potentialAction\":[{\"@type\":\"ReadAction\",\"target\":[\"https:\/\/eiaschum.ca\/produit\/le-systeme-de-la-sante-et-des-services-sociaux-au-quebec\/\"]}]},{\"@type\":\"ImageObject\",\"inLanguage\":\"en-US\",\"@id\":\"https:\/\/eiaschum.ca\/produit\/le-systeme-de-la-sante-et-des-services-sociaux-au-quebec\/#primaryimage\",\"url\":\"https:\/\/eiaschum.ca\/wp-content\/uploads\/2020\/08\/eias-chum-section-formation-sante-1000x1000-01.jpg\",\"contentUrl\":\"https:\/\/eiaschum.ca\/wp-content\/uploads\/2020\/08\/eias-chum-section-formation-sante-1000x1000-01.jpg\",\"width\":1000,\"height\":1000,\"caption\":\"\u00c9cole de l'intelligence artificielle en sant\u00e9 du CHUM\"},{\"@type\":\"BreadcrumbList\",\"@id\":\"https:\/\/eiaschum.ca\/produit\/le-systeme-de-la-sante-et-des-services-sociaux-au-quebec\/#breadcrumb\",\"itemListElement\":[{\"@type\":\"ListItem\",\"position\":1,\"name\":\"Accueil\",\"item\":\"https:\/\/eiaschum.ca\/en\/\"},{\"@type\":\"ListItem\",\"position\":2,\"name\":\"Formations\",\"item\":\"https:\/\/eiaschum.ca\/formations\/\"},{\"@type\":\"ListItem\",\"position\":3,\"name\":\"Le syst\u00e8me de la sant\u00e9 et des services sociaux au Qu\u00e9bec\"}]},{\"@type\":\"WebSite\",\"@id\":\"https:\/\/eiaschum.ca\/#website\",\"url\":\"https:\/\/eiaschum.ca\/\",\"name\":\"\u00c9cole de l&#039;intelligence artificielle en sant\u00e9\",\"description\":\"\u00c9cole de l&#039;intelligence artificielle en sant\u00e9\",\"potentialAction\":[{\"@type\":\"SearchAction\",\"target\":{\"@type\":\"EntryPoint\",\"urlTemplate\":\"https:\/\/eiaschum.ca\/?s={search_term_string}\"},\"query-input\":{\"@type\":\"PropertyValueSpecification\",\"valueRequired\":true,\"valueName\":\"search_term_string\"}}],\"inLanguage\":\"en-US\"}]}<\/script>\n<!-- \/ Yoast SEO plugin. -->","yoast_head_json":{"title":"\u00c9cole de l'intelligence artificielle en sant\u00e9 du CHUM | Formation","robots":{"index":"index","follow":"follow","max-snippet":"max-snippet:-1","max-image-preview":"max-image-preview:large","max-video-preview":"max-video-preview:-1"},"canonical":"https:\/\/eiaschum.ca\/produit\/le-systeme-de-la-sante-et-des-services-sociaux-au-quebec\/","og_locale":"en_US","og_type":"article","og_title":"\u00c9cole de l'intelligence artificielle en sant\u00e9 du CHUM | Formation","og_description":"Dur\u00e9e\u00a0: Plus de 6 heures","og_url":"https:\/\/eiaschum.ca\/produit\/le-systeme-de-la-sante-et-des-services-sociaux-au-quebec\/","og_site_name":"\u00c9cole de l&#039;intelligence artificielle en sant\u00e9","article_modified_time":"2020-10-28T19:28:28+00:00","og_image":[{"width":1000,"height":1000,"url":"https:\/\/eiaschum.ca\/wp-content\/uploads\/2020\/08\/eias-chum-section-formation-sante-1000x1000-01.jpg","type":"image\/jpeg"}],"twitter_card":"summary_large_image","twitter_misc":{"Est. reading time":"1 minute"},"schema":{"@context":"https:\/\/schema.org","@graph":[{"@type":"WebPage","@id":"https:\/\/eiaschum.ca\/produit\/le-systeme-de-la-sante-et-des-services-sociaux-au-quebec\/","url":"https:\/\/eiaschum.ca\/produit\/le-systeme-de-la-sante-et-des-services-sociaux-au-quebec\/","name":"\u00c9cole de l'intelligence artificielle en sant\u00e9 du CHUM | Formation","isPartOf":{"@id":"https:\/\/eiaschum.ca\/#website"},"primaryImageOfPage":{"@id":"https:\/\/eiaschum.ca\/produit\/le-systeme-de-la-sante-et-des-services-sociaux-au-quebec\/#primaryimage"},"image":{"@id":"https:\/\/eiaschum.ca\/produit\/le-systeme-de-la-sante-et-des-services-sociaux-au-quebec\/#primaryimage"},"thumbnailUrl":"https:\/\/eiaschum.ca\/wp-content\/uploads\/2020\/08\/eias-chum-section-formation-sante-1000x1000-01.jpg","datePublished":"2020-10-28T13:16:26+00:00","dateModified":"2020-10-28T19:28:28+00:00","breadcrumb":{"@id":"https:\/\/eiaschum.ca\/produit\/le-systeme-de-la-sante-et-des-services-sociaux-au-quebec\/#breadcrumb"},"inLanguage":"en-US","potentialAction":[{"@type":"ReadAction","target":["https:\/\/eiaschum.ca\/produit\/le-systeme-de-la-sante-et-des-services-sociaux-au-quebec\/"]}]},{"@type":"ImageObject","inLanguage":"en-US","@id":"https:\/\/eiaschum.ca\/produit\/le-systeme-de-la-sante-et-des-services-sociaux-au-quebec\/#primaryimage","url":"https:\/\/eiaschum.ca\/wp-content\/uploads\/2020\/08\/eias-chum-section-formation-sante-1000x1000-01.jpg","contentUrl":"https:\/\/eiaschum.ca\/wp-content\/uploads\/2020\/08\/eias-chum-section-formation-sante-1000x1000-01.jpg","width":1000,"height":1000,"caption":"\u00c9cole de l'intelligence artificielle en sant\u00e9 du CHUM"},{"@type":"BreadcrumbList","@id":"https:\/\/eiaschum.ca\/produit\/le-systeme-de-la-sante-et-des-services-sociaux-au-quebec\/#breadcrumb","itemListElement":[{"@type":"ListItem","position":1,"name":"Accueil","item":"https:\/\/eiaschum.ca\/en\/"},{"@type":"ListItem","position":2,"name":"Formations","item":"https:\/\/eiaschum.ca\/formations\/"},{"@type":"ListItem","position":3,"name":"Le syst\u00e8me de la sant\u00e9 et des services sociaux au Qu\u00e9bec"}]},{"@type":"WebSite","@id":"https:\/\/eiaschum.ca\/#website","url":"https:\/\/eiaschum.ca\/","name":"\u00c9cole de l&#039;intelligence artificielle en sant\u00e9","description":"\u00c9cole de l&#039;intelligence artificielle en sant\u00e9","potentialAction":[{"@type":"SearchAction","target":{"@type":"EntryPoint","urlTemplate":"https:\/\/eiaschum.ca\/?s={search_term_string}"},"query-input":{"@type":"PropertyValueSpecification","valueRequired":true,"valueName":"search_term_string"}}],"inLanguage":"en-US"}]}},"_links":{"self":[{"href":"https:\/\/eiaschum.ca\/en\/wp-json\/wp\/v2\/product\/7310","targetHints":{"allow":["GET"]}}],"collection":[{"href":"https:\/\/eiaschum.ca\/en\/wp-json\/wp\/v2\/product"}],"about":[{"href":"https:\/\/eiaschum.ca\/en\/wp-json\/wp\/v2\/types\/product"}],"wp:featuredmedia":[{"embeddable":true,"href":"https:\/\/eiaschum.ca\/en\/wp-json\/wp\/v2\/media\/7177"}],"wp:attachment":[{"href":"https:\/\/eiaschum.ca\/en\/wp-json\/wp\/v2\/media?parent=7310"}],"wp:term":[{"taxonomy":"product_brand","embeddable":true,"href":"https:\/\/eiaschum.ca\/en\/wp-json\/wp\/v2\/product_brand?post=7310"},{"taxonomy":"product_cat","embeddable":true,"href":"https:\/\/eiaschum.ca\/en\/wp-json\/wp\/v2\/product_cat?post=7310"},{"taxonomy":"product_tag","embeddable":true,"href":"https:\/\/eiaschum.ca\/en\/wp-json\/wp\/v2\/product_tag?post=7310"}],"curies":[{"name":"wp","href":"https:\/\/api.w.org\/{rel}","templated":true}]}}