{"id":7314,"date":"2020-10-28T14:44:12","date_gmt":"2020-10-28T14:44:12","guid":{"rendered":"https:\/\/eiaschum.ca\/?post_type=product&#038;p=7314"},"modified":"2020-10-28T19:25:57","modified_gmt":"2020-10-28T19:25:57","slug":"objectif-ia-initiez-vous-a-lintelligence-artificielle","status":"publish","type":"product","link":"https:\/\/eiaschum.ca\/en\/produit\/objectif-ia-initiez-vous-a-lintelligence-artificielle\/","title":{"rendered":"Objectif IA\u00a0: Initiez-vous \u00e0 l\u2019Intelligence artificielle"},"content":{"rendered":"<p>Bienvenue dans ce cours\u2009! <\/p>\n<p>L\u2019intelligence artificielle ou l\u2019IA, vous en entendez parler \u00e0 la radio, \u00e0 la t\u00e9l\u00e9vision, et Internet propose des centaines de vid\u00e9os et d\u2019articles sur cette th\u00e9matique. Avec autant de sources d\u2019information, pas facile de s\u2019approprier le sujet\u2009! <\/p>\n<p>Nous vous pr\u00e9sentons l\u2019intelligence artificielle de A \u00e0 Z, pour vous donner des cl\u00e9s de compr\u00e9hension et des pistes de r\u00e9flexion.<br \/>\nQu\u2019est-ce que l\u2019intelligence artificielle\u2009? Dans quelle mesure est-ce que nous interagissons avec elle dans notre vie quotidienne\u2009? Quels sont les d\u00e9fis et les opportunit\u00e9s associ\u00e9s \u00e0 cette r\u00e9volution\u2009?<\/p>\n<p>Dans ce cours, nous r\u00e9pondrons \u00e0 toutes ces questions. Dans un premier temps, vous en apprendrez plus sur ce que recouvre vraiment l\u2019intelligence artificielle. Vous identifierez ensuite les changements que l\u2019IA am\u00e8ne dans notre soci\u00e9t\u00e9. Enfin, vous rentrerez dans le fonctionnement d\u2019un projet d\u2019intelligence artificielle et des disciplines d\u2019IA les plus utilis\u00e9es\u00a0: le Machine Learning et le Deep Learning.<\/p>\n<p><a href=\"https:\/\/openclassrooms.com\/fr\/courses\/6417031-objectif-ia-initiez-vous-a-lintelligence-artificielle\" target=\"_blank\" rel=\"noopener noreferrer\">https:\/\/openclassrooms.com\/fr\/courses\/6417031-objectif-ia-initiez-vous-a-lintelligence-artificielle<\/a><\/p>\n","protected":false},"excerpt":{"rendered":"<p><a href=\"https:\/\/eiaschum.ca\/formations\/?swoof=1&#038;product_cat=0-3-heures\">Dur\u00e9e<\/a>\u00a0: 0-3 heures<br \/>\n<\/p>\n<div style=\"display: inline-block;\">\n<div style=\"float: left; margin-right: 10px;\">\n\t\t<img loading=\"lazy\" decoding=\"async\" src=\"https:\/\/eiaschum.ca\/wp-content\/uploads\/2020\/10\/eias-sujet-machine-learning-400x100-01.jpg\" width=\"200\" height=\"50\" \/>\n\t<\/div>\n<div style=\"float: left; margin-right: 10px;\">\n\t\t<img loading=\"lazy\" decoding=\"async\" src=\"https:\/\/eiaschum.ca\/wp-content\/uploads\/2020\/10\/eias-sujet-deep-learning-400x100-01.jpg\" width=\"200\" height=\"50\" \/>\n\t<\/div>\n<div style=\"float: left; padding-top: 10px;\">\n\t\t<img loading=\"lazy\" decoding=\"async\" src=\"https:\/\/eiaschum.ca\/wp-content\/uploads\/2020\/10\/eias-sujet-sciences-donnees-et-ia-data-science-ai-400x100-01.jpg\" width=\"200\" height=\"50\" \/>\n\t<\/div>\n<\/div>\n","protected":false},"featured_media":7214,"template":"","meta":[],"product_brand":[],"product_cat":[186,189,171,174,111,114,42,45,60,63,72,78,81,93],"product_tag":[],"class_list":{"0":"post-7314","1":"product","2":"type-product","3":"status-publish","4":"has-post-thumbnail","6":"product_cat-niveau-des-connaissances-prealables-requises-en-ia","7":"product_cat-aucune-connaissance-prealable-ia","8":"product_cat-niveau-des-connaissances-prealables-requises-en-sante","9":"product_cat-aucune-connaissance-prealable-sante","10":"product_cat-langue","11":"product_cat-francais","12":"product_cat-accessibilite","13":"product_cat-acces-gratuit","14":"product_cat-duree","15":"product_cat-0-3-heures","16":"product_cat-sujet","17":"product_cat-apprentissage-profond-deep-learning","18":"product_cat-apprentissage-automatique","19":"product_cat-science-des-donnees-et-ia","21":"first","22":"instock","23":"shipping-taxable","24":"product-type-simple"},"yoast_head":"<!-- This site is optimized with the Yoast SEO plugin v26.4 - https:\/\/yoast.com\/wordpress\/plugins\/seo\/ -->\n<title>\u00c9cole de l&#039;intelligence artificielle en sant\u00e9 du CHUM | Formation<\/title>\n<meta name=\"robots\" content=\"index, follow, max-snippet:-1, max-image-preview:large, max-video-preview:-1\" \/>\n<link rel=\"canonical\" href=\"https:\/\/eiaschum.ca\/produit\/objectif-ia-initiez-vous-a-lintelligence-artificielle\/\" \/>\n<meta property=\"og:locale\" content=\"en_US\" \/>\n<meta property=\"og:type\" content=\"article\" \/>\n<meta property=\"og:title\" content=\"\u00c9cole de l&#039;intelligence artificielle en sant\u00e9 du CHUM | Formation\" \/>\n<meta property=\"og:description\" content=\"Dur\u00e9e\u00a0: 0-3 heures\" \/>\n<meta property=\"og:url\" content=\"https:\/\/eiaschum.ca\/produit\/objectif-ia-initiez-vous-a-lintelligence-artificielle\/\" \/>\n<meta property=\"og:site_name\" content=\"\u00c9cole de l&#039;intelligence artificielle en sant\u00e9\" \/>\n<meta property=\"article:modified_time\" content=\"2020-10-28T19:25:57+00:00\" \/>\n<meta property=\"og:image\" content=\"https:\/\/eiaschum.ca\/wp-content\/uploads\/2020\/10\/eias-chum-section-formation-deep-learning-1000x1000-01.jpg\" \/>\n\t<meta property=\"og:image:width\" content=\"1000\" \/>\n\t<meta property=\"og:image:height\" content=\"1000\" \/>\n\t<meta property=\"og:image:type\" content=\"image\/jpeg\" \/>\n<meta name=\"twitter:card\" content=\"summary_large_image\" \/>\n<meta name=\"twitter:label1\" content=\"Est. reading time\" \/>\n\t<meta name=\"twitter:data1\" content=\"1 minute\" \/>\n<script type=\"application\/ld+json\" class=\"yoast-schema-graph\">{\"@context\":\"https:\/\/schema.org\",\"@graph\":[{\"@type\":\"WebPage\",\"@id\":\"https:\/\/eiaschum.ca\/produit\/objectif-ia-initiez-vous-a-lintelligence-artificielle\/\",\"url\":\"https:\/\/eiaschum.ca\/produit\/objectif-ia-initiez-vous-a-lintelligence-artificielle\/\",\"name\":\"\u00c9cole de l'intelligence artificielle en sant\u00e9 du CHUM | Formation\",\"isPartOf\":{\"@id\":\"https:\/\/eiaschum.ca\/#website\"},\"primaryImageOfPage\":{\"@id\":\"https:\/\/eiaschum.ca\/produit\/objectif-ia-initiez-vous-a-lintelligence-artificielle\/#primaryimage\"},\"image\":{\"@id\":\"https:\/\/eiaschum.ca\/produit\/objectif-ia-initiez-vous-a-lintelligence-artificielle\/#primaryimage\"},\"thumbnailUrl\":\"https:\/\/eiaschum.ca\/wp-content\/uploads\/2020\/10\/eias-chum-section-formation-deep-learning-1000x1000-01.jpg\",\"datePublished\":\"2020-10-28T14:44:12+00:00\",\"dateModified\":\"2020-10-28T19:25:57+00:00\",\"breadcrumb\":{\"@id\":\"https:\/\/eiaschum.ca\/produit\/objectif-ia-initiez-vous-a-lintelligence-artificielle\/#breadcrumb\"},\"inLanguage\":\"en-US\",\"potentialAction\":[{\"@type\":\"ReadAction\",\"target\":[\"https:\/\/eiaschum.ca\/produit\/objectif-ia-initiez-vous-a-lintelligence-artificielle\/\"]}]},{\"@type\":\"ImageObject\",\"inLanguage\":\"en-US\",\"@id\":\"https:\/\/eiaschum.ca\/produit\/objectif-ia-initiez-vous-a-lintelligence-artificielle\/#primaryimage\",\"url\":\"https:\/\/eiaschum.ca\/wp-content\/uploads\/2020\/10\/eias-chum-section-formation-deep-learning-1000x1000-01.jpg\",\"contentUrl\":\"https:\/\/eiaschum.ca\/wp-content\/uploads\/2020\/10\/eias-chum-section-formation-deep-learning-1000x1000-01.jpg\",\"width\":1000,\"height\":1000,\"caption\":\"\u00c9cole de l'intelligence artificielle en sant\u00e9 du CHUM\"},{\"@type\":\"BreadcrumbList\",\"@id\":\"https:\/\/eiaschum.ca\/produit\/objectif-ia-initiez-vous-a-lintelligence-artificielle\/#breadcrumb\",\"itemListElement\":[{\"@type\":\"ListItem\",\"position\":1,\"name\":\"Accueil\",\"item\":\"https:\/\/eiaschum.ca\/en\/\"},{\"@type\":\"ListItem\",\"position\":2,\"name\":\"Formations\",\"item\":\"https:\/\/eiaschum.ca\/formations\/\"},{\"@type\":\"ListItem\",\"position\":3,\"name\":\"Objectif IA\u00a0: Initiez-vous \u00e0 l\u2019Intelligence artificielle\"}]},{\"@type\":\"WebSite\",\"@id\":\"https:\/\/eiaschum.ca\/#website\",\"url\":\"https:\/\/eiaschum.ca\/\",\"name\":\"\u00c9cole de l&#039;intelligence artificielle en sant\u00e9\",\"description\":\"\u00c9cole de l&#039;intelligence artificielle en sant\u00e9\",\"potentialAction\":[{\"@type\":\"SearchAction\",\"target\":{\"@type\":\"EntryPoint\",\"urlTemplate\":\"https:\/\/eiaschum.ca\/?s={search_term_string}\"},\"query-input\":{\"@type\":\"PropertyValueSpecification\",\"valueRequired\":true,\"valueName\":\"search_term_string\"}}],\"inLanguage\":\"en-US\"}]}<\/script>\n<!-- \/ Yoast SEO plugin. -->","yoast_head_json":{"title":"\u00c9cole de l'intelligence artificielle en sant\u00e9 du CHUM | Formation","robots":{"index":"index","follow":"follow","max-snippet":"max-snippet:-1","max-image-preview":"max-image-preview:large","max-video-preview":"max-video-preview:-1"},"canonical":"https:\/\/eiaschum.ca\/produit\/objectif-ia-initiez-vous-a-lintelligence-artificielle\/","og_locale":"en_US","og_type":"article","og_title":"\u00c9cole de l'intelligence artificielle en sant\u00e9 du CHUM | Formation","og_description":"Dur\u00e9e\u00a0: 0-3 heures","og_url":"https:\/\/eiaschum.ca\/produit\/objectif-ia-initiez-vous-a-lintelligence-artificielle\/","og_site_name":"\u00c9cole de l&#039;intelligence artificielle en sant\u00e9","article_modified_time":"2020-10-28T19:25:57+00:00","og_image":[{"width":1000,"height":1000,"url":"https:\/\/eiaschum.ca\/wp-content\/uploads\/2020\/10\/eias-chum-section-formation-deep-learning-1000x1000-01.jpg","type":"image\/jpeg"}],"twitter_card":"summary_large_image","twitter_misc":{"Est. reading time":"1 minute"},"schema":{"@context":"https:\/\/schema.org","@graph":[{"@type":"WebPage","@id":"https:\/\/eiaschum.ca\/produit\/objectif-ia-initiez-vous-a-lintelligence-artificielle\/","url":"https:\/\/eiaschum.ca\/produit\/objectif-ia-initiez-vous-a-lintelligence-artificielle\/","name":"\u00c9cole de l'intelligence artificielle en sant\u00e9 du CHUM | Formation","isPartOf":{"@id":"https:\/\/eiaschum.ca\/#website"},"primaryImageOfPage":{"@id":"https:\/\/eiaschum.ca\/produit\/objectif-ia-initiez-vous-a-lintelligence-artificielle\/#primaryimage"},"image":{"@id":"https:\/\/eiaschum.ca\/produit\/objectif-ia-initiez-vous-a-lintelligence-artificielle\/#primaryimage"},"thumbnailUrl":"https:\/\/eiaschum.ca\/wp-content\/uploads\/2020\/10\/eias-chum-section-formation-deep-learning-1000x1000-01.jpg","datePublished":"2020-10-28T14:44:12+00:00","dateModified":"2020-10-28T19:25:57+00:00","breadcrumb":{"@id":"https:\/\/eiaschum.ca\/produit\/objectif-ia-initiez-vous-a-lintelligence-artificielle\/#breadcrumb"},"inLanguage":"en-US","potentialAction":[{"@type":"ReadAction","target":["https:\/\/eiaschum.ca\/produit\/objectif-ia-initiez-vous-a-lintelligence-artificielle\/"]}]},{"@type":"ImageObject","inLanguage":"en-US","@id":"https:\/\/eiaschum.ca\/produit\/objectif-ia-initiez-vous-a-lintelligence-artificielle\/#primaryimage","url":"https:\/\/eiaschum.ca\/wp-content\/uploads\/2020\/10\/eias-chum-section-formation-deep-learning-1000x1000-01.jpg","contentUrl":"https:\/\/eiaschum.ca\/wp-content\/uploads\/2020\/10\/eias-chum-section-formation-deep-learning-1000x1000-01.jpg","width":1000,"height":1000,"caption":"\u00c9cole de l'intelligence artificielle en sant\u00e9 du CHUM"},{"@type":"BreadcrumbList","@id":"https:\/\/eiaschum.ca\/produit\/objectif-ia-initiez-vous-a-lintelligence-artificielle\/#breadcrumb","itemListElement":[{"@type":"ListItem","position":1,"name":"Accueil","item":"https:\/\/eiaschum.ca\/en\/"},{"@type":"ListItem","position":2,"name":"Formations","item":"https:\/\/eiaschum.ca\/formations\/"},{"@type":"ListItem","position":3,"name":"Objectif IA\u00a0: Initiez-vous \u00e0 l\u2019Intelligence artificielle"}]},{"@type":"WebSite","@id":"https:\/\/eiaschum.ca\/#website","url":"https:\/\/eiaschum.ca\/","name":"\u00c9cole de l&#039;intelligence artificielle en sant\u00e9","description":"\u00c9cole de l&#039;intelligence artificielle en sant\u00e9","potentialAction":[{"@type":"SearchAction","target":{"@type":"EntryPoint","urlTemplate":"https:\/\/eiaschum.ca\/?s={search_term_string}"},"query-input":{"@type":"PropertyValueSpecification","valueRequired":true,"valueName":"search_term_string"}}],"inLanguage":"en-US"}]}},"_links":{"self":[{"href":"https:\/\/eiaschum.ca\/en\/wp-json\/wp\/v2\/product\/7314","targetHints":{"allow":["GET"]}}],"collection":[{"href":"https:\/\/eiaschum.ca\/en\/wp-json\/wp\/v2\/product"}],"about":[{"href":"https:\/\/eiaschum.ca\/en\/wp-json\/wp\/v2\/types\/product"}],"wp:featuredmedia":[{"embeddable":true,"href":"https:\/\/eiaschum.ca\/en\/wp-json\/wp\/v2\/media\/7214"}],"wp:attachment":[{"href":"https:\/\/eiaschum.ca\/en\/wp-json\/wp\/v2\/media?parent=7314"}],"wp:term":[{"taxonomy":"product_brand","embeddable":true,"href":"https:\/\/eiaschum.ca\/en\/wp-json\/wp\/v2\/product_brand?post=7314"},{"taxonomy":"product_cat","embeddable":true,"href":"https:\/\/eiaschum.ca\/en\/wp-json\/wp\/v2\/product_cat?post=7314"},{"taxonomy":"product_tag","embeddable":true,"href":"https:\/\/eiaschum.ca\/en\/wp-json\/wp\/v2\/product_tag?post=7314"}],"curies":[{"name":"wp","href":"https:\/\/api.w.org\/{rel}","templated":true}]}}