{"id":7318,"date":"2020-10-28T14:56:58","date_gmt":"2020-10-28T14:56:58","guid":{"rendered":"https:\/\/eiaschum.ca\/?post_type=product&#038;p=7318"},"modified":"2020-10-28T19:23:07","modified_gmt":"2020-10-28T19:23:07","slug":"comprendre-la-sante-publique-et-le-systeme-de-sante","status":"publish","type":"product","link":"https:\/\/eiaschum.ca\/en\/produit\/comprendre-la-sante-publique-et-le-systeme-de-sante\/","title":{"rendered":"Comprendre la sant\u00e9 publique et le syst\u00e8me de sant\u00e9"},"content":{"rendered":"<p>Ce MOOC, r\u00e9alis\u00e9 en fran\u00e7ais, consiste en un cycle d\u2019enseignement de 6 semaines. Il cherche \u00e0 r\u00e9pondre aux besoins des \u00e9tudiants et professionnels, fran\u00e7ais et internationaux, qui souhaitent conna\u00eetre les principes fondamentaux et les caract\u00e9ristiques de la sant\u00e9 publique et du syst\u00e8me de sant\u00e9 fran\u00e7ais.<\/p>\n<p>Ainsi, il se fixe quatre objectifs\u00a0:<\/p>\n<p>Con\u00e7u comme une \u00ab\u2009entr\u00e9e en mati\u00e8re\u2009\u00bb, le MOOC recouvre les principales questions de sant\u00e9 publique trait\u00e9es et analys\u00e9es par les \u00e9quipes interdisciplinaires et pluriprofessionnelles de l\u2019EHESP.<\/p>\n<p>Aussi, l\u2019environnement d\u2019apprentissage propos\u00e9 offrira un cycle d\u2019activit\u00e9s p\u00e9dagogiques sc\u00e9naris\u00e9es se nourrissant des m\u00e9thodes et savoirs de la recherche, des productions d\u2019expertise ainsi que d\u2019illustrations pragmatiques dans le champ de la sant\u00e9 publique. Les ressources seront anim\u00e9es sous diff\u00e9rentes modalit\u00e9s p\u00e9dagogiques\u00a0: travail personnel (individuel et collectif), \u00e9tudes de cas, expos\u00e9s, etc. Enfin, l\u2019acc\u00e8s \u00e0 l\u2019information est optimis\u00e9 par l\u2019utilisation de diff\u00e9rents supports multim\u00e9dias.<\/p>\n<p><a href=\"https:\/\/www.my-mooc.com\/en\/mooc\/comprendre-la-sante-publique-et-le-systeme-de-sante\/\" target=\"_blank\" rel=\"noopener noreferrer\">https:\/\/www.my-mooc.com\/en\/mooc\/comprendre-la-sante-publique-et-le-systeme-de-sante\/<\/a><\/p>\n","protected":false},"excerpt":{"rendered":"<p><a href=\"https:\/\/eiaschum.ca\/formations\/?swoof=1&#038;product_cat=plus-de-6-heures\">Dur\u00e9e<\/a>\u00a0: Plus de 6 heures<br \/>\n<br \/>\n<img loading=\"lazy\" decoding=\"async\" src=\"https:\/\/eiaschum.ca\/wp-content\/uploads\/2020\/10\/eias-sujet-sante-400x100-01.jpg\" width=\"200\" height=\"50\" \/><\/p>\n","protected":false},"featured_media":7177,"template":"","meta":[],"product_brand":[],"product_cat":[186,195,171,174,111,114,42,45,60,69,72,102],"product_tag":[],"class_list":{"0":"post-7318","1":"product","2":"type-product","3":"status-publish","4":"has-post-thumbnail","6":"product_cat-niveau-des-connaissances-prealables-requises-en-ia","7":"product_cat-connaissances-intermediaires-ia","8":"product_cat-niveau-des-connaissances-prealables-requises-en-sante","9":"product_cat-aucune-connaissance-prealable-sante","10":"product_cat-langue","11":"product_cat-francais","12":"product_cat-accessibilite","13":"product_cat-acces-gratuit","14":"product_cat-duree","15":"product_cat-plus-de-6-heures","16":"product_cat-sujet","17":"product_cat-sante","19":"first","20":"instock","21":"shipping-taxable","22":"product-type-simple"},"yoast_head":"<!-- This site is optimized with the Yoast SEO plugin v26.4 - https:\/\/yoast.com\/wordpress\/plugins\/seo\/ -->\n<title>\u00c9cole de l&#039;intelligence artificielle en sant\u00e9 du CHUM | Formation<\/title>\n<meta name=\"robots\" content=\"index, follow, max-snippet:-1, max-image-preview:large, max-video-preview:-1\" \/>\n<link rel=\"canonical\" href=\"https:\/\/eiaschum.ca\/produit\/comprendre-la-sante-publique-et-le-systeme-de-sante\/\" \/>\n<meta property=\"og:locale\" content=\"en_US\" \/>\n<meta property=\"og:type\" content=\"article\" \/>\n<meta property=\"og:title\" content=\"\u00c9cole de l&#039;intelligence artificielle en sant\u00e9 du CHUM | Formation\" \/>\n<meta property=\"og:description\" content=\"Dur\u00e9e\u00a0: Plus de 6 heures\" \/>\n<meta property=\"og:url\" content=\"https:\/\/eiaschum.ca\/produit\/comprendre-la-sante-publique-et-le-systeme-de-sante\/\" \/>\n<meta property=\"og:site_name\" content=\"\u00c9cole de l&#039;intelligence artificielle en sant\u00e9\" \/>\n<meta property=\"article:modified_time\" content=\"2020-10-28T19:23:07+00:00\" \/>\n<meta property=\"og:image\" content=\"https:\/\/eiaschum.ca\/wp-content\/uploads\/2020\/08\/eias-chum-section-formation-sante-1000x1000-01.jpg\" \/>\n\t<meta property=\"og:image:width\" content=\"1000\" \/>\n\t<meta property=\"og:image:height\" content=\"1000\" \/>\n\t<meta property=\"og:image:type\" content=\"image\/jpeg\" \/>\n<meta name=\"twitter:card\" content=\"summary_large_image\" \/>\n<meta name=\"twitter:label1\" content=\"Est. reading time\" \/>\n\t<meta name=\"twitter:data1\" content=\"1 minute\" \/>\n<script type=\"application\/ld+json\" class=\"yoast-schema-graph\">{\"@context\":\"https:\/\/schema.org\",\"@graph\":[{\"@type\":\"WebPage\",\"@id\":\"https:\/\/eiaschum.ca\/produit\/comprendre-la-sante-publique-et-le-systeme-de-sante\/\",\"url\":\"https:\/\/eiaschum.ca\/produit\/comprendre-la-sante-publique-et-le-systeme-de-sante\/\",\"name\":\"\u00c9cole de l'intelligence artificielle en sant\u00e9 du CHUM | Formation\",\"isPartOf\":{\"@id\":\"https:\/\/eiaschum.ca\/#website\"},\"primaryImageOfPage\":{\"@id\":\"https:\/\/eiaschum.ca\/produit\/comprendre-la-sante-publique-et-le-systeme-de-sante\/#primaryimage\"},\"image\":{\"@id\":\"https:\/\/eiaschum.ca\/produit\/comprendre-la-sante-publique-et-le-systeme-de-sante\/#primaryimage\"},\"thumbnailUrl\":\"https:\/\/eiaschum.ca\/wp-content\/uploads\/2020\/08\/eias-chum-section-formation-sante-1000x1000-01.jpg\",\"datePublished\":\"2020-10-28T14:56:58+00:00\",\"dateModified\":\"2020-10-28T19:23:07+00:00\",\"breadcrumb\":{\"@id\":\"https:\/\/eiaschum.ca\/produit\/comprendre-la-sante-publique-et-le-systeme-de-sante\/#breadcrumb\"},\"inLanguage\":\"en-US\",\"potentialAction\":[{\"@type\":\"ReadAction\",\"target\":[\"https:\/\/eiaschum.ca\/produit\/comprendre-la-sante-publique-et-le-systeme-de-sante\/\"]}]},{\"@type\":\"ImageObject\",\"inLanguage\":\"en-US\",\"@id\":\"https:\/\/eiaschum.ca\/produit\/comprendre-la-sante-publique-et-le-systeme-de-sante\/#primaryimage\",\"url\":\"https:\/\/eiaschum.ca\/wp-content\/uploads\/2020\/08\/eias-chum-section-formation-sante-1000x1000-01.jpg\",\"contentUrl\":\"https:\/\/eiaschum.ca\/wp-content\/uploads\/2020\/08\/eias-chum-section-formation-sante-1000x1000-01.jpg\",\"width\":1000,\"height\":1000,\"caption\":\"\u00c9cole de l'intelligence artificielle en sant\u00e9 du CHUM\"},{\"@type\":\"BreadcrumbList\",\"@id\":\"https:\/\/eiaschum.ca\/produit\/comprendre-la-sante-publique-et-le-systeme-de-sante\/#breadcrumb\",\"itemListElement\":[{\"@type\":\"ListItem\",\"position\":1,\"name\":\"Accueil\",\"item\":\"https:\/\/eiaschum.ca\/en\/\"},{\"@type\":\"ListItem\",\"position\":2,\"name\":\"Formations\",\"item\":\"https:\/\/eiaschum.ca\/formations\/\"},{\"@type\":\"ListItem\",\"position\":3,\"name\":\"Comprendre la sant\u00e9 publique et le syst\u00e8me de sant\u00e9\"}]},{\"@type\":\"WebSite\",\"@id\":\"https:\/\/eiaschum.ca\/#website\",\"url\":\"https:\/\/eiaschum.ca\/\",\"name\":\"\u00c9cole de l&#039;intelligence artificielle en sant\u00e9\",\"description\":\"\u00c9cole de l&#039;intelligence artificielle en sant\u00e9\",\"potentialAction\":[{\"@type\":\"SearchAction\",\"target\":{\"@type\":\"EntryPoint\",\"urlTemplate\":\"https:\/\/eiaschum.ca\/?s={search_term_string}\"},\"query-input\":{\"@type\":\"PropertyValueSpecification\",\"valueRequired\":true,\"valueName\":\"search_term_string\"}}],\"inLanguage\":\"en-US\"}]}<\/script>\n<!-- \/ Yoast SEO plugin. -->","yoast_head_json":{"title":"\u00c9cole de l'intelligence artificielle en sant\u00e9 du CHUM | Formation","robots":{"index":"index","follow":"follow","max-snippet":"max-snippet:-1","max-image-preview":"max-image-preview:large","max-video-preview":"max-video-preview:-1"},"canonical":"https:\/\/eiaschum.ca\/produit\/comprendre-la-sante-publique-et-le-systeme-de-sante\/","og_locale":"en_US","og_type":"article","og_title":"\u00c9cole de l'intelligence artificielle en sant\u00e9 du CHUM | Formation","og_description":"Dur\u00e9e\u00a0: Plus de 6 heures","og_url":"https:\/\/eiaschum.ca\/produit\/comprendre-la-sante-publique-et-le-systeme-de-sante\/","og_site_name":"\u00c9cole de l&#039;intelligence artificielle en sant\u00e9","article_modified_time":"2020-10-28T19:23:07+00:00","og_image":[{"width":1000,"height":1000,"url":"https:\/\/eiaschum.ca\/wp-content\/uploads\/2020\/08\/eias-chum-section-formation-sante-1000x1000-01.jpg","type":"image\/jpeg"}],"twitter_card":"summary_large_image","twitter_misc":{"Est. reading time":"1 minute"},"schema":{"@context":"https:\/\/schema.org","@graph":[{"@type":"WebPage","@id":"https:\/\/eiaschum.ca\/produit\/comprendre-la-sante-publique-et-le-systeme-de-sante\/","url":"https:\/\/eiaschum.ca\/produit\/comprendre-la-sante-publique-et-le-systeme-de-sante\/","name":"\u00c9cole de l'intelligence artificielle en sant\u00e9 du CHUM | Formation","isPartOf":{"@id":"https:\/\/eiaschum.ca\/#website"},"primaryImageOfPage":{"@id":"https:\/\/eiaschum.ca\/produit\/comprendre-la-sante-publique-et-le-systeme-de-sante\/#primaryimage"},"image":{"@id":"https:\/\/eiaschum.ca\/produit\/comprendre-la-sante-publique-et-le-systeme-de-sante\/#primaryimage"},"thumbnailUrl":"https:\/\/eiaschum.ca\/wp-content\/uploads\/2020\/08\/eias-chum-section-formation-sante-1000x1000-01.jpg","datePublished":"2020-10-28T14:56:58+00:00","dateModified":"2020-10-28T19:23:07+00:00","breadcrumb":{"@id":"https:\/\/eiaschum.ca\/produit\/comprendre-la-sante-publique-et-le-systeme-de-sante\/#breadcrumb"},"inLanguage":"en-US","potentialAction":[{"@type":"ReadAction","target":["https:\/\/eiaschum.ca\/produit\/comprendre-la-sante-publique-et-le-systeme-de-sante\/"]}]},{"@type":"ImageObject","inLanguage":"en-US","@id":"https:\/\/eiaschum.ca\/produit\/comprendre-la-sante-publique-et-le-systeme-de-sante\/#primaryimage","url":"https:\/\/eiaschum.ca\/wp-content\/uploads\/2020\/08\/eias-chum-section-formation-sante-1000x1000-01.jpg","contentUrl":"https:\/\/eiaschum.ca\/wp-content\/uploads\/2020\/08\/eias-chum-section-formation-sante-1000x1000-01.jpg","width":1000,"height":1000,"caption":"\u00c9cole de l'intelligence artificielle en sant\u00e9 du CHUM"},{"@type":"BreadcrumbList","@id":"https:\/\/eiaschum.ca\/produit\/comprendre-la-sante-publique-et-le-systeme-de-sante\/#breadcrumb","itemListElement":[{"@type":"ListItem","position":1,"name":"Accueil","item":"https:\/\/eiaschum.ca\/en\/"},{"@type":"ListItem","position":2,"name":"Formations","item":"https:\/\/eiaschum.ca\/formations\/"},{"@type":"ListItem","position":3,"name":"Comprendre la sant\u00e9 publique et le syst\u00e8me de sant\u00e9"}]},{"@type":"WebSite","@id":"https:\/\/eiaschum.ca\/#website","url":"https:\/\/eiaschum.ca\/","name":"\u00c9cole de l&#039;intelligence artificielle en sant\u00e9","description":"\u00c9cole de l&#039;intelligence artificielle en sant\u00e9","potentialAction":[{"@type":"SearchAction","target":{"@type":"EntryPoint","urlTemplate":"https:\/\/eiaschum.ca\/?s={search_term_string}"},"query-input":{"@type":"PropertyValueSpecification","valueRequired":true,"valueName":"search_term_string"}}],"inLanguage":"en-US"}]}},"_links":{"self":[{"href":"https:\/\/eiaschum.ca\/en\/wp-json\/wp\/v2\/product\/7318","targetHints":{"allow":["GET"]}}],"collection":[{"href":"https:\/\/eiaschum.ca\/en\/wp-json\/wp\/v2\/product"}],"about":[{"href":"https:\/\/eiaschum.ca\/en\/wp-json\/wp\/v2\/types\/product"}],"wp:featuredmedia":[{"embeddable":true,"href":"https:\/\/eiaschum.ca\/en\/wp-json\/wp\/v2\/media\/7177"}],"wp:attachment":[{"href":"https:\/\/eiaschum.ca\/en\/wp-json\/wp\/v2\/media?parent=7318"}],"wp:term":[{"taxonomy":"product_brand","embeddable":true,"href":"https:\/\/eiaschum.ca\/en\/wp-json\/wp\/v2\/product_brand?post=7318"},{"taxonomy":"product_cat","embeddable":true,"href":"https:\/\/eiaschum.ca\/en\/wp-json\/wp\/v2\/product_cat?post=7318"},{"taxonomy":"product_tag","embeddable":true,"href":"https:\/\/eiaschum.ca\/en\/wp-json\/wp\/v2\/product_tag?post=7318"}],"curies":[{"name":"wp","href":"https:\/\/api.w.org\/{rel}","templated":true}]}}