{"id":7335,"date":"2020-10-28T15:31:24","date_gmt":"2020-10-28T15:31:24","guid":{"rendered":"https:\/\/eiaschum.ca\/?post_type=product&#038;p=7335"},"modified":"2020-10-28T19:05:12","modified_gmt":"2020-10-28T19:05:12","slug":"performance-et-innovation-dans-les-services-de-sante-et-services-sociaux","status":"publish","type":"product","link":"https:\/\/eiaschum.ca\/en\/produit\/performance-et-innovation-dans-les-services-de-sante-et-services-sociaux\/","title":{"rendered":"Performance et innovation dans les services de sant\u00e9 et services sociaux"},"content":{"rendered":"<p><strong>PROFESSEURE RESPONSABLE<\/strong><br \/>\nSaliha Ziam<\/p>\n<p><strong>OBJECTIFS<\/strong><br \/>\nSe sensibiliser aux divers enjeux de la performance et de l\u2019innovation pour les services de sant\u00e9 et les services sociaux et \u00e0 la n\u00e9cessit\u00e9 d\u2019adopter un jugement critique face aux diff\u00e9rentes pratiques manag\u00e9riales qui d\u00e9coulent de la prise en compte de ses deux dimensions.<\/p>\n<p><strong>CONTENU<\/strong><br \/>\nCe cours traite des enjeux et des fondements th\u00e9oriques de la performance des services de sant\u00e9 et services sociaux; des indicateurs de mesure de la performance des services de sant\u00e9 et services sociaux; des d\u00e9terminants de l\u2019innovation dans les services de sant\u00e9 et services sociaux; des retomb\u00e9es de la recherche sur l\u2019innovation dans les services de sant\u00e9 et services sociaux; des acteurs impliqu\u00e9s dans le processus d\u2019innovation; des strat\u00e9gies de d\u00e9veloppement d\u2019une culture de l\u2019innovation.<\/p>\n<p><strong>MAT\u00c9RIEL DIDACTIQUE<\/strong><br \/>\nLe mat\u00e9riel didactique est accessible sur le site Web du cours.<\/p>\n<p><strong>MAT\u00c9RIEL EXP\u00c9DI\u00c9<\/strong><\/p>\n<p><strong>RENSEIGNEMENTS TECHNOLOGIQUES<\/strong><br \/>\nLe cours n\u00e9cessite un acc\u00e8s \u00e0 Internet, Acrobat Reader et un logiciel de traitement de texte (Word).<\/p>\n<p>Consultez l\u2019information sur le mat\u00e9riel informatique requis.<\/p>\n<p><strong>ENCADREMENT<\/strong><br \/>\nL\u2019encadrement est individualis\u00e9 et assur\u00e9 par une personne charg\u00e9e d\u2019encadrement. Les communications se font par t\u00e9l\u00e9phone ou par courriel.<\/p>\n<p><strong>\u00c9VALUATION<\/strong><br \/>\nL\u2019\u00e9valuation repose sur trois travaux (25\u00a0%, 25\u00a0% et 50\u00a0%).<\/p>\n<p><a href=\"https:\/\/www.teluq.ca\/site\/etudes\/offre\/cours\/TELUQ\/ADM%206404\/\" target=\"_blank\" rel=\"noopener noreferrer\">https:\/\/www.teluq.ca\/site\/etudes\/offre\/cours\/TELUQ\/ADM%206404\/<\/a><\/p>\n","protected":false},"excerpt":{"rendered":"<p><a href=\"https:\/\/eiaschum.ca\/formations\/?swoof=1&#038;product_cat=plus-de-6-heures\">Dur\u00e9e<\/a>\u00a0: Plus de 6 heures<br \/>\n<\/p>\n<div style=\"display: inline-block;\">\n<div style=\"float: left; margin-right: 10px;\">\n\t\t<img loading=\"lazy\" decoding=\"async\" src=\"https:\/\/eiaschum.ca\/wp-content\/uploads\/2020\/10\/eias-sujet-innovation-400x100-01.jpg\" width=\"200\" height=\"50\" \/>\n\t<\/div>\n<div style=\"float: left; \">\n\t\t<img loading=\"lazy\" decoding=\"async\" src=\"https:\/\/eiaschum.ca\/wp-content\/uploads\/2020\/10\/eias-sujet-sante-400x100-01.jpg\" width=\"200\" height=\"50\" \/>\n\t<\/div>\n<\/div>\n","protected":false},"featured_media":7177,"template":"","meta":[],"product_brand":[],"product_cat":[186,189,171,174,111,114,42,57,60,69,72,90,102],"product_tag":[],"class_list":{"0":"post-7335","1":"product","2":"type-product","3":"status-publish","4":"has-post-thumbnail","6":"product_cat-niveau-des-connaissances-prealables-requises-en-ia","7":"product_cat-aucune-connaissance-prealable-ia","8":"product_cat-niveau-des-connaissances-prealables-requises-en-sante","9":"product_cat-aucune-connaissance-prealable-sante","10":"product_cat-langue","11":"product_cat-francais","12":"product_cat-accessibilite","13":"product_cat-acces-payant-avec-certification","14":"product_cat-duree","15":"product_cat-plus-de-6-heures","16":"product_cat-sujet","17":"product_cat-innovation","18":"product_cat-sante","20":"first","21":"instock","22":"shipping-taxable","23":"product-type-simple"},"yoast_head":"<!-- This site is optimized with the Yoast SEO plugin v26.4 - https:\/\/yoast.com\/wordpress\/plugins\/seo\/ -->\n<title>\u00c9cole de l&#039;intelligence artificielle en sant\u00e9 du CHUM | Formation<\/title>\n<meta name=\"robots\" content=\"index, follow, max-snippet:-1, max-image-preview:large, max-video-preview:-1\" \/>\n<link rel=\"canonical\" href=\"https:\/\/eiaschum.ca\/produit\/performance-et-innovation-dans-les-services-de-sante-et-services-sociaux\/\" \/>\n<meta property=\"og:locale\" content=\"en_US\" \/>\n<meta property=\"og:type\" content=\"article\" \/>\n<meta property=\"og:title\" content=\"\u00c9cole de l&#039;intelligence artificielle en sant\u00e9 du CHUM | Formation\" \/>\n<meta property=\"og:description\" content=\"Dur\u00e9e\u00a0: Plus de 6 heures\" \/>\n<meta property=\"og:url\" content=\"https:\/\/eiaschum.ca\/produit\/performance-et-innovation-dans-les-services-de-sante-et-services-sociaux\/\" \/>\n<meta property=\"og:site_name\" content=\"\u00c9cole de l&#039;intelligence artificielle en sant\u00e9\" \/>\n<meta property=\"article:modified_time\" content=\"2020-10-28T19:05:12+00:00\" \/>\n<meta property=\"og:image\" content=\"https:\/\/eiaschum.ca\/wp-content\/uploads\/2020\/08\/eias-chum-section-formation-sante-1000x1000-01.jpg\" \/>\n\t<meta property=\"og:image:width\" content=\"1000\" \/>\n\t<meta property=\"og:image:height\" content=\"1000\" \/>\n\t<meta property=\"og:image:type\" content=\"image\/jpeg\" \/>\n<meta name=\"twitter:card\" content=\"summary_large_image\" \/>\n<meta name=\"twitter:label1\" content=\"Est. reading time\" \/>\n\t<meta name=\"twitter:data1\" content=\"1 minute\" \/>\n<script type=\"application\/ld+json\" class=\"yoast-schema-graph\">{\"@context\":\"https:\/\/schema.org\",\"@graph\":[{\"@type\":\"WebPage\",\"@id\":\"https:\/\/eiaschum.ca\/produit\/performance-et-innovation-dans-les-services-de-sante-et-services-sociaux\/\",\"url\":\"https:\/\/eiaschum.ca\/produit\/performance-et-innovation-dans-les-services-de-sante-et-services-sociaux\/\",\"name\":\"\u00c9cole de l'intelligence artificielle en sant\u00e9 du CHUM | Formation\",\"isPartOf\":{\"@id\":\"https:\/\/eiaschum.ca\/#website\"},\"primaryImageOfPage\":{\"@id\":\"https:\/\/eiaschum.ca\/produit\/performance-et-innovation-dans-les-services-de-sante-et-services-sociaux\/#primaryimage\"},\"image\":{\"@id\":\"https:\/\/eiaschum.ca\/produit\/performance-et-innovation-dans-les-services-de-sante-et-services-sociaux\/#primaryimage\"},\"thumbnailUrl\":\"https:\/\/eiaschum.ca\/wp-content\/uploads\/2020\/08\/eias-chum-section-formation-sante-1000x1000-01.jpg\",\"datePublished\":\"2020-10-28T15:31:24+00:00\",\"dateModified\":\"2020-10-28T19:05:12+00:00\",\"breadcrumb\":{\"@id\":\"https:\/\/eiaschum.ca\/produit\/performance-et-innovation-dans-les-services-de-sante-et-services-sociaux\/#breadcrumb\"},\"inLanguage\":\"en-US\",\"potentialAction\":[{\"@type\":\"ReadAction\",\"target\":[\"https:\/\/eiaschum.ca\/produit\/performance-et-innovation-dans-les-services-de-sante-et-services-sociaux\/\"]}]},{\"@type\":\"ImageObject\",\"inLanguage\":\"en-US\",\"@id\":\"https:\/\/eiaschum.ca\/produit\/performance-et-innovation-dans-les-services-de-sante-et-services-sociaux\/#primaryimage\",\"url\":\"https:\/\/eiaschum.ca\/wp-content\/uploads\/2020\/08\/eias-chum-section-formation-sante-1000x1000-01.jpg\",\"contentUrl\":\"https:\/\/eiaschum.ca\/wp-content\/uploads\/2020\/08\/eias-chum-section-formation-sante-1000x1000-01.jpg\",\"width\":1000,\"height\":1000,\"caption\":\"\u00c9cole de l'intelligence artificielle en sant\u00e9 du CHUM\"},{\"@type\":\"BreadcrumbList\",\"@id\":\"https:\/\/eiaschum.ca\/produit\/performance-et-innovation-dans-les-services-de-sante-et-services-sociaux\/#breadcrumb\",\"itemListElement\":[{\"@type\":\"ListItem\",\"position\":1,\"name\":\"Accueil\",\"item\":\"https:\/\/eiaschum.ca\/en\/\"},{\"@type\":\"ListItem\",\"position\":2,\"name\":\"Formations\",\"item\":\"https:\/\/eiaschum.ca\/formations\/\"},{\"@type\":\"ListItem\",\"position\":3,\"name\":\"Performance et innovation dans les services de sant\u00e9 et services sociaux\"}]},{\"@type\":\"WebSite\",\"@id\":\"https:\/\/eiaschum.ca\/#website\",\"url\":\"https:\/\/eiaschum.ca\/\",\"name\":\"\u00c9cole de l&#039;intelligence artificielle en sant\u00e9\",\"description\":\"\u00c9cole de l&#039;intelligence artificielle en sant\u00e9\",\"potentialAction\":[{\"@type\":\"SearchAction\",\"target\":{\"@type\":\"EntryPoint\",\"urlTemplate\":\"https:\/\/eiaschum.ca\/?s={search_term_string}\"},\"query-input\":{\"@type\":\"PropertyValueSpecification\",\"valueRequired\":true,\"valueName\":\"search_term_string\"}}],\"inLanguage\":\"en-US\"}]}<\/script>\n<!-- \/ Yoast SEO plugin. -->","yoast_head_json":{"title":"\u00c9cole de l'intelligence artificielle en sant\u00e9 du CHUM | Formation","robots":{"index":"index","follow":"follow","max-snippet":"max-snippet:-1","max-image-preview":"max-image-preview:large","max-video-preview":"max-video-preview:-1"},"canonical":"https:\/\/eiaschum.ca\/produit\/performance-et-innovation-dans-les-services-de-sante-et-services-sociaux\/","og_locale":"en_US","og_type":"article","og_title":"\u00c9cole de l'intelligence artificielle en sant\u00e9 du CHUM | Formation","og_description":"Dur\u00e9e\u00a0: Plus de 6 heures","og_url":"https:\/\/eiaschum.ca\/produit\/performance-et-innovation-dans-les-services-de-sante-et-services-sociaux\/","og_site_name":"\u00c9cole de l&#039;intelligence artificielle en sant\u00e9","article_modified_time":"2020-10-28T19:05:12+00:00","og_image":[{"width":1000,"height":1000,"url":"https:\/\/eiaschum.ca\/wp-content\/uploads\/2020\/08\/eias-chum-section-formation-sante-1000x1000-01.jpg","type":"image\/jpeg"}],"twitter_card":"summary_large_image","twitter_misc":{"Est. reading time":"1 minute"},"schema":{"@context":"https:\/\/schema.org","@graph":[{"@type":"WebPage","@id":"https:\/\/eiaschum.ca\/produit\/performance-et-innovation-dans-les-services-de-sante-et-services-sociaux\/","url":"https:\/\/eiaschum.ca\/produit\/performance-et-innovation-dans-les-services-de-sante-et-services-sociaux\/","name":"\u00c9cole de l'intelligence artificielle en sant\u00e9 du CHUM | Formation","isPartOf":{"@id":"https:\/\/eiaschum.ca\/#website"},"primaryImageOfPage":{"@id":"https:\/\/eiaschum.ca\/produit\/performance-et-innovation-dans-les-services-de-sante-et-services-sociaux\/#primaryimage"},"image":{"@id":"https:\/\/eiaschum.ca\/produit\/performance-et-innovation-dans-les-services-de-sante-et-services-sociaux\/#primaryimage"},"thumbnailUrl":"https:\/\/eiaschum.ca\/wp-content\/uploads\/2020\/08\/eias-chum-section-formation-sante-1000x1000-01.jpg","datePublished":"2020-10-28T15:31:24+00:00","dateModified":"2020-10-28T19:05:12+00:00","breadcrumb":{"@id":"https:\/\/eiaschum.ca\/produit\/performance-et-innovation-dans-les-services-de-sante-et-services-sociaux\/#breadcrumb"},"inLanguage":"en-US","potentialAction":[{"@type":"ReadAction","target":["https:\/\/eiaschum.ca\/produit\/performance-et-innovation-dans-les-services-de-sante-et-services-sociaux\/"]}]},{"@type":"ImageObject","inLanguage":"en-US","@id":"https:\/\/eiaschum.ca\/produit\/performance-et-innovation-dans-les-services-de-sante-et-services-sociaux\/#primaryimage","url":"https:\/\/eiaschum.ca\/wp-content\/uploads\/2020\/08\/eias-chum-section-formation-sante-1000x1000-01.jpg","contentUrl":"https:\/\/eiaschum.ca\/wp-content\/uploads\/2020\/08\/eias-chum-section-formation-sante-1000x1000-01.jpg","width":1000,"height":1000,"caption":"\u00c9cole de l'intelligence artificielle en sant\u00e9 du CHUM"},{"@type":"BreadcrumbList","@id":"https:\/\/eiaschum.ca\/produit\/performance-et-innovation-dans-les-services-de-sante-et-services-sociaux\/#breadcrumb","itemListElement":[{"@type":"ListItem","position":1,"name":"Accueil","item":"https:\/\/eiaschum.ca\/en\/"},{"@type":"ListItem","position":2,"name":"Formations","item":"https:\/\/eiaschum.ca\/formations\/"},{"@type":"ListItem","position":3,"name":"Performance et innovation dans les services de sant\u00e9 et services sociaux"}]},{"@type":"WebSite","@id":"https:\/\/eiaschum.ca\/#website","url":"https:\/\/eiaschum.ca\/","name":"\u00c9cole de l&#039;intelligence artificielle en sant\u00e9","description":"\u00c9cole de l&#039;intelligence artificielle en sant\u00e9","potentialAction":[{"@type":"SearchAction","target":{"@type":"EntryPoint","urlTemplate":"https:\/\/eiaschum.ca\/?s={search_term_string}"},"query-input":{"@type":"PropertyValueSpecification","valueRequired":true,"valueName":"search_term_string"}}],"inLanguage":"en-US"}]}},"_links":{"self":[{"href":"https:\/\/eiaschum.ca\/en\/wp-json\/wp\/v2\/product\/7335","targetHints":{"allow":["GET"]}}],"collection":[{"href":"https:\/\/eiaschum.ca\/en\/wp-json\/wp\/v2\/product"}],"about":[{"href":"https:\/\/eiaschum.ca\/en\/wp-json\/wp\/v2\/types\/product"}],"wp:featuredmedia":[{"embeddable":true,"href":"https:\/\/eiaschum.ca\/en\/wp-json\/wp\/v2\/media\/7177"}],"wp:attachment":[{"href":"https:\/\/eiaschum.ca\/en\/wp-json\/wp\/v2\/media?parent=7335"}],"wp:term":[{"taxonomy":"product_brand","embeddable":true,"href":"https:\/\/eiaschum.ca\/en\/wp-json\/wp\/v2\/product_brand?post=7335"},{"taxonomy":"product_cat","embeddable":true,"href":"https:\/\/eiaschum.ca\/en\/wp-json\/wp\/v2\/product_cat?post=7335"},{"taxonomy":"product_tag","embeddable":true,"href":"https:\/\/eiaschum.ca\/en\/wp-json\/wp\/v2\/product_tag?post=7335"}],"curies":[{"name":"wp","href":"https:\/\/api.w.org\/{rel}","templated":true}]}}