{"id":7605,"date":"2020-12-21T20:07:48","date_gmt":"2020-12-21T20:07:48","guid":{"rendered":"https:\/\/eiaschum.ca\/?post_type=product&#038;p=7605"},"modified":"2020-12-22T14:47:26","modified_gmt":"2020-12-22T14:47:26","slug":"bioinformatique-algorithmes-et-genomes","status":"publish","type":"product","link":"https:\/\/eiaschum.ca\/en\/produit\/bioinformatique-algorithmes-et-genomes\/","title":{"rendered":"Bioinformatique : algorithmes et g\u00e9nomes"},"content":{"rendered":"<p>Le MOOC Bioinformatique : algorithmes et g\u00e9nomes vous pr\u00e9sentera comment l\u2019informatique contribue \u00e0 l\u2019interpr\u00e9tation du \u00ab texte \u00bb des g\u00e9nomes. Les diff\u00e9rentes s\u00e9ances vous apporteront les connaissances n\u00e9cessaires \u00e0 la compr\u00e9hension des entit\u00e9s et processus biologiques impliqu\u00e9s dans la g\u00e9nomique et proposeront conjointement une introduction \u00e0 l\u2019algorithmique sur les s\u00e9quences de caract\u00e8res qui, dans ce contexte, repr\u00e9sentent l\u2019information g\u00e9n\u00e9tique.<\/p>\n<p>Ce cours abordera le codage et l\u2019exploitation par la cellule de l\u2019information g\u00e9n\u00e9tique, la pr\u00e9diction de g\u00e8nes, la comparaison de s\u00e9quences, la reconstruction d\u2019arbres phylog\u00e9n\u00e9tiques. Les algorithmes de base impliqu\u00e9s dans ces d\u00e9marches seront pr\u00e9sent\u00e9s. Ce cours s\u2019adresse \u00e0 toute personne souhaitant d\u00e9couvrir l\u2019analyse informatique de l\u2019information g\u00e9n\u00e9tique et acqu\u00e9rir les notions de base \u00e0 l\u2019interface de la g\u00e9nomique et de l\u2019algorithmique.<\/p>\n<p>INRIA<\/p>\n<p><a href=\"https:\/\/mooc-francophone.com\/cours\/mooc-bioinformatique\/\" target=\"_blank\" style=\"text-decoration: underline; font-weight: bold;\" rel=\"noopener\">https:\/\/mooc-francophone.com\/cours\/mooc-bioinformatique\/<\/a><\/p>\n","protected":false},"excerpt":{"rendered":"<p><a href=\"https:\/\/eiaschum.ca\/formations\/?swoof=1&#038;product_cat=plus-de-6-heures\">Dur\u00e9e<\/a>\u00a0: Plus de 6 heures<br \/>\n<\/p>\n<div style=\"display: inline-block;\">\n<div style=\"float: left; margin-right: 10px;\">\n\t\t<img loading=\"lazy\" decoding=\"async\" src=\"https:\/\/eiaschum.ca\/wp-content\/uploads\/2020\/12\/eias-sujet-genomique-400x100-01.jpg\" width=\"200\" height=\"50\" \/>\n\t<\/div>\n<div style=\"float: left; \">\n\t\t<img loading=\"lazy\" decoding=\"async\" src=\"https:\/\/eiaschum.ca\/wp-content\/uploads\/2020\/10\/eias-sujet-sante-400x100-01.jpg\" width=\"200\" height=\"50\" \/>\n\t<\/div>\n<\/div>\n","protected":false},"featured_media":7591,"template":"","meta":[],"product_brand":[],"product_cat":[186,195,171,180,111,114,42,48,60,69,72,102,199],"product_tag":[],"class_list":{"0":"post-7605","1":"product","2":"type-product","3":"status-publish","4":"has-post-thumbnail","6":"product_cat-niveau-des-connaissances-prealables-requises-en-ia","7":"product_cat-connaissances-intermediaires-ia","8":"product_cat-niveau-des-connaissances-prealables-requises-en-sante","9":"product_cat-connaissances-intermediaires-sante","10":"product_cat-langue","11":"product_cat-francais","12":"product_cat-accessibilite","13":"product_cat-acces-et-certification-gratuit","14":"product_cat-duree","15":"product_cat-plus-de-6-heures","16":"product_cat-sujet","17":"product_cat-sante","18":"product_cat-genomique","20":"first","21":"instock","22":"shipping-taxable","23":"product-type-simple"},"yoast_head":"<!-- This site is optimized with the Yoast SEO plugin v26.4 - https:\/\/yoast.com\/wordpress\/plugins\/seo\/ -->\n<title>\u00c9cole de l&#039;intelligence artificielle en sant\u00e9 du CHUM | Formation<\/title>\n<meta name=\"robots\" content=\"index, follow, max-snippet:-1, max-image-preview:large, max-video-preview:-1\" \/>\n<link rel=\"canonical\" href=\"https:\/\/eiaschum.ca\/produit\/bioinformatique-algorithmes-et-genomes\/\" \/>\n<meta property=\"og:locale\" content=\"en_US\" \/>\n<meta property=\"og:type\" content=\"article\" \/>\n<meta property=\"og:title\" content=\"\u00c9cole de l&#039;intelligence artificielle en sant\u00e9 du CHUM | Formation\" \/>\n<meta property=\"og:description\" content=\"Dur\u00e9e\u00a0: Plus de 6 heures\" \/>\n<meta property=\"og:url\" content=\"https:\/\/eiaschum.ca\/produit\/bioinformatique-algorithmes-et-genomes\/\" \/>\n<meta property=\"og:site_name\" content=\"\u00c9cole de l&#039;intelligence artificielle en sant\u00e9\" \/>\n<meta property=\"article:modified_time\" content=\"2020-12-22T14:47:26+00:00\" \/>\n<meta property=\"og:image\" content=\"https:\/\/eiaschum.ca\/wp-content\/uploads\/2020\/12\/eias-sujet-genomique-1000x1000-01.jpg\" \/>\n\t<meta property=\"og:image:width\" content=\"1000\" \/>\n\t<meta property=\"og:image:height\" content=\"1000\" \/>\n\t<meta property=\"og:image:type\" content=\"image\/jpeg\" \/>\n<meta name=\"twitter:card\" content=\"summary_large_image\" \/>\n<meta name=\"twitter:label1\" content=\"Est. reading time\" \/>\n\t<meta name=\"twitter:data1\" content=\"1 minute\" \/>\n<script type=\"application\/ld+json\" class=\"yoast-schema-graph\">{\"@context\":\"https:\/\/schema.org\",\"@graph\":[{\"@type\":\"WebPage\",\"@id\":\"https:\/\/eiaschum.ca\/produit\/bioinformatique-algorithmes-et-genomes\/\",\"url\":\"https:\/\/eiaschum.ca\/produit\/bioinformatique-algorithmes-et-genomes\/\",\"name\":\"\u00c9cole de l'intelligence artificielle en sant\u00e9 du CHUM | Formation\",\"isPartOf\":{\"@id\":\"https:\/\/eiaschum.ca\/#website\"},\"primaryImageOfPage\":{\"@id\":\"https:\/\/eiaschum.ca\/produit\/bioinformatique-algorithmes-et-genomes\/#primaryimage\"},\"image\":{\"@id\":\"https:\/\/eiaschum.ca\/produit\/bioinformatique-algorithmes-et-genomes\/#primaryimage\"},\"thumbnailUrl\":\"https:\/\/eiaschum.ca\/wp-content\/uploads\/2020\/12\/eias-sujet-genomique-1000x1000-01.jpg\",\"datePublished\":\"2020-12-21T20:07:48+00:00\",\"dateModified\":\"2020-12-22T14:47:26+00:00\",\"breadcrumb\":{\"@id\":\"https:\/\/eiaschum.ca\/produit\/bioinformatique-algorithmes-et-genomes\/#breadcrumb\"},\"inLanguage\":\"en-US\",\"potentialAction\":[{\"@type\":\"ReadAction\",\"target\":[\"https:\/\/eiaschum.ca\/produit\/bioinformatique-algorithmes-et-genomes\/\"]}]},{\"@type\":\"ImageObject\",\"inLanguage\":\"en-US\",\"@id\":\"https:\/\/eiaschum.ca\/produit\/bioinformatique-algorithmes-et-genomes\/#primaryimage\",\"url\":\"https:\/\/eiaschum.ca\/wp-content\/uploads\/2020\/12\/eias-sujet-genomique-1000x1000-01.jpg\",\"contentUrl\":\"https:\/\/eiaschum.ca\/wp-content\/uploads\/2020\/12\/eias-sujet-genomique-1000x1000-01.jpg\",\"width\":1000,\"height\":1000,\"caption\":\"EIAS - formation\"},{\"@type\":\"BreadcrumbList\",\"@id\":\"https:\/\/eiaschum.ca\/produit\/bioinformatique-algorithmes-et-genomes\/#breadcrumb\",\"itemListElement\":[{\"@type\":\"ListItem\",\"position\":1,\"name\":\"Accueil\",\"item\":\"https:\/\/eiaschum.ca\/en\/\"},{\"@type\":\"ListItem\",\"position\":2,\"name\":\"Formations\",\"item\":\"https:\/\/eiaschum.ca\/formations\/\"},{\"@type\":\"ListItem\",\"position\":3,\"name\":\"Bioinformatique : algorithmes et g\u00e9nomes\"}]},{\"@type\":\"WebSite\",\"@id\":\"https:\/\/eiaschum.ca\/#website\",\"url\":\"https:\/\/eiaschum.ca\/\",\"name\":\"\u00c9cole de l&#039;intelligence artificielle en sant\u00e9\",\"description\":\"\u00c9cole de l&#039;intelligence artificielle en sant\u00e9\",\"potentialAction\":[{\"@type\":\"SearchAction\",\"target\":{\"@type\":\"EntryPoint\",\"urlTemplate\":\"https:\/\/eiaschum.ca\/?s={search_term_string}\"},\"query-input\":{\"@type\":\"PropertyValueSpecification\",\"valueRequired\":true,\"valueName\":\"search_term_string\"}}],\"inLanguage\":\"en-US\"}]}<\/script>\n<!-- \/ Yoast SEO plugin. -->","yoast_head_json":{"title":"\u00c9cole de l'intelligence artificielle en sant\u00e9 du CHUM | Formation","robots":{"index":"index","follow":"follow","max-snippet":"max-snippet:-1","max-image-preview":"max-image-preview:large","max-video-preview":"max-video-preview:-1"},"canonical":"https:\/\/eiaschum.ca\/produit\/bioinformatique-algorithmes-et-genomes\/","og_locale":"en_US","og_type":"article","og_title":"\u00c9cole de l'intelligence artificielle en sant\u00e9 du CHUM | Formation","og_description":"Dur\u00e9e\u00a0: Plus de 6 heures","og_url":"https:\/\/eiaschum.ca\/produit\/bioinformatique-algorithmes-et-genomes\/","og_site_name":"\u00c9cole de l&#039;intelligence artificielle en sant\u00e9","article_modified_time":"2020-12-22T14:47:26+00:00","og_image":[{"width":1000,"height":1000,"url":"https:\/\/eiaschum.ca\/wp-content\/uploads\/2020\/12\/eias-sujet-genomique-1000x1000-01.jpg","type":"image\/jpeg"}],"twitter_card":"summary_large_image","twitter_misc":{"Est. reading time":"1 minute"},"schema":{"@context":"https:\/\/schema.org","@graph":[{"@type":"WebPage","@id":"https:\/\/eiaschum.ca\/produit\/bioinformatique-algorithmes-et-genomes\/","url":"https:\/\/eiaschum.ca\/produit\/bioinformatique-algorithmes-et-genomes\/","name":"\u00c9cole de l'intelligence artificielle en sant\u00e9 du CHUM | Formation","isPartOf":{"@id":"https:\/\/eiaschum.ca\/#website"},"primaryImageOfPage":{"@id":"https:\/\/eiaschum.ca\/produit\/bioinformatique-algorithmes-et-genomes\/#primaryimage"},"image":{"@id":"https:\/\/eiaschum.ca\/produit\/bioinformatique-algorithmes-et-genomes\/#primaryimage"},"thumbnailUrl":"https:\/\/eiaschum.ca\/wp-content\/uploads\/2020\/12\/eias-sujet-genomique-1000x1000-01.jpg","datePublished":"2020-12-21T20:07:48+00:00","dateModified":"2020-12-22T14:47:26+00:00","breadcrumb":{"@id":"https:\/\/eiaschum.ca\/produit\/bioinformatique-algorithmes-et-genomes\/#breadcrumb"},"inLanguage":"en-US","potentialAction":[{"@type":"ReadAction","target":["https:\/\/eiaschum.ca\/produit\/bioinformatique-algorithmes-et-genomes\/"]}]},{"@type":"ImageObject","inLanguage":"en-US","@id":"https:\/\/eiaschum.ca\/produit\/bioinformatique-algorithmes-et-genomes\/#primaryimage","url":"https:\/\/eiaschum.ca\/wp-content\/uploads\/2020\/12\/eias-sujet-genomique-1000x1000-01.jpg","contentUrl":"https:\/\/eiaschum.ca\/wp-content\/uploads\/2020\/12\/eias-sujet-genomique-1000x1000-01.jpg","width":1000,"height":1000,"caption":"EIAS - formation"},{"@type":"BreadcrumbList","@id":"https:\/\/eiaschum.ca\/produit\/bioinformatique-algorithmes-et-genomes\/#breadcrumb","itemListElement":[{"@type":"ListItem","position":1,"name":"Accueil","item":"https:\/\/eiaschum.ca\/en\/"},{"@type":"ListItem","position":2,"name":"Formations","item":"https:\/\/eiaschum.ca\/formations\/"},{"@type":"ListItem","position":3,"name":"Bioinformatique : algorithmes et g\u00e9nomes"}]},{"@type":"WebSite","@id":"https:\/\/eiaschum.ca\/#website","url":"https:\/\/eiaschum.ca\/","name":"\u00c9cole de l&#039;intelligence artificielle en sant\u00e9","description":"\u00c9cole de l&#039;intelligence artificielle en sant\u00e9","potentialAction":[{"@type":"SearchAction","target":{"@type":"EntryPoint","urlTemplate":"https:\/\/eiaschum.ca\/?s={search_term_string}"},"query-input":{"@type":"PropertyValueSpecification","valueRequired":true,"valueName":"search_term_string"}}],"inLanguage":"en-US"}]}},"_links":{"self":[{"href":"https:\/\/eiaschum.ca\/en\/wp-json\/wp\/v2\/product\/7605","targetHints":{"allow":["GET"]}}],"collection":[{"href":"https:\/\/eiaschum.ca\/en\/wp-json\/wp\/v2\/product"}],"about":[{"href":"https:\/\/eiaschum.ca\/en\/wp-json\/wp\/v2\/types\/product"}],"wp:featuredmedia":[{"embeddable":true,"href":"https:\/\/eiaschum.ca\/en\/wp-json\/wp\/v2\/media\/7591"}],"wp:attachment":[{"href":"https:\/\/eiaschum.ca\/en\/wp-json\/wp\/v2\/media?parent=7605"}],"wp:term":[{"taxonomy":"product_brand","embeddable":true,"href":"https:\/\/eiaschum.ca\/en\/wp-json\/wp\/v2\/product_brand?post=7605"},{"taxonomy":"product_cat","embeddable":true,"href":"https:\/\/eiaschum.ca\/en\/wp-json\/wp\/v2\/product_cat?post=7605"},{"taxonomy":"product_tag","embeddable":true,"href":"https:\/\/eiaschum.ca\/en\/wp-json\/wp\/v2\/product_tag?post=7605"}],"curies":[{"name":"wp","href":"https:\/\/api.w.org\/{rel}","templated":true}]}}